{"id":11023,"date":"2025-12-12T18:35:08","date_gmt":"2025-12-12T18:35:08","guid":{"rendered":"https:\/\/balticlocalize.com\/premium-teemade-tolkepaketid\/"},"modified":"2026-03-02T16:02:22","modified_gmt":"2026-03-02T16:02:22","slug":"premium-teemade-tolkepaketid","status":"publish","type":"page","link":"https:\/\/balticlocalize.com\/et\/premium-teemade-tolkepaketid\/","title":{"rendered":"Premium-teemade t\u00f5lkepaketid"},"content":{"rendered":"\t\t<div data-elementor-type=\"wp-page\" data-elementor-id=\"11023\" class=\"elementor elementor-11023 elementor-4340\" data-elementor-post-type=\"page\">\n\t\t\t\t<div class=\"elementor-element elementor-element-6318d62 e-flex e-con-boxed e-con e-parent\" data-id=\"6318d62\" data-element_type=\"container\" data-e-type=\"container\">\n\t\t\t\t\t<div class=\"e-con-inner\">\n\t\t\t\t<div class=\"elementor-element elementor-element-9985bf0 elementor-widget-divider--view-line elementor-widget elementor-widget-divider\" data-id=\"9985bf0\" data-element_type=\"widget\" data-e-type=\"widget\" data-widget_type=\"divider.default\">\n\t\t\t\t<div class=\"elementor-widget-container\">\n\t\t\t\t\t\t\t<div class=\"elementor-divider\">\n\t\t\t<span class=\"elementor-divider-separator\">\n\t\t\t\t\t\t<\/span>\n\t\t<\/div>\n\t\t\t\t\t\t<\/div>\n\t\t\t\t<\/div>\n\t\t\t\t<div class=\"elementor-element elementor-element-68c291d elementor-widget elementor-widget-heading\" data-id=\"68c291d\" data-element_type=\"widget\" data-e-type=\"widget\" data-widget_type=\"heading.default\">\n\t\t\t\t<div class=\"elementor-widget-container\">\n\t\t\t\t\t<h2 class=\"elementor-heading-title elementor-size-default\">Professionaalsed t\u00f5lkepaketid WordPressi teemadele<\/h2>\t\t\t\t<\/div>\n\t\t\t\t<\/div>\n\t\t\t\t\t<\/div>\n\t\t\t\t<\/div>\n\t\t<div class=\"elementor-element elementor-element-aa939e1 e-flex e-con-boxed e-con e-parent\" data-id=\"aa939e1\" data-element_type=\"container\" data-e-type=\"container\" data-settings=\"{&quot;background_background&quot;:&quot;classic&quot;}\">\n\t\t\t\t\t<div class=\"e-con-inner\">\n\t\t<div class=\"elementor-element elementor-element-3acd6e2 e-con-full e-flex e-con e-child\" data-id=\"3acd6e2\" data-element_type=\"container\" data-e-type=\"container\">\n\t\t<div class=\"elementor-element elementor-element-1ba29f1 e-con-full e-flex e-con e-child\" data-id=\"1ba29f1\" data-element_type=\"container\" data-e-type=\"container\">\n\t\t\t\t<div class=\"elementor-element elementor-element-ec792aa elementor-widget elementor-widget-image\" data-id=\"ec792aa\" data-element_type=\"widget\" data-e-type=\"widget\" data-widget_type=\"image.default\">\n\t\t\t\t<div class=\"elementor-widget-container\">\n\t\t\t\t\t\t\t\t\t\t\t\t\t\t\t<img fetchpriority=\"high\" decoding=\"async\" width=\"1024\" height=\"582\" src=\"https:\/\/balticlocalize.com\/wp-content\/uploads\/2025\/12\/wordpress-themes-translation-packs-astra-hello-theme-mobile-responsive-1024x582.png\" class=\"attachment-large size-large wp-image-11024\" alt=\"Kompiuterio ir telefono ekranai rodantys pilnai i\u0161verstas WordPress temas Astra Hello Elementor Matomi lietuvi\u0161ki latvi\u0161ki ir esti\u0161ki vartotojo s\u0105sajos tekstai \" srcset=\"https:\/\/balticlocalize.com\/wp-content\/uploads\/2025\/12\/wordpress-themes-translation-packs-astra-hello-theme-mobile-responsive-1024x582.png 1024w, https:\/\/balticlocalize.com\/wp-content\/uploads\/2025\/12\/wordpress-themes-translation-packs-astra-hello-theme-mobile-responsive-300x171.png 300w, https:\/\/balticlocalize.com\/wp-content\/uploads\/2025\/12\/wordpress-themes-translation-packs-astra-hello-theme-mobile-responsive-768x437.png 768w, https:\/\/balticlocalize.com\/wp-content\/uploads\/2025\/12\/wordpress-themes-translation-packs-astra-hello-theme-mobile-responsive.png 1071w\" sizes=\"(max-width: 1024px) 100vw, 1024px\" title=\"wordpressthemestranslationpacksastrahellothememobileresponsive  BalticLocalize\" \/>\t\t\t\t\t\t\t\t\t\t\t\t\t\t\t<\/div>\n\t\t\t\t<\/div>\n\t\t\t\t<div class=\"elementor-element elementor-element-a5a5090 elementor-widget elementor-widget-heading\" data-id=\"a5a5090\" data-element_type=\"widget\" data-e-type=\"widget\" data-widget_type=\"heading.default\">\n\t\t\t\t<div class=\"elementor-widget-container\">\n\t\t\t\t\t<h2 class=\"elementor-heading-title elementor-size-default\">Andke oma WordPressi teemale professionaalne lihv. Kasutamiseks valmis. <\/h2>\t\t\t\t<\/div>\n\t\t\t\t<\/div>\n\t\t\t\t<div class=\"elementor-element elementor-element-027494b elementor-widget-divider--view-line elementor-widget elementor-widget-divider\" data-id=\"027494b\" data-element_type=\"widget\" data-e-type=\"widget\" data-widget_type=\"divider.default\">\n\t\t\t\t<div class=\"elementor-widget-container\">\n\t\t\t\t\t\t\t<div class=\"elementor-divider\">\n\t\t\t<span class=\"elementor-divider-separator\">\n\t\t\t\t\t\t<\/span>\n\t\t<\/div>\n\t\t\t\t\t\t<\/div>\n\t\t\t\t<\/div>\n\t\t\t\t<div class=\"elementor-element elementor-element-0238c61 elementor-widget elementor-widget-text-editor\" data-id=\"0238c61\" data-element_type=\"widget\" data-e-type=\"widget\" data-widget_type=\"text-editor.default\">\n\t\t\t\t<div class=\"elementor-widget-container\">\n\t\t\t\t\t\t\t\t\t<p data-path-to-node=\"5,2\">T\u00f5stke oma professionaalsete projektide taset <b data-path-to-node=\"5,2\" data-index-in-node=\"40\">Premium-t\u00f5lkefailidega.<\/b><\/p><p style=\"text-align: center;\" data-path-to-node=\"5,3\"><b data-path-to-node=\"5,3\" data-index-in-node=\"0\">Laadi kohe alla. 30-p\u00e4evane raha tagasi garantii. <\/b><\/p>\t\t\t\t\t\t\t\t<\/div>\n\t\t\t\t<\/div>\n\t\t\t\t<\/div>\n\t\t\t\t<\/div>\n\t\t<div class=\"elementor-element elementor-element-dd22372 e-con-full e-flex e-con e-child\" data-id=\"dd22372\" data-element_type=\"container\" data-e-type=\"container\">\n\t\t\t\t<div class=\"elementor-element elementor-element-52a98fd elementor-widget elementor-widget-text-editor\" data-id=\"52a98fd\" data-element_type=\"widget\" data-e-type=\"widget\" data-widget_type=\"text-editor.default\">\n\t\t\t\t<div class=\"elementor-widget-container\">\n\t\t\t\t\t\t\t\t\t<p data-path-to-node=\"8,0\">\u00c4rge laske t\u00f5lkimata ingliskeelsetel terminitel oma veebilehe kasutajakogemust rikkuda. <b data-path-to-node=\"8,0\" data-index-in-node=\"91\">Siit leiate t\u00e4ielikud lokaliseerimisfailid maailma k\u00f5ige populaarsematele teemadele.<\/b> <\/p><p data-path-to-node=\"8,1\"><b data-path-to-node=\"8,1\" data-index-in-node=\"0\">Esilet\u00f5stetud pakett: Astra teema (k\u00f5rgekvaliteediline t\u00f5lge).<\/b> Teemad on mahukad. Tavalisel teemal, nagu Astra, on \u00fcle 3500 tekstirea. K\u00e4sitsi t\u00f5lkimine v\u00f5taks teil umbes 50 tundi t\u00fc\u00fctut t\u00f6\u00f6d \u2013 minu kasutusvalmis paketiga s\u00e4\u00e4state selle aja koheselt.  <\/p><p data-path-to-node=\"8,2\"><b data-path-to-node=\"8,2\" data-index-in-node=\"0\">Miks valida Premium-t\u00f5lkefailid?<\/b><\/p><ul data-path-to-node=\"8,3\"><li><p data-path-to-node=\"8,3,0,0\">\u2705 <b data-path-to-node=\"8,3,0,0\" data-index-in-node=\"2\">100% esiliidese (Front-end) kaetus:<\/b> iga nupp ja kasutajale suunatud teade on t\u00e4ielikult t\u00f5lgitud.<\/p><\/li><li><p data-path-to-node=\"8,3,1,0\">\u2705<b data-path-to-node=\"8,3,1,0\" data-index-in-node=\"2\"> SEO-optimeeritud:<\/b> kasutan \u00f5iget terminoloogiat, mida otsingumootorid m\u00f5istavad.<\/p><\/li><li><p data-path-to-node=\"8,3,2,0\">\u2705 <b data-path-to-node=\"8,3,2,0\" data-index-in-node=\"2\">Tehniline kvaliteet:<\/b> k\u00f5ik failid on kontrollitud ja t\u00e4ielikult \u00fchilduvad <b data-path-to-node=\"8,3,2,0\" data-index-in-node=\"76\">tarkvara uusimate versioonidega.<\/b><\/p><\/li><\/ul>\t\t\t\t\t\t\t\t<\/div>\n\t\t\t\t<\/div>\n\t\t\t\t<\/div>\n\t\t\t\t\t<\/div>\n\t\t\t\t<\/div>\n\t\t<div class=\"elementor-element elementor-element-a456395 e-flex e-con-boxed e-con e-parent\" data-id=\"a456395\" data-element_type=\"container\" data-e-type=\"container\" data-settings=\"{&quot;background_background&quot;:&quot;classic&quot;}\">\n\t\t\t\t\t<div class=\"e-con-inner\">\n\t\t<div class=\"elementor-element elementor-element-9f5476c e-con-full e-flex e-con e-child\" data-id=\"9f5476c\" data-element_type=\"container\" data-e-type=\"container\">\n\t\t\t\t<div class=\"elementor-element elementor-element-ac34794 elementor-widget-divider--view-line elementor-widget elementor-widget-divider\" data-id=\"ac34794\" data-element_type=\"widget\" data-e-type=\"widget\" data-widget_type=\"divider.default\">\n\t\t\t\t<div class=\"elementor-widget-container\">\n\t\t\t\t\t\t\t<div class=\"elementor-divider\">\n\t\t\t<span class=\"elementor-divider-separator\">\n\t\t\t\t\t\t<\/span>\n\t\t<\/div>\n\t\t\t\t\t\t<\/div>\n\t\t\t\t<\/div>\n\t\t\t\t<div class=\"elementor-element elementor-element-f5fdc10 elementor-widget elementor-widget-heading\" data-id=\"f5fdc10\" data-element_type=\"widget\" data-e-type=\"widget\" data-widget_type=\"heading.default\">\n\t\t\t\t<div class=\"elementor-widget-container\">\n\t\t\t\t\t<h3 class=\"elementor-heading-title elementor-size-default\">Leia oma teema t\u00f5lge<\/h3>\t\t\t\t<\/div>\n\t\t\t\t<\/div>\n\t\t\t\t<\/div>\n\t\t\t\t\t<\/div>\n\t\t\t\t<\/div>\n\t\t<div class=\"elementor-element elementor-element-0bb1a66 e-flex e-con-boxed e-con e-parent\" data-id=\"0bb1a66\" data-element_type=\"container\" data-e-type=\"container\" data-settings=\"{&quot;background_background&quot;:&quot;classic&quot;}\">\n\t\t\t\t\t<div class=\"e-con-inner\">\n\t\t\t\t<div class=\"elementor-element elementor-element-c345cef elementor-widget elementor-widget-shortcode\" data-id=\"c345cef\" data-element_type=\"widget\" data-e-type=\"widget\" data-widget_type=\"shortcode.default\">\n\t\t\t\t<div class=\"elementor-widget-container\">\n\t\t\t\t\t\t\t<div class=\"elementor-shortcode\">\n\t\t<div class=\"edd_downloads_list edd_download_columns_3 \">\n\n\t\t\t\n\t\t\t\n<div class=\"edd_download align-center box-shadow-0 box-shadow-0-hover\" id=\"edd_download_11606\">\n\n\t<div class=\"edd_download_inner\">\n\n\t\t\t<div class=\"edd_download_image\">\n\t\t<a href=\"https:\/\/balticlocalize.com\/et\/downloads\/astra-theme-lietuviskai-balticlocalize\/\">\n\t\t\t<img decoding=\"async\" width=\"150\" height=\"150\" src=\"https:\/\/balticlocalize.com\/wp-content\/uploads\/2025\/12\/balticlocalize-astra-theme-vertimas-lietuviskai-box-150x150.png\" class=\"attachment-thumbnail size-thumbnail wp-post-image\" alt=\"Astra Theme lietuvi\u0161kas vertimas \u2013 Premium 3D pakuot\u0117 su Lietuvos v\u0117liava\" \/>\t\t<\/a>\n\t<\/div>\n<h3 class=\"edd_download_title\"><a href=\"https:\/\/balticlocalize.com\/et\/downloads\/astra-theme-lietuviskai-balticlocalize\/\">Astra Theme \u2013 leedu keele t\u00f5lge<\/a><\/h3>\n\n<div class=\"edd_download_excerpt\">\n\t<style>\n.blat-mini-btn-cart{display:block;background:linear-gradient(135deg,#7C3AED,#5b21b6);color:#ffffff !important;padding:11px 16px;border-radius:8px;font-size:13px;font-weight:700;text-decoration:none;margin-bottom:8px;transition:transform 0.2s ease,box-shadow 0.2s ease,background 0.2s ease;animation:blat-mini-pulse 2.5s ease-in-out infinite}\n.blat-mini-btn-cart:hover{transform:translateY(-2px);box-shadow:0 6px 18px rgba(124,58,237,0.4);background:linear-gradient(135deg,#5b21b6,#4c1d95);color:#ffffff !important;animation:none}\n.blat-mini-btn-cart:visited{color:#ffffff !important}\n.blat-mini-btn-desc{display:block;background:#f5f3ff;color:#7C3AED;padding:9px 16px;border-radius:8px;font-size:12px;font-weight:600;text-decoration:none;border:1px solid #ddd6fe;transition:background 0.2s ease,border-color 0.2s ease}\n.blat-mini-btn-desc:hover{background:#ede9fe;border-color:#7C3AED}\n@keyframes blat-mini-pulse{0%,100%{box-shadow:0 0 0 0 rgba(124,58,237,0.35)}50%{box-shadow:0 0 0 6px rgba(124,58,237,0)}}\n<\/style>\n<div style=\"font-family:-apple-system,BlinkMacSystemFont,'Segoe UI',sans-serif;max-width:320px;margin:0 auto;border-radius:14px;overflow:hidden;box-shadow:0 8px 24px rgba(124,58,237,0.15);border:1px solid #ddd6fe;\">\n<div style=\"background:linear-gradient(135deg,#7C3AED,#5b21b6);padding:18px 20px;text-align:center;\">\n<div style=\"font-size:10px;color:rgba(255,255,255,0.7);text-transform:uppercase;letter-spacing:1.5px;margin-bottom:6px;\">\ud83c\udf10 WordPress teema<\/div>\n<div style=\"font-size:17px;font-weight:800;color:#ffffff;line-height:1.3;\">Astra Theme \u2013 leedu keele t\u00f5lge<\/div>\n<div style=\"font-size:10px;color:rgba(255,255,255,0.65);margin-top:4px;letter-spacing:0.5px;\">3 400+ rida \u00b7 Saidi skelett LT<\/div>\n<\/p>\n<\/div>\n<div style=\"background:#ffffff;padding:18px 20px;text-align:center;\">\n<div style=\"font-size:28px;font-weight:900;color:#5b21b6;margin-bottom:4px;\">49 \u20ac<\/div>\n<div style=\"font-size:11px;color:#64748b;margin-bottom:16px;\">\u00dchekordne makse \u00b7 30 p. garantii<\/div>\n<p>    <a class=\"blat-mini-btn-cart\" href=\"https:\/\/balticlocalize.com\/et\/kassa\/?edd_action=add_to_cart&#038;download_id=11606\">\ud83d\uded2 Lisa korvi \u00b7 49 \u20ac<\/a><br \/>\n    <a class=\"blat-mini-btn-desc\" href=\"https:\/\/balticlocalize.com\/et\/downloads\/astra-theme-lietuviskai-balticlocalize\/\">\ud83d\udcd6 Vaata kirjeldust \u2192<\/a>\n  <\/div>\n<\/div>\n<\/div>\n<div class=\"edd_download_buy_button\">\n\t\t<form id=\"edd_purchase_11606\" class=\"edd_download_purchase_form edd_purchase_11606\" method=\"post\">\n\n\t\t\n\t\t<div class=\"edd_purchase_submit_wrapper\">\n\t\t\t<button class=\"edd-add-to-cart button has-edd-button-background-color has-edd-button-text-color edd-submit\" data-nonce=\"02da9d867b\" data-timestamp=\"1778677132\" data-token=\"0118d3da27ff6cf6670245ab42d6dfcc23947ef85d15e1051fd64336a7c6ec90\" data-action=\"edd_add_to_cart\" data-download-id=\"11606\" data-variable-price=\"no\" data-price-mode=single data-price=\"49.00\" ><span class=\"edd-add-to-cart-label\">49,00&euro;&nbsp;&ndash;&nbsp;Purchase<\/span> <span class=\"edd-loading\" aria-label=\"Loading\"><\/span><\/button><input type=\"submit\" class=\"edd-add-to-cart edd-no-js button has-edd-button-background-color has-edd-button-text-color edd-submit\" name=\"edd_purchase_download\" value=\"49,00&euro;&nbsp;&ndash;&nbsp;Purchase\" data-action=\"edd_add_to_cart\" data-download-id=\"11606\" data-variable-price=\"no\" data-price-mode=single \/><a href=\"https:\/\/balticlocalize.com\/et\/kassa\/\" class=\"edd_go_to_checkout button has-edd-button-background-color has-edd-button-text-color edd-submit\" style=\"display:none;\">Kassa<\/a>\n\t\t\t\t\t\t\t<span class=\"edd-cart-ajax-alert\" aria-live=\"assertive\">\n\t\t\t\t\t<span class=\"edd-cart-added-alert\" style=\"display: none;\">\n\t\t\t\t\t\t<svg class=\"edd-icon edd-icon-check\" xmlns=\"http:\/\/www.w3.org\/2000\/svg\" width=\"28\" height=\"28\" viewBox=\"0 0 28 28\" aria-hidden=\"true\">\n\t\t\t\t\t\t\t<path d=\"M26.11 8.844c0 .39-.157.78-.44 1.062L12.234 23.344c-.28.28-.672.438-1.062.438s-.78-.156-1.06-.438l-7.782-7.78c-.28-.282-.438-.673-.438-1.063s.156-.78.438-1.06l2.125-2.126c.28-.28.672-.438 1.062-.438s.78.156 1.062.438l4.594 4.61L21.42 5.656c.282-.28.673-.438 1.063-.438s.78.155 1.062.437l2.125 2.125c.28.28.438.672.438 1.062z\"\/>\n\t\t\t\t\t\t<\/svg>\n\t\t\t\t\t\tLisatud ostukorvi\t\t\t\t\t<\/span>\n\t\t\t\t<\/span>\n\t\t\t\t\t\t\t\t\t\t\t\t\t\t\t<\/div><!--end .edd_purchase_submit_wrapper-->\n\n\t\t<input type=\"hidden\" name=\"download_id\" value=\"11606\">\n\t\t\t\t\t\t\t<input type=\"hidden\" name=\"edd_action\" class=\"edd_action_input\" value=\"add_to_cart\">\n\t\t\n\t\t\t\t\t<input type=\"hidden\" name=\"edd_redirect_to_checkout\" value=\"1\">\n\t\t\n\t\t\n\t<\/form><!--end #edd_purchase_11606-->\n\t<\/div>\n\n\t<\/div>\n\n<\/div>\n\n\t\t\t\n\t\t\t\n\t\t<\/div>\n\n\t\t<\/div>\n\t\t\t\t\t\t<\/div>\n\t\t\t\t<\/div>\n\t\t\t\t\t<\/div>\n\t\t\t\t<\/div>\n\t\t\t\t<\/div>\n\t\t","protected":false},"excerpt":{"rendered":"<p>Professionaalsed t\u00f5lkepaketid WordPressi teemadele Andke oma WordPressi teemale professionaalne lihv. Kasutamiseks valmis. T\u00f5stke oma professionaalsete projektide taset Premium-t\u00f5lkefailidega. Laadi kohe alla. 30-p\u00e4evane raha tagasi garantii. \u00c4rge laske t\u00f5lkimata ingliskeelsetel terminitel oma veebilehe kasutajakogemust rikkuda. Siit leiate t\u00e4ielikud lokaliseerimisfailid maailma k\u00f5ige populaarsematele teemadele. Esilet\u00f5stetud pakett: Astra teema (k\u00f5rgekvaliteediline t\u00f5lge). Teemad on mahukad. Tavalisel teemal, nagu Astra, on \u00fcle 3500 tekstirea. K\u00e4sitsi t\u00f5lkimine v\u00f5taks teil umbes 50 tundi t\u00fc\u00fctut t\u00f6\u00f6d \u2013 minu kasutusvalmis paketiga s\u00e4\u00e4state selle aja koheselt. Miks valida Premium-t\u00f5lkefailid? \u2705 100% esiliidese (Front-end) kaetus: iga nupp ja kasutajale suunatud teade on t\u00e4ielikult t\u00f5lgitud. \u2705 SEO-optimeeritud: kasutan \u00f5iget terminoloogiat, mida otsingumootorid m\u00f5istavad. \u2705 Tehniline kvaliteet: k\u00f5ik failid on kontrollitud ja t\u00e4ielikult \u00fchilduvad tarkvara uusimate versioonidega. Leia oma teema t\u00f5lge<\/p>\n","protected":false},"author":1,"featured_media":0,"parent":0,"menu_order":0,"comment_status":"closed","ping_status":"closed","template":"","meta":{"site-sidebar-layout":"no-sidebar","site-content-layout":"page-builder","ast-site-content-layout":"full-width-container","site-content-style":"default","site-sidebar-style":"default","ast-global-header-display":"","ast-banner-title-visibility":"","ast-main-header-display":"","ast-hfb-above-header-display":"","ast-hfb-below-header-display":"","ast-hfb-mobile-header-display":"","site-post-title":"disabled","ast-breadcrumbs-content":"","ast-featured-img":"disabled","footer-sml-layout":"","ast-disable-related-posts":"","theme-transparent-header-meta":"","adv-header-id-meta":"","stick-header-meta":"","header-above-stick-meta":"","header-main-stick-meta":"","header-below-stick-meta":"","astra-migrate-meta-layouts":"default","ast-page-background-enabled":"default","ast-page-background-meta":{"desktop":{"background-color":"var(--ast-global-color-4)","background-image":"","background-repeat":"repeat","background-position":"center center","background-size":"auto","background-attachment":"scroll","background-type":"","background-media":"","overlay-type":"","overlay-color":"","overlay-opacity":"","overlay-gradient":""},"tablet":{"background-color":"","background-image":"","background-repeat":"repeat","background-position":"center center","background-size":"auto","background-attachment":"scroll","background-type":"","background-media":"","overlay-type":"","overlay-color":"","overlay-opacity":"","overlay-gradient":""},"mobile":{"background-color":"","background-image":"","background-repeat":"repeat","background-position":"center center","background-size":"auto","background-attachment":"scroll","background-type":"","background-media":"","overlay-type":"","overlay-color":"","overlay-opacity":"","overlay-gradient":""}},"ast-content-background-meta":{"desktop":{"background-color":"var(--ast-global-color-5)","background-image":"","background-repeat":"repeat","background-position":"center center","background-size":"auto","background-attachment":"scroll","background-type":"","background-media":"","overlay-type":"","overlay-color":"","overlay-opacity":"","overlay-gradient":""},"tablet":{"background-color":"var(--ast-global-color-5)","background-image":"","background-repeat":"repeat","background-position":"center center","background-size":"auto","background-attachment":"scroll","background-type":"","background-media":"","overlay-type":"","overlay-color":"","overlay-opacity":"","overlay-gradient":""},"mobile":{"background-color":"var(--ast-global-color-5)","background-image":"","background-repeat":"repeat","background-position":"center center","background-size":"auto","background-attachment":"scroll","background-type":"","background-media":"","overlay-type":"","overlay-color":"","overlay-opacity":"","overlay-gradient":""}},"footnotes":""},"class_list":["post-11023","page","type-page","status-publish","hentry"],"aioseo_notices":[],"_hostinger_reach_plugin_has_subscription_block":false,"_hostinger_reach_plugin_is_elementor":false,"_links":{"self":[{"href":"https:\/\/balticlocalize.com\/et\/wp-json\/wp\/v2\/pages\/11023","targetHints":{"allow":["GET"]}}],"collection":[{"href":"https:\/\/balticlocalize.com\/et\/wp-json\/wp\/v2\/pages"}],"about":[{"href":"https:\/\/balticlocalize.com\/et\/wp-json\/wp\/v2\/types\/page"}],"author":[{"embeddable":true,"href":"https:\/\/balticlocalize.com\/et\/wp-json\/wp\/v2\/users\/1"}],"replies":[{"embeddable":true,"href":"https:\/\/balticlocalize.com\/et\/wp-json\/wp\/v2\/comments?post=11023"}],"version-history":[{"count":1,"href":"https:\/\/balticlocalize.com\/et\/wp-json\/wp\/v2\/pages\/11023\/revisions"}],"predecessor-version":[{"id":11029,"href":"https:\/\/balticlocalize.com\/et\/wp-json\/wp\/v2\/pages\/11023\/revisions\/11029"}],"wp:attachment":[{"href":"https:\/\/balticlocalize.com\/et\/wp-json\/wp\/v2\/media?parent=11023"}],"curies":[{"name":"wp","href":"https:\/\/api.w.org\/{rel}","templated":true}]}}