{"id":11033,"date":"2026-01-08T10:52:36","date_gmt":"2026-01-08T10:52:36","guid":{"rendered":"https:\/\/balticlocalize.com\/soovitatav-majutus\/"},"modified":"2026-03-02T16:14:27","modified_gmt":"2026-03-02T16:14:27","slug":"soovitatav-majutus","status":"publish","type":"page","link":"https:\/\/balticlocalize.com\/et\/soovitatav-majutus\/","title":{"rendered":"Soovitatav majutus"},"content":{"rendered":"\t\t<div data-elementor-type=\"wp-page\" data-elementor-id=\"11033\" class=\"elementor elementor-11033 elementor-6653\" data-elementor-post-type=\"page\">\n\t\t\t\t<div class=\"elementor-element elementor-element-e8379f4 e-flex e-con-boxed e-con e-parent\" data-id=\"e8379f4\" data-element_type=\"container\" data-e-type=\"container\">\n\t\t\t\t\t<div class=\"e-con-inner\">\n\t\t\t\t<div class=\"elementor-element elementor-element-049e377 elementor-widget elementor-widget-heading\" data-id=\"049e377\" data-element_type=\"widget\" data-e-type=\"widget\" data-widget_type=\"heading.default\">\n\t\t\t\t<div class=\"elementor-widget-container\">\n\t\t\t\t\t<h2 class=\"elementor-heading-title elementor-size-default\">Ainus majutus, mida oma klientidele soovitan<\/h2>\t\t\t\t<\/div>\n\t\t\t\t<\/div>\n\t\t\t\t\t<\/div>\n\t\t\t\t<\/div>\n\t\t<div class=\"elementor-element elementor-element-e2b293e e-flex e-con-boxed e-con e-parent\" data-id=\"e2b293e\" data-element_type=\"container\" data-e-type=\"container\">\n\t\t\t\t\t<div class=\"e-con-inner\">\n\t\t\t\t\t<\/div>\n\t\t\t\t<\/div>\n\t\t<div class=\"elementor-element elementor-element-bd26e1e e-flex e-con-boxed e-con e-parent\" data-id=\"bd26e1e\" data-element_type=\"container\" data-e-type=\"container\">\n\t\t\t\t\t<div class=\"e-con-inner\">\n\t\t\t\t<div class=\"elementor-element elementor-element-b688378 elementor-widget elementor-widget-html\" data-id=\"b688378\" data-element_type=\"widget\" data-e-type=\"widget\" data-widget_type=\"html.default\">\n\t\t\t\t<div class=\"elementor-widget-container\">\n\t\t\t\t\t<div class=\"hostinger-container\">\r\n  <div class=\"hostinger-header\">\r\n    <h2 style=\"margin: 0; font-weight: 800; line-height: 1.2;\">\ud83d\ude80<span style=\"color: #ffffff;\">Minu valik nr 1: Hostinger<\/span><\/h2>\r\n    <p style=\"margin: 8px 0 0; opacity: 0.95; font-size: 15px;\">Professionaalne algus teie ettev\u00f5ttele ilma tehniliste peavaludeta<\/p>\r\n  <\/div>\r\n  \r\n  <div class=\"hostinger-content\">\r\n    <div>\r\n      <p style=\"font-size: 14px; color: #4a5568; margin-top: 0; margin-bottom: 15px; line-height: 1.5;\">\r\n \u00c4rge tehke tavalist viga, valides aeglast majutust. See pakett tagab, et teie veebisait (ja minu t\u00f5lkepaketid) t\u00f6\u00f6tab t\u00e4iuslikult esimesest p\u00e4evast peale. \r\n      <\/p>\r\n      \r\n      <h3 style=\"color: #2d3748; margin-top: 0; margin-bottom: 20px; font-size: 18px; font-weight: bold;\">Miks valida see kohe?<\/h3>\r\n      <ul class=\"hostinger-list\">\r\n        <li><span class=\"check-icon\">\u2705<strong>LiteSpeed Cache<\/strong> (v\u00e4lkkiire laadimine)<\/span><\/li>\r\n        <li><span class=\"check-icon\">\u2705<\/span> Tasuta domeen ja <strong>SSL-sertifikaat<\/strong><\/li>\r\n        <li><span class=\"check-icon\">\u2705<\/span><strong> \u00d6\u00f6p\u00e4evaringne tugi<\/strong> (inglise\/emakeelne)<\/li>\r\n        <li>\ud83d\udee1\ufe0f <span class=\"check-icon\"><strong>30-p\u00e4evane raha tagasi garantii<\/strong><\/span><\/li>\r\n      <\/ul>\r\n      <p style=\"font-size: 13px; color: #718096; margin-top: 15px; font-style: italic;\">\u201eNeed on serverid, kus ma oma ja klientide projektidele meelerahu ning kiiruse tagamiseks majutust pakun.\u201c<\/p>\r\n    <\/div>\r\n\r\n    <div class=\"hostinger-box\">\r\n      <p style=\"color: #e53e3e; font-weight: bold; font-size: 12px; text-transform: uppercase; margin-bottom: 10px; letter-spacing: 1px; margin-top: 0;\">\ud83d\udd25 Eripartneri pakkumine<\/p>\r\n      \r\n      <div style=\"font-size: 32px; font-weight: 800; color: #2d3748; margin-bottom: 5px; line-height: 1;\">-20% SOODSAMALT<\/div>\r\n      <p style=\"font-size: 13px; color: #718096; margin-bottom: 20px; margin-top: 5px;\">Kehtib lisaks tavahindadele<\/p>\r\n      \r\n      <a class=\"cta-button\" href=\"https:\/\/hostinger.lt?REFERRALCODE=1YDRNAS51\" target=\"_blank\" rel=\"noopener\">\r\n Aktiveeri soodustus kohe \u2192\r\n      <\/a>\r\n      <p style=\"font-size: 11px; color: #a0aec0; margin-top: 15px; margin-bottom: 0;\">*Link applies best price automatically<\/p>\r\n    <\/div>\r\n  <\/div>\r\n<\/div>\t\t\t\t<\/div>\n\t\t\t\t<\/div>\n\t\t\t\t\t<\/div>\n\t\t\t\t<\/div>\n\t\t\t\t<\/div>\n\t\t","protected":false},"excerpt":{"rendered":"<p>Ainus majutus, mida oma klientidele soovitan \ud83d\ude80Minu valik nr 1: Hostinger Professionaalne algus teie ettev\u00f5ttele ilma tehniliste peavaludeta \u00c4rge tehke tavalist viga, valides aeglast majutust. See pakett tagab, et teie veebisait (ja minu t\u00f5lkepaketid) t\u00f6\u00f6tab t\u00e4iuslikult esimesest p\u00e4evast peale. Miks valida see kohe? \u2705LiteSpeed Cache (v\u00e4lkkiire laadimine) \u2705 Tasuta domeen ja SSL-sertifikaat \u2705 \u00d6\u00f6p\u00e4evaringne tugi (inglise\/emakeelne) \ud83d\udee1\ufe0f 30-p\u00e4evane raha tagasi garantii \u201eNeed on serverid, kus ma oma ja klientide projektidele meelerahu ning kiiruse tagamiseks majutust pakun.\u201c \ud83d\udd25 Eripartneri pakkumine -20% SOODSAMALT Kehtib lisaks tavahindadele Aktiveeri soodustus kohe \u2192 *Link applies best price automatically<\/p>\n","protected":false},"author":1,"featured_media":0,"parent":0,"menu_order":0,"comment_status":"closed","ping_status":"closed","template":"","meta":{"site-sidebar-layout":"no-sidebar","site-content-layout":"page-builder","ast-site-content-layout":"full-width-container","site-content-style":"default","site-sidebar-style":"default","ast-global-header-display":"","ast-banner-title-visibility":"","ast-main-header-display":"","ast-hfb-above-header-display":"","ast-hfb-below-header-display":"","ast-hfb-mobile-header-display":"","site-post-title":"disabled","ast-breadcrumbs-content":"","ast-featured-img":"disabled","footer-sml-layout":"","ast-disable-related-posts":"","theme-transparent-header-meta":"","adv-header-id-meta":"","stick-header-meta":"","header-above-stick-meta":"","header-main-stick-meta":"","header-below-stick-meta":"","astra-migrate-meta-layouts":"default","ast-page-background-enabled":"default","ast-page-background-meta":{"desktop":{"background-color":"var(--ast-global-color-4)","background-image":"","background-repeat":"repeat","background-position":"center center","background-size":"auto","background-attachment":"scroll","background-type":"","background-media":"","overlay-type":"","overlay-color":"","overlay-opacity":"","overlay-gradient":""},"tablet":{"background-color":"","background-image":"","background-repeat":"repeat","background-position":"center center","background-size":"auto","background-attachment":"scroll","background-type":"","background-media":"","overlay-type":"","overlay-color":"","overlay-opacity":"","overlay-gradient":""},"mobile":{"background-color":"","background-image":"","background-repeat":"repeat","background-position":"center center","background-size":"auto","background-attachment":"scroll","background-type":"","background-media":"","overlay-type":"","overlay-color":"","overlay-opacity":"","overlay-gradient":""}},"ast-content-background-meta":{"desktop":{"background-color":"var(--ast-global-color-5)","background-image":"","background-repeat":"repeat","background-position":"center center","background-size":"auto","background-attachment":"scroll","background-type":"","background-media":"","overlay-type":"","overlay-color":"","overlay-opacity":"","overlay-gradient":""},"tablet":{"background-color":"var(--ast-global-color-5)","background-image":"","background-repeat":"repeat","background-position":"center center","background-size":"auto","background-attachment":"scroll","background-type":"","background-media":"","overlay-type":"","overlay-color":"","overlay-opacity":"","overlay-gradient":""},"mobile":{"background-color":"var(--ast-global-color-5)","background-image":"","background-repeat":"repeat","background-position":"center center","background-size":"auto","background-attachment":"scroll","background-type":"","background-media":"","overlay-type":"","overlay-color":"","overlay-opacity":"","overlay-gradient":""}},"footnotes":""},"class_list":["post-11033","page","type-page","status-publish","hentry"],"aioseo_notices":[],"_hostinger_reach_plugin_has_subscription_block":false,"_hostinger_reach_plugin_is_elementor":false,"_links":{"self":[{"href":"https:\/\/balticlocalize.com\/et\/wp-json\/wp\/v2\/pages\/11033","targetHints":{"allow":["GET"]}}],"collection":[{"href":"https:\/\/balticlocalize.com\/et\/wp-json\/wp\/v2\/pages"}],"about":[{"href":"https:\/\/balticlocalize.com\/et\/wp-json\/wp\/v2\/types\/page"}],"author":[{"embeddable":true,"href":"https:\/\/balticlocalize.com\/et\/wp-json\/wp\/v2\/users\/1"}],"replies":[{"embeddable":true,"href":"https:\/\/balticlocalize.com\/et\/wp-json\/wp\/v2\/comments?post=11033"}],"version-history":[{"count":1,"href":"https:\/\/balticlocalize.com\/et\/wp-json\/wp\/v2\/pages\/11033\/revisions"}],"predecessor-version":[{"id":11034,"href":"https:\/\/balticlocalize.com\/et\/wp-json\/wp\/v2\/pages\/11033\/revisions\/11034"}],"wp:attachment":[{"href":"https:\/\/balticlocalize.com\/et\/wp-json\/wp\/v2\/media?parent=11033"}],"curies":[{"name":"wp","href":"https:\/\/api.w.org\/{rel}","templated":true}]}}