{"id":7693,"date":"2025-11-14T13:33:26","date_gmt":"2025-11-14T13:33:26","guid":{"rendered":"https:\/\/balticlocalize.com\/apmokejimas\/"},"modified":"2026-03-20T22:13:30","modified_gmt":"2026-03-20T22:13:30","slug":"apmokejimas","status":"publish","type":"page","link":"https:\/\/balticlocalize.com\/lt\/apmokejimas\/","title":{"rendered":"Apmok\u0117jimas"},"content":{"rendered":"\t\t<div data-elementor-type=\"wp-page\" data-elementor-id=\"7693\" class=\"elementor elementor-7693 elementor-1350\" data-elementor-post-type=\"page\">\n\t\t\t\t<div class=\"elementor-element elementor-element-f3cfee3 e-flex e-con-boxed e-con e-parent\" data-id=\"f3cfee3\" data-element_type=\"container\" data-e-type=\"container\" data-settings=\"{&quot;background_background&quot;:&quot;classic&quot;,&quot;shape_divider_top&quot;:&quot;zigzag&quot;}\">\n\t\t\t\t\t<div class=\"e-con-inner\">\n\t\t\t\t<div class=\"elementor-shape elementor-shape-top\" aria-hidden=\"true\" data-negative=\"false\">\n\t\t\t<svg xmlns=\"http:\/\/www.w3.org\/2000\/svg\" viewBox=\"0 0 1800 5.8\" preserveAspectRatio=\"none\">\n  <path class=\"elementor-shape-fill\" d=\"M5.4.4l5.4 5.3L16.5.4l5.4 5.3L27.5.4 33 5.7 38.6.4l5.5 5.4h.1L49.9.4l5.4 5.3L60.9.4l5.5 5.3L72 .4l5.5 5.3L83.1.4l5.4 5.3L94.1.4l5.5 5.4h.2l5.6-5.4 5.5 5.3 5.6-5.3 5.4 5.3 5.6-5.3 5.5 5.3 5.6-5.3 5.5 5.4h.2l5.6-5.4 5.4 5.3L161 .4l5.4 5.3L172 .4l5.5 5.3 5.6-5.3 5.4 5.3 5.7-5.3 5.4 5.4h.2l5.6-5.4 5.5 5.3 5.6-5.3 5.5 5.3 5.6-5.3 5.4 5.3 5.6-5.3 5.5 5.4h.2l5.6-5.4 5.5 5.3L261 .4l5.4 5.3L272 .4l5.5 5.3 5.6-5.3 5.5 5.3 5.6-5.3 5.5 5.4h.1l5.7-5.4 5.4 5.3 5.6-5.3 5.5 5.3 5.6-5.3 5.4 5.3 5.7-5.3 5.4 5.4h.2l5.6-5.4 5.5 5.3L361 .4l5.5 5.3 5.6-5.3 5.4 5.3 5.6-5.3 5.5 5.3 5.6-5.3 5.5 5.4h.1l5.7-5.4 5.4 5.3 5.6-5.3 5.5 5.3 5.6-5.3 5.5 5.3 5.6-5.3 5.5 5.4h.1l5.6-5.4 5.5 5.3L461 .4l5.5 5.3 5.6-5.3 5.4 5.3 5.7-5.3 5.4 5.3 5.6-5.3 5.5 5.4h.2l5.6-5.4 5.5 5.3 5.6-5.3 5.4 5.3 5.6-5.3 5.5 5.3 5.6-5.3 5.5 5.4h.1L550 .4l5.4 5.3L561 .4l5.5 5.3 5.6-5.3 5.5 5.3 5.6-5.3 5.4 5.3 5.6-5.3 5.5 5.4h.2l5.6-5.4 5.5 5.3 5.6-5.3 5.4 5.3 5.7-5.3 5.4 5.3 5.6-5.3 5.5 5.4h.2L650 .4l5.5 5.3 5.6-5.3 5.4 5.3 5.6-5.3 5.5 5.3 5.6-5.3 5.5 5.3 5.6-5.3 5.4 5.4h.2l5.6-5.4 5.5 5.3 5.6-5.3 5.5 5.3 5.6-5.3 5.4 5.3 5.6-5.3 5.5 5.4h.2L750 .4l5.5 5.3 5.6-5.3 5.4 5.3 5.7-5.3 5.4 5.3 5.6-5.3 5.5 5.3 5.6-5.3 5.5 5.4h.1l5.7-5.4 5.4 5.3 5.6-5.3 5.5 5.3 5.6-5.3 5.5 5.3 5.6-5.3 5.4 5.4h.2L850 .4l5.5 5.3 5.6-5.3 5.5 5.3 5.6-5.3 5.4 5.3 5.6-5.3 5.5 5.3 5.6-5.3 5.5 5.4h.2l5.6-5.4 5.4 5.3 5.7-5.3 5.4 5.3 5.6-5.3 5.5 5.3 5.6-5.3 5.5 5.4h.1l5.7-5.4 5.4 5.3 5.6-5.3 5.5 5.3 5.6-5.3 5.5 5.3 5.6-5.3 5.4 5.3 5.6-5.3 5.5 5.4h.2l5.6-5.4 5.5 5.3 5.6-5.3 5.4 5.3 5.6-5.3 5.5 5.3 5.6-5.3 5.5 5.4h.2l5.6-5.4 5.4 5.3 5.7-5.3 5.4 5.3 5.6-5.3 5.5 5.3 5.6-5.3 5.5 5.3 5.6-5.3 5.4 5.4h.2l5.6-5.4 5.5 5.3 5.6-5.3 5.5 5.3 5.6-5.3 5.4 5.3 5.6-5.3 5.5 5.4h.2l5.6-5.4 5.5 5.3 5.6-5.3 5.4 5.3 5.6-5.3 5.5 5.3 5.6-5.3 5.5 5.3 5.6-5.3 5.5 5.4h.1l5.7-5.4 5.4 5.3 5.6-5.3 5.5 5.3 5.6-5.3 5.5 5.3 5.6-5.3 5.4 5.4h.2l5.6-5.4 5.5 5.3 5.6-5.3 5.5 5.3 5.6-5.3 5.4 5.3 5.6-5.3 5.5 5.3 5.6-5.3 5.5 5.4h.2l5.6-5.4 5.4 5.3 5.6-5.3 5.5 5.3 5.6-5.3 5.5 5.3 5.6-5.3 5.5 5.4h.1l5.7-5.4 5.4 5.3 5.6-5.3 5.5 5.3 5.6-5.3 5.5 5.3 5.6-5.3 5.4 5.3 5.6-5.3 5.5 5.4h.2l5.6-5.4 5.5 5.3 5.6-5.3 5.4 5.3 5.6-5.3 5.5 5.3 5.6-5.3 5.5 5.4h.2l5.6-5.4 5.4 5.3 5.6-5.3 5.5 5.3 5.6-5.3 5.5 5.3 5.6-5.3 5.4 5.3 5.7-5.3 5.4 5.4h.2l5.6-5.4 5.5 5.3 5.6-5.3 5.5 5.3 5.6-5.3 5.4 5.3 5.6-5.3 5.5 5.4h.2l5.6-5.4 5.5 5.3 5.6-5.3 5.4 5.3 5.6-5.3 5.5 5.3 5.6-5.3 5.5 5.3 5.6-5.3 5.5 5.4h.1l5.6-5.4 5.5 5.3 5.6-5.3 5.5 5.3 5.6-5.3 5.4 5.3 5.7-5.3 5.4 5.4h.2l5.6-5.4 5.5 5.3 5.6-5.3 5.5 5.3 5.6-5.3 5.4 5.3 5.6-5.3 5.5 5.3 5.6-5.3 5.5 5.4h.1l5.7-5.4 5.4 5.3 5.6-5.3 5.5 5.3 5.6-5.3 5.5 5.3 5.6-5.3 5.5 5.4h.1l5.6-5.4 5.5 5.3 5.6-5.3 5.5 5.3 5.6-5.3 5.4 5.3 5.7-5.3 5.4 5.3 5.6-5.3 5.5 5.4V0H-.2v5.8z\"\/>\n<\/svg>\n\t\t<\/div>\n\t\t\t\t<div class=\"elementor-element elementor-element-50a4e99 elementor-widget elementor-widget-text-editor\" data-id=\"50a4e99\" data-element_type=\"widget\" data-e-type=\"widget\" data-widget_type=\"text-editor.default\">\n\t\t\t\t<div class=\"elementor-widget-container\">\n\t\t\t\t\t\t\t\t\t<h1 style=\"text-align: center;\"><span style=\"color: #008000;\"><strong>Saugus atsiskaitymas<\/strong><\/span><\/h1>\t\t\t\t\t\t\t\t<\/div>\n\t\t\t\t<\/div>\n\t\t\t\t<div class=\"elementor-element elementor-element-5eecdec elementor-widget elementor-widget-edd-checkout\" data-id=\"5eecdec\" data-element_type=\"widget\" data-e-type=\"widget\" data-settings=\"{&quot;show_discount_form&quot;:&quot;yes&quot;}\" data-widget_type=\"edd-checkout.default\">\n\t\t\t\t\t<span class=\"edd_empty_cart\"><div>\r\n\r\n&nbsp;\r\n\r\n<\/div><\/span>\t\t\t\t<\/div>\n\t\t\t\t\t<\/div>\n\t\t\t\t<\/div>\n\t\t<div data-uael-partstyle=\"default\" data-uael-partcolor=\"#35B008\" data-uael-partopacity=\"0\" data-uael-partdirection=\"bottom\" class=\"elementor-element elementor-element-7fea082 uael-particle-yes e-flex e-con-boxed uael-particle-adv-no e-con e-parent\" data-id=\"7fea082\" data-element_type=\"container\" data-e-type=\"container\">\n\t\t\t\t\t<div class=\"e-con-inner\">\n\t\t\t\t<div class=\"elementor-element elementor-element-9dbc088 elementor-widget elementor-widget-text-editor\" data-id=\"9dbc088\" data-element_type=\"widget\" data-e-type=\"widget\" data-widget_type=\"text-editor.default\">\n\t\t\t\t<div class=\"elementor-widget-container\">\n\t\t\t\t\t\t\t\t\t<div style=\"font-family: -apple-system,BlinkMacSystemFont,'Segoe UI',sans-serif; max-width: 600px; margin: 24px auto 0; border-top: 2px solid #e2e8f0; padding-top: 24px;\">\n<div style=\"text-align: center; margin-bottom: 20px;\">\n<div style=\"font-size: 11px; font-weight: bold; color: #94a3b8; text-transform: uppercase; letter-spacing: 1.5px; margin-bottom: 12px;\">\ud83d\udd12 Saugus ir \u0161ifruotas mok\u0117jimas<\/div>\n<div style=\"display: inline-flex; gap: 10px; align-items: center; flex-wrap: wrap; justify-content: center;\">\n<div style=\"background: #f8fafc; border: 1px solid #e2e8f0; border-radius: 6px; padding: 6px 12px; font-size: 12px; font-weight: bold; color: #475569;\">\ud83d\udd12 SSL<\/div>\n<div style=\"background: #f8fafc; border: 1px solid #e2e8f0; border-radius: 6px; padding: 6px 12px; font-size: 12px; font-weight: bold; color: #635bff;\">\u26a1 Stripe<\/div>\n<div style=\"background: #f8fafc; border: 1px solid #e2e8f0; border-radius: 6px; padding: 6px 12px; font-size: 12px; font-weight: bold; color: #003087;\">P PayPal<\/div>\n<div style=\"background: #f8fafc; border: 1px solid #e2e8f0; border-radius: 6px; padding: 6px 12px; font-size: 12px; font-weight: bold; color: #1a1f71;\">VISA<\/div>\n<div style=\"background: #f8fafc; border: 1px solid #e2e8f0; border-radius: 6px; padding: 6px 12px; font-size: 12px; font-weight: bold; color: #eb001b;\">MC<\/div>\n<\/div>\n<\/div>\n<div style=\"background: linear-gradient(135deg,#ecfdf5,#d1fae5); border: 1px solid #6ee7b7; border-radius: 12px; padding: 16px 20px; margin-bottom: 16px; text-align: center;\">\n<div style=\"font-size: 22px; margin-bottom: 4px;\">\ud83d\udee1\ufe0f<\/div>\n<div style=\"font-size: 14px; font-weight: 800; color: #047857; margin-bottom: 4px;\">30 dien\u0173 pinig\u0173 gr\u0105\u017einimo garantija<\/div>\n<div style=\"font-size: 12px; color: #059669; line-height: 1.5;\">Jei vertimas neveiks \u2013 gr\u0105\u017einsime vis\u0105 sum\u0105. Be klausim\u0173.<\/div>\n<\/div>\n<div style=\"background: #f8fafc; border: 1px solid #e2e8f0; border-radius: 12px; padding: 16px 20px; text-align: center;\">\n<div style=\"font-size: 13px; color: #64748b; margin-bottom: 8px;\">Kilo klausim\u0173 prie\u0161 perkant?<\/div>\n<a href=\"mailto:info@balticlocalize.com\" style=\"color: #1565c0; font-weight: bold; font-size: 14px; text-decoration: none;\">\u2709\ufe0f info@balticlocalize.com<\/a>\n<div style=\"font-size: 11px; color: #94a3b8; margin-top: 6px;\">Atsakome per 24 val. \u00b7 Palaikymas lietuvi\u0173 kalba<\/div>\n<\/div>\n<\/div>\t\t\t\t\t\t\t\t<\/div>\n\t\t\t\t<\/div>\n\t\t\t\t\t<\/div>\n\t\t\t\t<\/div>\n\t\t\t\t<\/div>\n\t\t","protected":false},"excerpt":{"rendered":"<p>Saugus atsiskaitymas \ud83d\udd12 Saugus ir \u0161ifruotas mok\u0117jimas \ud83d\udd12 SSL \u26a1 Stripe P PayPal VISA MC \ud83d\udee1\ufe0f 30 dien\u0173 pinig\u0173 gr\u0105\u017einimo garantija Jei vertimas neveiks \u2013 gr\u0105\u017einsime vis\u0105 sum\u0105. Be klausim\u0173. Kilo klausim\u0173 prie\u0161 perkant? \u2709\ufe0f info@balticlocalize.com Atsakome per 24 val. \u00b7 Palaikymas lietuvi\u0173 kalba<\/p>\n","protected":false},"author":1,"featured_media":0,"parent":0,"menu_order":0,"comment_status":"closed","ping_status":"closed","template":"","meta":{"site-sidebar-layout":"default","site-content-layout":"","ast-site-content-layout":"default","site-content-style":"default","site-sidebar-style":"default","ast-global-header-display":"","ast-banner-title-visibility":"","ast-main-header-display":"","ast-hfb-above-header-display":"","ast-hfb-below-header-display":"","ast-hfb-mobile-header-display":"","site-post-title":"disabled","ast-breadcrumbs-content":"","ast-featured-img":"","footer-sml-layout":"","ast-disable-related-posts":"","theme-transparent-header-meta":"","adv-header-id-meta":"","stick-header-meta":"","header-above-stick-meta":"","header-main-stick-meta":"","header-below-stick-meta":"","astra-migrate-meta-layouts":"set","ast-page-background-enabled":"default","ast-page-background-meta":{"desktop":{"background-color":"var(--ast-global-color-4)","background-image":"","background-repeat":"repeat","background-position":"center center","background-size":"auto","background-attachment":"scroll","background-type":"","background-media":"","overlay-type":"","overlay-color":"","overlay-opacity":"","overlay-gradient":""},"tablet":{"background-color":"","background-image":"","background-repeat":"repeat","background-position":"center center","background-size":"auto","background-attachment":"scroll","background-type":"","background-media":"","overlay-type":"","overlay-color":"","overlay-opacity":"","overlay-gradient":""},"mobile":{"background-color":"","background-image":"","background-repeat":"repeat","background-position":"center center","background-size":"auto","background-attachment":"scroll","background-type":"","background-media":"","overlay-type":"","overlay-color":"","overlay-opacity":"","overlay-gradient":""}},"ast-content-background-meta":{"desktop":{"background-color":"var(--ast-global-color-5)","background-image":"","background-repeat":"repeat","background-position":"center center","background-size":"auto","background-attachment":"scroll","background-type":"","background-media":"","overlay-type":"","overlay-color":"","overlay-opacity":"","overlay-gradient":""},"tablet":{"background-color":"var(--ast-global-color-5)","background-image":"","background-repeat":"repeat","background-position":"center center","background-size":"auto","background-attachment":"scroll","background-type":"","background-media":"","overlay-type":"","overlay-color":"","overlay-opacity":"","overlay-gradient":""},"mobile":{"background-color":"var(--ast-global-color-5)","background-image":"","background-repeat":"repeat","background-position":"center center","background-size":"auto","background-attachment":"scroll","background-type":"","background-media":"","overlay-type":"","overlay-color":"","overlay-opacity":"","overlay-gradient":""}},"footnotes":""},"class_list":["post-7693","page","type-page","status-publish","hentry"],"aioseo_notices":[],"_hostinger_reach_plugin_has_subscription_block":false,"_hostinger_reach_plugin_is_elementor":false,"_links":{"self":[{"href":"https:\/\/balticlocalize.com\/lt\/wp-json\/wp\/v2\/pages\/7693","targetHints":{"allow":["GET"]}}],"collection":[{"href":"https:\/\/balticlocalize.com\/lt\/wp-json\/wp\/v2\/pages"}],"about":[{"href":"https:\/\/balticlocalize.com\/lt\/wp-json\/wp\/v2\/types\/page"}],"author":[{"embeddable":true,"href":"https:\/\/balticlocalize.com\/lt\/wp-json\/wp\/v2\/users\/1"}],"replies":[{"embeddable":true,"href":"https:\/\/balticlocalize.com\/lt\/wp-json\/wp\/v2\/comments?post=7693"}],"version-history":[{"count":142,"href":"https:\/\/balticlocalize.com\/lt\/wp-json\/wp\/v2\/pages\/7693\/revisions"}],"predecessor-version":[{"id":11977,"href":"https:\/\/balticlocalize.com\/lt\/wp-json\/wp\/v2\/pages\/7693\/revisions\/11977"}],"wp:attachment":[{"href":"https:\/\/balticlocalize.com\/lt\/wp-json\/wp\/v2\/media?parent=7693"}],"curies":[{"name":"wp","href":"https:\/\/api.w.org\/{rel}","templated":true}]}}