{"id":7708,"date":"2025-12-28T23:52:52","date_gmt":"2025-12-28T23:52:52","guid":{"rendered":"https:\/\/balticlocalize.com\/mano-paskyra\/"},"modified":"2026-02-06T12:15:58","modified_gmt":"2026-02-06T12:15:58","slug":"mano-paskyra","status":"publish","type":"page","link":"https:\/\/balticlocalize.com\/lt\/mano-paskyra\/","title":{"rendered":"Mano paskyra"},"content":{"rendered":"\t<div class=\"wp-block-edd-register\">\n\t\t<form id=\"edd-blocks-form__register\" class=\"edd-blocks-form edd-blocks-form__register\" action=\"\" method=\"post\">\n\t\t\t<div class=\"edd-blocks-form__group edd-blocks-form__group-username\">\n\t\t\t\t\t<label for=\"edd_user_register\" class=\"edd-label\">\n\t\t\tVartotojo vardas arba el. pa\u0161tas<span class=\"edd-required-indicator\" aria-hidden=\"true\">*<\/span><span class=\"screen-reader-text\">Privaloma<\/span>\t\t<\/label>\n\t\t\t\t<div class=\"edd-blocks-form__control\">\n\t\t\t\t\t\t<span id=\"edd-edd_user_login-wrap\">\n\t\t\t\t\t<input\n\t\t\ttype=\"text\"\n\t\t\tname=\"edd_user_login\"\n\t\t\tid=\"edd_user_register\"\n\t\t\tvalue=\"\"\n\t\t\tplaceholder=\"\"\n\t\t\tclass=\"edd-input username required\"\n\t\t\t\t\t\t\trequired\n\t\t\t\t\t\t\/>\n\t\t\t\t\t<\/span>\n\t\t\t\t\t<\/div>\n\t\t\t\t<\/div>\n\t\t\t\t<div class=\"edd-blocks-form__group edd-blocks-form__group-edd-user-email\">\n\t\t\t\t\t<label for=\"email\" class=\"edd-label\">\n\t\t\tEl. pa\u0161tas<span class=\"edd-required-indicator\" aria-hidden=\"true\">*<\/span><span class=\"screen-reader-text\">Privaloma<\/span>\t\t<\/label>\n\t\t\t\t<div class=\"edd-blocks-form__control\">\n\t\t\t\t\t\t<span id=\"edd-edd_user_email-wrap\">\n\t\t\t\t\t<input\n\t\t\ttype=\"email\"\n\t\t\tname=\"edd_user_email\"\n\t\t\tid=\"edd-user-email\"\n\t\t\tvalue=\"\"\n\t\t\tplaceholder=\"\"\n\t\t\tclass=\"edd-input edd-user-email required\"\n\t\t\t\t\t\t\trequired\n\t\t\t\t\t\t\/>\n\t\t\t\t\t<\/span>\n\t\t\t\t\t<\/div>\n\t\t\t\t<\/div>\n\t\t\t\t<div class=\"edd-blocks-form__group edd-blocks-form__group-edd-password user-pass1-wrap\">\n\t\t\t\t\t<label for=\"pass1\" class=\"edd-label\">\n\t\t\tSlapta\u017eodis<span class=\"edd-required-indicator\" aria-hidden=\"true\">*<\/span><span class=\"screen-reader-text\">Privaloma<\/span>\t\t<\/label>\n\t\t\t\t<div class=\"edd-blocks-form__control wp-pwd\">\n\t\t\t\t\t<input\n\t\t\ttype=\"password\"\n\t\t\tname=\"edd_user_pass\"\n\t\t\tid=\"pass1\"\n\t\t\tvalue=\"\"\n\t\t\tplaceholder=\"\"\n\t\t\tclass=\"edd-input edd-password required\"\n\t\t\tdata-reveal=\"1\" data-pw=\"QTQtgtP5AKVbz^2M\"\t\t\t\trequired\n\t\t\t\t\t\t\/>\n\t\t\n\t\t\t<button type=\"button\" class=\"button button-secondary wp-hide-pw edd-has-js\" data-toggle=\"0\" aria-label=\"Sl\u0117pti slapta\u017eod\u012f\">\n\t\t\t\t<span class=\"dashicons dashicons-hidden\" aria-hidden=\"true\"><\/span>\n\t\t\t<\/button>\n\t\t\t<div id=\"pass-strength-result\" class=\"edd-has-js\" aria-live=\"polite\">Saugumo indikatorius<\/div>\n\t\t<\/div>\n\t\t\t\t<\/div>\n\t\t\t\t<div\n\t\t\t\t\t\t\tclass=\"edd-blocks-form__group edd-blocks-form__group-pw-weak pw-weak\"\n\t\t\t\t\t>\n\t\t\t\t\t<div class=\"edd-blocks-form__control\">\n\t\t\t<input type=\"checkbox\" name=\"pw_weak\" id=\"pw-weak\" class=\"pw-checkbox\" \/>\n\t\t\t\t\t<label for=\"pw-weak\" class=\"edd-label\">\n\t\t\tPatvirtinkite silpno slapta\u017eod\u017eio naudojim\u0105\t\t<\/label>\n\t\t\t\t<\/div>\n\t\t\t\t<\/div>\n\t\t\t\t<div class=\"edd-blocks-form__group edd-blocks-form__group-password-confirm user-pass2-wrap\">\n\t\t\t\t\t<label for=\"pass2\" class=\"edd-label\">\n\t\t\tPatvirtinkite slapta\u017eod\u012f<span class=\"edd-required-indicator\" aria-hidden=\"true\">*<\/span><span class=\"screen-reader-text\">Privaloma<\/span>\t\t<\/label>\n\t\t\t\t<div class=\"edd-blocks-form__control\">\n\t\t\t\t\t<input\n\t\t\ttype=\"password\"\n\t\t\tname=\"edd_user_pass2\"\n\t\t\tid=\"pass2\"\n\t\t\tvalue=\"\"\n\t\t\tplaceholder=\"\"\n\t\t\tclass=\"edd-input password-confirm required\"\n\t\t\t\t\t\/>\n\t\t\t\t<\/div>\n\t\t\t\t<\/div>\n\t\t\n\t<p class=\"description indicator-hint\">Pastaba: Slapta\u017eodis tur\u0117t\u0173 b\u016bti ne trumpesnis nei 7 simboliai. Galite naudoti ma\u017e\u0105sias ir did\u017ei\u0105sias raides, skai\u010dius ir \u0161tai tokius simbolius: ! &#8221; ? $ % ^ &amp; ).<\/p>\n\n\t\t<div class=\"edd-blocks-form__group edd-blocks-form__group-submit reset-pass-submit\">\n\t\t<input type=\"hidden\" name=\"edd_honeypot\" value=\"\" \/>\n\t\t<input type=\"hidden\" name=\"edd_action\" value=\"user_register\" \/>\n\t\t<input type=\"hidden\" name=\"edd_submit\" value=\"edd_register_submit\" \/>\n\t\t<input type=\"hidden\" name=\"edd_redirect\" value=\"https:\/\/balticlocalize.com\/lt\/wp-json\/wp\/v2\/pages\/7708\/\"\/>\n\t\t<button type=\"button\" class=\"button wp-generate-pw edd-has-js edd-button-secondary\">Sugeneruoti slapta\u017eod\u012f<\/button>\n\t\t<input class=\"button edd-submit has-edd-button-background-color has-edd-button-text-color\" name=\"edd_register_submit\" id=\"submit\" type=\"submit\" value=\"Registruotis\" \/>\n\t<\/div>\n\t\t<input style=\"position: fixed; bottom: 0px; left: -10000px; width: 1px; height: 1px; overflow: hidden;\" type=\"text\" name=\"edd-blocks-recaptcha\" id=\"edd-blocks-recaptcha\" required value=\"\"\/>\n\t<\/form>\n\t<\/div>\n\t\n\n\t<div class=\"wp-block-edd-login\">\n\t\t<form id=\"edd-blocks-form__login\" class=\"edd-blocks-form edd-blocks-form__login\" action=\"\" method=\"post\">\n\t\t\t<div class=\"edd-blocks-form__group edd-blocks-form__group-username\">\n\t\t\t\t\t<label for=\"edd_user_login\" class=\"edd-label\">\n\t\t\tVartotojo vardas arba el. pa\u0161tas<span class=\"edd-required-indicator\" aria-hidden=\"true\">*<\/span><span class=\"screen-reader-text\">Privaloma<\/span>\t\t<\/label>\n\t\t\t\t<div class=\"edd-blocks-form__control\">\n\t\t\t<input name=\"edd_user_login\" id=\"edd_user_login\" class=\"edd-required edd-input\" type=\"text\" required\/>\n\t\t<\/div>\n\t\t\t\t<\/div>\n\t\t\t\t<div class=\"edd-blocks-form__group edd-blocks-form__group-password\">\n\t\t\t\t\t<label for=\"edd_user_pass\" class=\"edd-label\">\n\t\t\tSlapta\u017eodis<span class=\"edd-required-indicator\" aria-hidden=\"true\">*<\/span><span class=\"screen-reader-text\">Privaloma<\/span>\t\t<\/label>\n\t\t\t\t<div class=\"edd-blocks-form__control\">\n\t\t\t<input name=\"edd_user_pass\" id=\"edd_user_pass\" class=\"edd-password edd-required edd-input\" type=\"password\" required\/>\n\t\t<\/div>\n\t\t\t\t<\/div>\n\t\t\t\t<div\n\t\t\t\t\t\t\tclass=\"edd-blocks-form__group edd-blocks-form__group-remember\"\n\t\t\t\t\t>\n\t\t\t\t\t<div class=\"edd-blocks-form__control\">\n\t\t\t<input name=\"rememberme\" type=\"checkbox\" id=\"rememberme\" value=\"forever\" \/>\n\t\t\t\t\t<label for=\"rememberme\" class=\"edd-label\">\n\t\t\tPrisiminti mane\t\t<\/label>\n\t\t\t\t<\/div>\n\t\t\t\t<\/div>\n\t\t\t<div class=\"edd-blocks-form__group edd-blocks-form__group-submit\">\n\t\t<input type=\"hidden\" name=\"edd_redirect\" value=\"https:\/\/balticlocalize.com\/lt\/mano-paskyra\/\"\/>\n\t\t<input type=\"hidden\" name=\"edd_login_nonce\" value=\"a2936b6a42\"\/>\n\t\t<input type=\"hidden\" name=\"edd_action\" value=\"user_login\"\/>\n\t\t<input id=\"edd_login_submit\" type=\"submit\" class=\"button edd-submit has-edd-button-background-color has-edd-button-text-color\" value=\"Prisijungti\"\/>\n\t<\/div>\n\t<p class=\"edd-blocks-form__group edd-blocks-form__group-lost-password\">\n\t\t<a href=\"https:\/\/balticlocalize.com\/lt\/wp-json\/wp\/v2\/pages\/7708\/?action=lostpassword\">\n\t\t\tPamir\u0161ote slapta\u017eod\u012f?\t\t<\/a>\n\t<\/p>\n\t<\/form>\n\t<\/div>\n\t\n\n\n\n\n","protected":false},"excerpt":{"rendered":"","protected":false},"author":1,"featured_media":0,"parent":0,"menu_order":0,"comment_status":"closed","ping_status":"closed","template":"","meta":{"site-sidebar-layout":"default","site-content-layout":"","ast-site-content-layout":"default","site-content-style":"default","site-sidebar-style":"default","ast-global-header-display":"","ast-banner-title-visibility":"","ast-main-header-display":"","ast-hfb-above-header-display":"","ast-hfb-below-header-display":"","ast-hfb-mobile-header-display":"","site-post-title":"","ast-breadcrumbs-content":"","ast-featured-img":"","footer-sml-layout":"","ast-disable-related-posts":"","theme-transparent-header-meta":"","adv-header-id-meta":"","stick-header-meta":"","header-above-stick-meta":"","header-main-stick-meta":"","header-below-stick-meta":"","astra-migrate-meta-layouts":"default","ast-page-background-enabled":"default","ast-page-background-meta":{"desktop":{"background-color":"var(--ast-global-color-4)","background-image":"","background-repeat":"repeat","background-position":"center center","background-size":"auto","background-attachment":"scroll","background-type":"","background-media":"","overlay-type":"","overlay-color":"","overlay-opacity":"","overlay-gradient":""},"tablet":{"background-color":"","background-image":"","background-repeat":"repeat","background-position":"center center","background-size":"auto","background-attachment":"scroll","background-type":"","background-media":"","overlay-type":"","overlay-color":"","overlay-opacity":"","overlay-gradient":""},"mobile":{"background-color":"","background-image":"","background-repeat":"repeat","background-position":"center center","background-size":"auto","background-attachment":"scroll","background-type":"","background-media":"","overlay-type":"","overlay-color":"","overlay-opacity":"","overlay-gradient":""}},"ast-content-background-meta":{"desktop":{"background-color":"var(--ast-global-color-5)","background-image":"","background-repeat":"repeat","background-position":"center center","background-size":"auto","background-attachment":"scroll","background-type":"","background-media":"","overlay-type":"","overlay-color":"","overlay-opacity":"","overlay-gradient":""},"tablet":{"background-color":"var(--ast-global-color-5)","background-image":"","background-repeat":"repeat","background-position":"center center","background-size":"auto","background-attachment":"scroll","background-type":"","background-media":"","overlay-type":"","overlay-color":"","overlay-opacity":"","overlay-gradient":""},"mobile":{"background-color":"var(--ast-global-color-5)","background-image":"","background-repeat":"repeat","background-position":"center center","background-size":"auto","background-attachment":"scroll","background-type":"","background-media":"","overlay-type":"","overlay-color":"","overlay-opacity":"","overlay-gradient":""}},"footnotes":""},"class_list":["post-7708","page","type-page","status-publish","hentry"],"aioseo_notices":[],"_hostinger_reach_plugin_has_subscription_block":false,"_hostinger_reach_plugin_is_elementor":false,"_links":{"self":[{"href":"https:\/\/balticlocalize.com\/lt\/wp-json\/wp\/v2\/pages\/7708","targetHints":{"allow":["GET"]}}],"collection":[{"href":"https:\/\/balticlocalize.com\/lt\/wp-json\/wp\/v2\/pages"}],"about":[{"href":"https:\/\/balticlocalize.com\/lt\/wp-json\/wp\/v2\/types\/page"}],"author":[{"embeddable":true,"href":"https:\/\/balticlocalize.com\/lt\/wp-json\/wp\/v2\/users\/1"}],"replies":[{"embeddable":true,"href":"https:\/\/balticlocalize.com\/lt\/wp-json\/wp\/v2\/comments?post=7708"}],"version-history":[{"count":0,"href":"https:\/\/balticlocalize.com\/lt\/wp-json\/wp\/v2\/pages\/7708\/revisions"}],"wp:attachment":[{"href":"https:\/\/balticlocalize.com\/lt\/wp-json\/wp\/v2\/media?parent=7708"}],"curies":[{"name":"wp","href":"https:\/\/api.w.org\/{rel}","templated":true}]}}