{"id":7823,"date":"2025-12-29T18:35:16","date_gmt":"2025-12-29T18:35:16","guid":{"rendered":"https:\/\/balticlocalize.com\/uzsakymu-istorija\/"},"modified":"2026-02-06T17:33:58","modified_gmt":"2026-02-06T17:33:58","slug":"uzsakymu-istorija","status":"publish","type":"page","link":"https:\/\/balticlocalize.com\/lt\/uzsakymu-istorija\/","title":{"rendered":"U\u017esakym\u0173 istorija"},"content":{"rendered":"\t<div class=\"wp-block-edd-login\">\n\t\t<form id=\"edd-blocks-form__login\" class=\"edd-blocks-form edd-blocks-form__login\" action=\"\" method=\"post\">\n\t\t\t<div class=\"edd-blocks-form__group edd-blocks-form__group-username\">\n\t\t\t\t\t<label for=\"edd_user_login\" class=\"edd-label\">\n\t\t\tVartotojo vardas arba el. pa\u0161tas<span class=\"edd-required-indicator\" aria-hidden=\"true\">*<\/span><span class=\"screen-reader-text\">Privaloma<\/span>\t\t<\/label>\n\t\t\t\t<div class=\"edd-blocks-form__control\">\n\t\t\t<input name=\"edd_user_login\" id=\"edd_user_login\" class=\"edd-required edd-input\" type=\"text\" required\/>\n\t\t<\/div>\n\t\t\t\t<\/div>\n\t\t\t\t<div class=\"edd-blocks-form__group edd-blocks-form__group-password\">\n\t\t\t\t\t<label for=\"edd_user_pass\" class=\"edd-label\">\n\t\t\tSlapta\u017eodis<span class=\"edd-required-indicator\" aria-hidden=\"true\">*<\/span><span class=\"screen-reader-text\">Privaloma<\/span>\t\t<\/label>\n\t\t\t\t<div class=\"edd-blocks-form__control\">\n\t\t\t<input name=\"edd_user_pass\" id=\"edd_user_pass\" class=\"edd-password edd-required edd-input\" type=\"password\" required\/>\n\t\t<\/div>\n\t\t\t\t<\/div>\n\t\t\t\t<div\n\t\t\t\t\t\t\tclass=\"edd-blocks-form__group edd-blocks-form__group-remember\"\n\t\t\t\t\t>\n\t\t\t\t\t<div class=\"edd-blocks-form__control\">\n\t\t\t<input name=\"rememberme\" type=\"checkbox\" id=\"rememberme\" value=\"forever\" \/>\n\t\t\t\t\t<label for=\"rememberme\" class=\"edd-label\">\n\t\t\tPrisiminti mane\t\t<\/label>\n\t\t\t\t<\/div>\n\t\t\t\t<\/div>\n\t\t\t<div class=\"edd-blocks-form__group edd-blocks-form__group-submit\">\n\t\t<input type=\"hidden\" name=\"edd_redirect\" value=\"https:\/\/balticlocalize.com\/lt\/mano-paskyra\/\"\/>\n\t\t<input type=\"hidden\" name=\"edd_login_nonce\" value=\"a2936b6a42\"\/>\n\t\t<input type=\"hidden\" name=\"edd_action\" value=\"user_login\"\/>\n\t\t<input id=\"edd_login_submit\" type=\"submit\" class=\"button edd-submit has-edd-button-background-color has-edd-button-text-color\" value=\"Prisijungti\"\/>\n\t<\/div>\n\t<p class=\"edd-blocks-form__group edd-blocks-form__group-lost-password\">\n\t\t<a href=\"https:\/\/balticlocalize.com\/lt\/wp-json\/wp\/v2\/pages\/7823\/?action=lostpassword\">\n\t\t\tPamir\u0161ote slapta\u017eod\u012f?\t\t<\/a>\n\t<\/p>\n\t<\/form>\n\t<\/div>\n\t\n\n\n\n","protected":false},"excerpt":{"rendered":"","protected":false},"author":1,"featured_media":0,"parent":0,"menu_order":0,"comment_status":"closed","ping_status":"closed","template":"","meta":{"site-sidebar-layout":"default","site-content-layout":"","ast-site-content-layout":"default","site-content-style":"default","site-sidebar-style":"default","ast-global-header-display":"","ast-banner-title-visibility":"","ast-main-header-display":"","ast-hfb-above-header-display":"","ast-hfb-below-header-display":"","ast-hfb-mobile-header-display":"","site-post-title":"","ast-breadcrumbs-content":"","ast-featured-img":"","footer-sml-layout":"","ast-disable-related-posts":"","theme-transparent-header-meta":"","adv-header-id-meta":"","stick-header-meta":"","header-above-stick-meta":"","header-main-stick-meta":"","header-below-stick-meta":"","astra-migrate-meta-layouts":"default","ast-page-background-enabled":"default","ast-page-background-meta":{"desktop":{"background-color":"var(--ast-global-color-4)","background-image":"","background-repeat":"repeat","background-position":"center center","background-size":"auto","background-attachment":"scroll","background-type":"","background-media":"","overlay-type":"","overlay-color":"","overlay-opacity":"","overlay-gradient":""},"tablet":{"background-color":"","background-image":"","background-repeat":"repeat","background-position":"center center","background-size":"auto","background-attachment":"scroll","background-type":"","background-media":"","overlay-type":"","overlay-color":"","overlay-opacity":"","overlay-gradient":""},"mobile":{"background-color":"","background-image":"","background-repeat":"repeat","background-position":"center center","background-size":"auto","background-attachment":"scroll","background-type":"","background-media":"","overlay-type":"","overlay-color":"","overlay-opacity":"","overlay-gradient":""}},"ast-content-background-meta":{"desktop":{"background-color":"var(--ast-global-color-5)","background-image":"","background-repeat":"repeat","background-position":"center center","background-size":"auto","background-attachment":"scroll","background-type":"","background-media":"","overlay-type":"","overlay-color":"","overlay-opacity":"","overlay-gradient":""},"tablet":{"background-color":"var(--ast-global-color-5)","background-image":"","background-repeat":"repeat","background-position":"center center","background-size":"auto","background-attachment":"scroll","background-type":"","background-media":"","overlay-type":"","overlay-color":"","overlay-opacity":"","overlay-gradient":""},"mobile":{"background-color":"var(--ast-global-color-5)","background-image":"","background-repeat":"repeat","background-position":"center center","background-size":"auto","background-attachment":"scroll","background-type":"","background-media":"","overlay-type":"","overlay-color":"","overlay-opacity":"","overlay-gradient":""}},"footnotes":""},"class_list":["post-7823","page","type-page","status-publish","hentry"],"aioseo_notices":[],"_hostinger_reach_plugin_has_subscription_block":false,"_hostinger_reach_plugin_is_elementor":false,"_links":{"self":[{"href":"https:\/\/balticlocalize.com\/lt\/wp-json\/wp\/v2\/pages\/7823","targetHints":{"allow":["GET"]}}],"collection":[{"href":"https:\/\/balticlocalize.com\/lt\/wp-json\/wp\/v2\/pages"}],"about":[{"href":"https:\/\/balticlocalize.com\/lt\/wp-json\/wp\/v2\/types\/page"}],"author":[{"embeddable":true,"href":"https:\/\/balticlocalize.com\/lt\/wp-json\/wp\/v2\/users\/1"}],"replies":[{"embeddable":true,"href":"https:\/\/balticlocalize.com\/lt\/wp-json\/wp\/v2\/comments?post=7823"}],"version-history":[{"count":0,"href":"https:\/\/balticlocalize.com\/lt\/wp-json\/wp\/v2\/pages\/7823\/revisions"}],"wp:attachment":[{"href":"https:\/\/balticlocalize.com\/lt\/wp-json\/wp\/v2\/media?parent=7823"}],"curies":[{"name":"wp","href":"https:\/\/api.w.org\/{rel}","templated":true}]}}