{"id":7847,"date":"2025-12-12T18:35:08","date_gmt":"2025-12-12T18:35:08","guid":{"rendered":"https:\/\/balticlocalize.com\/premium-temu-vertimo-paketai\/"},"modified":"2026-02-01T14:23:02","modified_gmt":"2026-02-01T14:23:02","slug":"premium-temu-vertimo-paketai","status":"publish","type":"page","link":"https:\/\/balticlocalize.com\/lt\/premium-temu-vertimo-paketai\/","title":{"rendered":"\u201ePremium\u201c tem\u0173 vertimo paketai"},"content":{"rendered":"\t\t<div data-elementor-type=\"wp-page\" data-elementor-id=\"7847\" class=\"elementor elementor-7847 elementor-4340\" data-elementor-post-type=\"page\">\n\t\t\t\t<div class=\"elementor-element elementor-element-6318d62 e-flex e-con-boxed e-con e-parent\" data-id=\"6318d62\" data-element_type=\"container\" data-e-type=\"container\">\n\t\t\t\t\t<div class=\"e-con-inner\">\n\t\t\t\t<div class=\"elementor-element elementor-element-6bb6f6e elementor-widget-divider--view-line elementor-widget elementor-widget-divider\" data-id=\"6bb6f6e\" data-element_type=\"widget\" data-e-type=\"widget\" data-widget_type=\"divider.default\">\n\t\t\t\t<div class=\"elementor-widget-container\">\n\t\t\t\t\t\t\t<div class=\"elementor-divider\">\n\t\t\t<span class=\"elementor-divider-separator\">\n\t\t\t\t\t\t<\/span>\n\t\t<\/div>\n\t\t\t\t\t\t<\/div>\n\t\t\t\t<\/div>\n\t\t\t\t<div class=\"elementor-element elementor-element-68c291d elementor-widget elementor-widget-heading\" data-id=\"68c291d\" data-element_type=\"widget\" data-e-type=\"widget\" data-widget_type=\"heading.default\">\n\t\t\t\t<div class=\"elementor-widget-container\">\n\t\t\t\t\t<h2 class=\"elementor-heading-title elementor-size-default\">Profesional\u016bs WordPress tem\u0173 vertimo paketai<\/h2>\t\t\t\t<\/div>\n\t\t\t\t<\/div>\n\t\t\t\t\t<\/div>\n\t\t\t\t<\/div>\n\t\t<div class=\"elementor-element elementor-element-aa939e1 e-flex e-con-boxed e-con e-parent\" data-id=\"aa939e1\" data-element_type=\"container\" data-e-type=\"container\" data-settings=\"{&quot;background_background&quot;:&quot;classic&quot;}\">\n\t\t\t\t\t<div class=\"e-con-inner\">\n\t\t<div class=\"elementor-element elementor-element-3acd6e2 e-con-full e-flex e-con e-child\" data-id=\"3acd6e2\" data-element_type=\"container\" data-e-type=\"container\">\n\t\t<div class=\"elementor-element elementor-element-1ba29f1 e-con-full e-flex e-con e-child\" data-id=\"1ba29f1\" data-element_type=\"container\" data-e-type=\"container\">\n\t\t\t\t<div class=\"elementor-element elementor-element-ec792aa elementor-widget elementor-widget-image\" data-id=\"ec792aa\" data-element_type=\"widget\" data-e-type=\"widget\" data-widget_type=\"image.default\">\n\t\t\t\t<div class=\"elementor-widget-container\">\n\t\t\t\t\t\t\t\t\t\t\t\t\t\t\t<img fetchpriority=\"high\" decoding=\"async\" width=\"1024\" height=\"582\" src=\"https:\/\/balticlocalize.com\/wp-content\/uploads\/2025\/12\/wordpress-themes-translation-packs-astra-hello-theme-mobile-responsive-1024x582.png\" class=\"attachment-large size-large wp-image-7848\" alt=\"Kompiuterio ir telefono ekranai rodantys pilnai i\u0161verstas WordPress temas (Astra, Hello Elementor). Matomi lietuvi\u0161ki, latvi\u0161ki ir esti\u0161ki vartotojo s\u0105sajos tekstai\" srcset=\"https:\/\/balticlocalize.com\/wp-content\/uploads\/2025\/12\/wordpress-themes-translation-packs-astra-hello-theme-mobile-responsive-1024x582.png 1024w, https:\/\/balticlocalize.com\/wp-content\/uploads\/2025\/12\/wordpress-themes-translation-packs-astra-hello-theme-mobile-responsive-300x171.png 300w, https:\/\/balticlocalize.com\/wp-content\/uploads\/2025\/12\/wordpress-themes-translation-packs-astra-hello-theme-mobile-responsive-768x437.png 768w, https:\/\/balticlocalize.com\/wp-content\/uploads\/2025\/12\/wordpress-themes-translation-packs-astra-hello-theme-mobile-responsive.png 1071w\" sizes=\"(max-width: 1024px) 100vw, 1024px\" \/>\t\t\t\t\t\t\t\t\t\t\t\t\t\t\t<\/div>\n\t\t\t\t<\/div>\n\t\t\t\t<div class=\"elementor-element elementor-element-a5a5090 elementor-widget elementor-widget-heading\" data-id=\"a5a5090\" data-element_type=\"widget\" data-e-type=\"widget\" data-widget_type=\"heading.default\">\n\t\t\t\t<div class=\"elementor-widget-container\">\n\t\t\t\t\t<h2 class=\"elementor-heading-title elementor-size-default\">Suteikite savo \u201eWordPress\u201c temai taisykling\u0105 lietuvi\u0173 kalb\u0105. Jau pilnai paruo\u0161ta.<\/h2>\t\t\t\t<\/div>\n\t\t\t\t<\/div>\n\t\t\t\t<div class=\"elementor-element elementor-element-027494b elementor-widget-divider--view-line elementor-widget elementor-widget-divider\" data-id=\"027494b\" data-element_type=\"widget\" data-e-type=\"widget\" data-widget_type=\"divider.default\">\n\t\t\t\t<div class=\"elementor-widget-container\">\n\t\t\t\t\t\t\t<div class=\"elementor-divider\">\n\t\t\t<span class=\"elementor-divider-separator\">\n\t\t\t\t\t\t<\/span>\n\t\t<\/div>\n\t\t\t\t\t\t<\/div>\n\t\t\t\t<\/div>\n\t\t\t\t<div class=\"elementor-element elementor-element-9385cda elementor-widget elementor-widget-text-editor\" data-id=\"9385cda\" data-element_type=\"widget\" data-e-type=\"widget\" data-widget_type=\"text-editor.default\">\n\t\t\t\t<div class=\"elementor-widget-container\">\n\t\t\t\t\t\t\t\t\t<p data-path-to-node=\"5,2\">I\u0161verskite savo \u201eWordpress\u201c projektus su <b data-path-to-node=\"8,2\" data-index-in-node=\"0\">\u201ePremium\u201c<\/b><b data-path-to-node=\"5,2\" data-index-in-node=\"40\">\u00a0vertimais<\/b>.<\/p>\n<p style=\"text-align: center;\" data-path-to-node=\"5,3\"><b data-path-to-node=\"5,3\" data-index-in-node=\"0\">Atsuis\u0173skite akimirksniu. 30 d. pinig\u0173 gr\u0105\u017einimo garantija<\/b><\/p>\t\t\t\t\t\t\t\t<\/div>\n\t\t\t\t<\/div>\n\t\t\t\t<\/div>\n\t\t\t\t<\/div>\n\t\t<div class=\"elementor-element elementor-element-dd22372 e-con-full e-flex e-con e-child\" data-id=\"dd22372\" data-element_type=\"container\" data-e-type=\"container\">\n\t\t\t\t<div class=\"elementor-element elementor-element-d19f15c elementor-widget elementor-widget-text-editor\" data-id=\"d19f15c\" data-element_type=\"widget\" data-e-type=\"widget\" data-widget_type=\"text-editor.default\">\n\t\t\t\t<div class=\"elementor-widget-container\">\n\t\t\t\t\t\t\t\t\t<p data-path-to-node=\"8,0\">Neleiskite angli\u0161kiems terminams sugadinti j\u016bs\u0173 svetain\u0117s lankytoj\u0173 patirties. \u010cia rasite <b data-path-to-node=\"8,0\" data-index-in-node=\"90\">pilnus lokalizavimo failus<\/b> populiariausioms pasaulio temoms.<\/p>\n<p data-path-to-node=\"8,1\"><b data-path-to-node=\"8,1\" data-index-in-node=\"0\">Pagrindinis paketas: \u201eAstra\u201c tema (auk\u0161\u010diausios kokyb\u0117s vertimas)<\/b> Temos yra itin didel\u0117s apimties. Pavyzd\u017eiui, populiarioji \u201eAstra\u201c turi daugiau nei 3 500 teksto eilu\u010di\u0173. Vertimas rankiniu b\u016bdu jums trukt\u0173 apie 50 valand\u0173 nuobodaus darbo \u2013 su mano paruo\u0161tu paketu \u0161\u012f laik\u0105 sutaupysite akimirksniu.<\/p>\n<p data-path-to-node=\"8,2\"><b data-path-to-node=\"8,2\" data-index-in-node=\"0\">Kod\u0117l verta rinktis \u201ePremium\u201c vertimo failus?<\/b><\/p>\n<ul data-path-to-node=\"8,3\">\n<li>\n<p data-path-to-node=\"8,3,0,0\">\u2705 <b data-path-to-node=\"8,3,0,0\" data-index-in-node=\"2\">100 % i\u0161orin\u0117s svetain\u0117s dalies padengimas:<\/b> kiekvienas mygtukas ir lankytojo matomas prane\u0161imas yra i\u0161verstas.<\/p>\n<\/li>\n<li>\n<p data-path-to-node=\"8,3,1,0\">\u2705 <b data-path-to-node=\"8,3,1,0\" data-index-in-node=\"2\">Optimizuota SEO:<\/b> naudoju taisykling\u0105 terminologij\u0105, kuri\u0105 supranta paie\u0161kos varikliai.<\/p>\n<\/li>\n<li>\n<p data-path-to-node=\"8,3,2,0\">\u2705 <b data-path-to-node=\"8,3,2,0\" data-index-in-node=\"2\">In\u017einerin\u0117 kokyb\u0117:<\/b> failai patikrinti ir pilnai suderinami su <b data-path-to-node=\"8,3,2,0\" data-index-in-node=\"63\">naujausiomis programin\u0117s \u012frangos versijomis<\/b>.<\/p>\n<\/li>\n<\/ul>\n<p><em>Profesionali i\u0161vaizda. Nat\u016bralus poj\u016btis. Jokio streso. <\/em><\/p>\t\t\t\t\t\t\t\t<\/div>\n\t\t\t\t<\/div>\n\t\t\t\t<\/div>\n\t\t\t\t\t<\/div>\n\t\t\t\t<\/div>\n\t\t<div class=\"elementor-element elementor-element-a456395 e-flex e-con-boxed e-con e-parent\" data-id=\"a456395\" data-element_type=\"container\" data-e-type=\"container\" data-settings=\"{&quot;background_background&quot;:&quot;classic&quot;}\">\n\t\t\t\t\t<div class=\"e-con-inner\">\n\t\t<div class=\"elementor-element elementor-element-9f5476c e-con-full e-flex e-con e-child\" data-id=\"9f5476c\" data-element_type=\"container\" data-e-type=\"container\">\n\t\t\t\t<div class=\"elementor-element elementor-element-ac34794 elementor-widget-divider--view-line elementor-widget elementor-widget-divider\" data-id=\"ac34794\" data-element_type=\"widget\" data-e-type=\"widget\" data-widget_type=\"divider.default\">\n\t\t\t\t<div class=\"elementor-widget-container\">\n\t\t\t\t\t\t\t<div class=\"elementor-divider\">\n\t\t\t<span class=\"elementor-divider-separator\">\n\t\t\t\t\t\t<\/span>\n\t\t<\/div>\n\t\t\t\t\t\t<\/div>\n\t\t\t\t<\/div>\n\t\t\t\t<div class=\"elementor-element elementor-element-f5fdc10 elementor-widget elementor-widget-heading\" data-id=\"f5fdc10\" data-element_type=\"widget\" data-e-type=\"widget\" data-widget_type=\"heading.default\">\n\t\t\t\t<div class=\"elementor-widget-container\">\n\t\t\t\t\t<h3 class=\"elementor-heading-title elementor-size-default\">Raskite savo temos vertim\u0105<\/h3>\t\t\t\t<\/div>\n\t\t\t\t<\/div>\n\t\t\t\t<\/div>\n\t\t\t\t\t<\/div>\n\t\t\t\t<\/div>\n\t\t<div class=\"elementor-element elementor-element-0bb1a66 e-flex e-con-boxed e-con e-parent\" data-id=\"0bb1a66\" data-element_type=\"container\" data-e-type=\"container\" data-settings=\"{&quot;background_background&quot;:&quot;classic&quot;}\">\n\t\t\t\t\t<div class=\"e-con-inner\">\n\t\t\t\t<div class=\"elementor-element elementor-element-c345cef elementor-widget elementor-widget-shortcode\" data-id=\"c345cef\" data-element_type=\"widget\" data-e-type=\"widget\" data-widget_type=\"shortcode.default\">\n\t\t\t\t<div class=\"elementor-widget-container\">\n\t\t\t\t\t\t\t<div class=\"elementor-shortcode\">\n\t\t<div class=\"edd_downloads_list edd_download_columns_3 \">\n\n\t\t\t\n\t\t\t\n<div class=\"edd_download align-center box-shadow-0 box-shadow-0-hover\" id=\"edd_download_8295\">\n\n\t<div class=\"edd_download_inner\">\n\n\t\t\t<div class=\"edd_download_image\">\n\t\t<a href=\"https:\/\/balticlocalize.com\/lt\/downloads\/astra-theme-lietuviu-kalbos-vertimas\/\">\n\t\t\t<img decoding=\"async\" width=\"150\" height=\"150\" src=\"https:\/\/balticlocalize.com\/wp-content\/uploads\/2025\/12\/balticlocalize-astra-theme-vertimas-lietuviskai-box-150x150.png\" class=\"attachment-thumbnail size-thumbnail wp-post-image\" alt=\"Astra Theme lietuvi\u0161kas vertimas \u2013 Premium 3D pakuot\u0117 su Lietuvos v\u0117liava\" \/>\t\t<\/a>\n\t<\/div>\n<h3 class=\"edd_download_title\"><a href=\"https:\/\/balticlocalize.com\/lt\/downloads\/astra-theme-lietuviu-kalbos-vertimas\/\">Astra Theme lietuvi\u0161kai \u2013 BalticLocalize<\/a><\/h3>\n\n<div class=\"edd_download_excerpt\">\n\t<style>\n.blat-mini-btn-cart {\n  display: block;\n  background: linear-gradient(135deg, #7C3AED, #5b21b6);\n  color: #ffffff !important;\n  padding: 11px 16px;\n  border-radius: 8px;\n  font-size: 13px;\n  font-weight: 700;\n  text-decoration: none;\n  margin-bottom: 8px;\n  transition: transform 0.2s ease, box-shadow 0.2s ease, background 0.2s ease;\n  animation: blat-mini-pulse 2.5s ease-in-out infinite;\n}\n.blat-mini-btn-cart:hover {\n  transform: translateY(-2px);\n  box-shadow: 0 6px 18px rgba(124,58,237,0.4);\n  background: linear-gradient(135deg, #5b21b6, #4c1d95);\n  color: #ffffff !important;\n  animation: none;\n}\n.blat-mini-btn-cart:active { transform: translateY(0); color: #ffffff !important; }\n.blat-mini-btn-cart:visited { color: #ffffff !important; }\n.blat-mini-btn-desc {\n  display: block;\n  background: #f5f3ff;\n  color: #7C3AED;\n  padding: 9px 16px;\n  border-radius: 8px;\n  font-size: 12px;\n  font-weight: 600;\n  text-decoration: none;\n  border: 1px solid #ddd6fe;\n  transition: background 0.2s ease, border-color 0.2s ease;\n}\n.blat-mini-btn-desc:hover { background: #ede9fe; border-color: #7C3AED; }\n@keyframes blat-mini-pulse {\n  0%, 100% { box-shadow: 0 0 0 0 rgba(124,58,237,0.35); }\n  50%       { box-shadow: 0 0 0 6px rgba(124,58,237,0); }\n}\n<\/style>\n<div style=\"font-family:-apple-system,BlinkMacSystemFont,'Segoe UI',sans-serif;max-width:320px;margin:0 auto;border-radius:14px;overflow:hidden;box-shadow:0 8px 24px rgba(124,58,237,0.15);border:1px solid #ddd6fe;\">\n<div style=\"background:linear-gradient(135deg,#7C3AED,#5b21b6);padding:18px 20px;text-align:center;\">\n<div style=\"font-size:10px;color:rgba(255,255,255,0.7);text-transform:uppercase;letter-spacing:1.5px;margin-bottom:6px;\">\ud83c\udf10 WordPress tema<\/div>\n<div style=\"font-size:17px;font-weight:800;color:#ffffff;line-height:1.3;\">Astra Theme \u2013 lietuvi\u0173 kalbos vertimas<\/div>\n<div style=\"font-size:10px;color:rgba(255,255,255,0.65);margin-top:4px;letter-spacing:0.5px;\">3 400+ eilu\u010di\u0173 \u00b7 Svetain\u0117s r\u0117mai LT<\/div>\n<\/p>\n<\/div>\n<div style=\"background:#ffffff;padding:18px 20px;text-align:center;\">\n<div style=\"font-size:28px;font-weight:900;color:#5b21b6;margin-bottom:4px;\">49 \u20ac<\/div>\n<div style=\"font-size:11px;color:#64748b;margin-bottom:16px;\">Vienkartinis mok\u0117jimas \u00b7 30 d. garantija<\/div>\n<p>    <a class=\"blat-mini-btn-cart\" href=\"https:\/\/balticlocalize.com\/lt\/apmokejimas\/?edd_action=add_to_cart&#038;download_id=8295\">\ud83d\uded2 \u012ed\u0117ti \u012f krep\u0161el\u012f \u00b7 49 \u20ac<\/a><br \/>\n    <a class=\"blat-mini-btn-desc\" href=\"https:\/\/balticlocalize.com\/lt\/downloads\/astra-theme-lietuviu-kalbos-vertimas\/\">\ud83d\udcd6 Per\u017ei\u016br\u0117ti apra\u0161ym\u0105 \u2192<\/a>\n  <\/div>\n<\/div>\n<\/div>\n<div class=\"edd_download_buy_button\">\n\t\t<form id=\"edd_purchase_8295\" class=\"edd_download_purchase_form edd_purchase_8295\" method=\"post\">\n\n\t\t\n\t\t<div class=\"edd_purchase_submit_wrapper\">\n\t\t\t<button class=\"edd-add-to-cart button has-edd-button-background-color has-edd-button-text-color edd-submit\" data-nonce=\"c65141baec\" data-timestamp=\"1778834123\" data-token=\"888941eddcc06d144ddaf1430e2bde03ca81f9d2bfa53990cb5174cc58434632\" data-action=\"edd_add_to_cart\" data-download-id=\"8295\" data-variable-price=\"no\" data-price-mode=single data-price=\"49.00\" ><span class=\"edd-add-to-cart-label\">49,00&euro;&nbsp;&ndash;&nbsp;Pirkti<\/span> <span class=\"edd-loading\" aria-label=\"\u012ekeliama\"><\/span><\/button><input type=\"submit\" class=\"edd-add-to-cart edd-no-js button has-edd-button-background-color has-edd-button-text-color edd-submit\" name=\"edd_purchase_download\" value=\"49,00&euro;&nbsp;&ndash;&nbsp;Pirkti\" data-action=\"edd_add_to_cart\" data-download-id=\"8295\" data-variable-price=\"no\" data-price-mode=single \/><a href=\"https:\/\/balticlocalize.com\/lt\/apmokejimas\/\" class=\"edd_go_to_checkout button has-edd-button-background-color has-edd-button-text-color edd-submit\" style=\"display:none;\">Apmok\u0117jimas<\/a>\n\t\t\t\t\t\t\t<span class=\"edd-cart-ajax-alert\" aria-live=\"assertive\">\n\t\t\t\t\t<span class=\"edd-cart-added-alert\" style=\"display: none;\">\n\t\t\t\t\t\t<svg class=\"edd-icon edd-icon-check\" xmlns=\"http:\/\/www.w3.org\/2000\/svg\" width=\"28\" height=\"28\" viewBox=\"0 0 28 28\" aria-hidden=\"true\">\n\t\t\t\t\t\t\t<path d=\"M26.11 8.844c0 .39-.157.78-.44 1.062L12.234 23.344c-.28.28-.672.438-1.062.438s-.78-.156-1.06-.438l-7.782-7.78c-.28-.282-.438-.673-.438-1.063s.156-.78.438-1.06l2.125-2.126c.28-.28.672-.438 1.062-.438s.78.156 1.062.438l4.594 4.61L21.42 5.656c.282-.28.673-.438 1.063-.438s.78.155 1.062.437l2.125 2.125c.28.28.438.672.438 1.062z\"\/>\n\t\t\t\t\t\t<\/svg>\n\t\t\t\t\t\t\u012ed\u0117ta \u012f krep\u0161el\u012f\t\t\t\t\t<\/span>\n\t\t\t\t<\/span>\n\t\t\t\t\t\t\t\t\t\t\t\t\t\t\t<\/div><!--end .edd_purchase_submit_wrapper-->\n\n\t\t<input type=\"hidden\" name=\"download_id\" value=\"8295\">\n\t\t\t\t\t\t\t<input type=\"hidden\" name=\"edd_action\" class=\"edd_action_input\" value=\"add_to_cart\">\n\t\t\n\t\t\t\t\t<input type=\"hidden\" name=\"edd_redirect_to_checkout\" value=\"1\">\n\t\t\n\t\t\n\t<\/form><!--end #edd_purchase_8295-->\n\t<\/div>\n\n\t<\/div>\n\n<\/div>\n\n\t\t\t\n\t\t\t\n\t\t<\/div>\n\n\t\t<\/div>\n\t\t\t\t\t\t<\/div>\n\t\t\t\t<\/div>\n\t\t\t\t\t<\/div>\n\t\t\t\t<\/div>\n\t\t\t\t<\/div>\n\t\t","protected":false},"excerpt":{"rendered":"<p>Profesional\u016bs WordPress tem\u0173 vertimo paketai Suteikite savo \u201eWordPress\u201c temai taisykling\u0105 lietuvi\u0173 kalb\u0105. Jau pilnai paruo\u0161ta. I\u0161verskite savo \u201eWordpress\u201c projektus su \u201ePremium\u201c\u00a0vertimais. Atsuis\u0173skite akimirksniu. 30 d. pinig\u0173 gr\u0105\u017einimo garantija Neleiskite angli\u0161kiems terminams sugadinti j\u016bs\u0173 svetain\u0117s lankytoj\u0173 patirties. \u010cia rasite pilnus lokalizavimo failus populiariausioms pasaulio temoms. Pagrindinis paketas: \u201eAstra\u201c tema (auk\u0161\u010diausios kokyb\u0117s vertimas) Temos yra itin didel\u0117s apimties. Pavyzd\u017eiui, populiarioji \u201eAstra\u201c turi daugiau nei 3 500 teksto eilu\u010di\u0173. Vertimas rankiniu b\u016bdu jums trukt\u0173 apie 50 valand\u0173 nuobodaus darbo \u2013 su mano paruo\u0161tu paketu \u0161\u012f laik\u0105 sutaupysite akimirksniu. Kod\u0117l verta rinktis \u201ePremium\u201c vertimo failus? \u2705 100 % i\u0161orin\u0117s svetain\u0117s dalies padengimas: kiekvienas mygtukas ir lankytojo matomas prane\u0161imas yra i\u0161verstas. \u2705 Optimizuota SEO: naudoju taisykling\u0105 terminologij\u0105, kuri\u0105 supranta paie\u0161kos varikliai. \u2705 In\u017einerin\u0117 kokyb\u0117: failai patikrinti ir pilnai suderinami su naujausiomis programin\u0117s \u012frangos versijomis. Profesionali i\u0161vaizda. Nat\u016bralus poj\u016btis. Jokio streso. Raskite savo temos vertim\u0105<\/p>\n","protected":false},"author":1,"featured_media":0,"parent":0,"menu_order":0,"comment_status":"closed","ping_status":"closed","template":"","meta":{"site-sidebar-layout":"no-sidebar","site-content-layout":"page-builder","ast-site-content-layout":"full-width-container","site-content-style":"default","site-sidebar-style":"default","ast-global-header-display":"","ast-banner-title-visibility":"","ast-main-header-display":"","ast-hfb-above-header-display":"","ast-hfb-below-header-display":"","ast-hfb-mobile-header-display":"","site-post-title":"disabled","ast-breadcrumbs-content":"","ast-featured-img":"disabled","footer-sml-layout":"","ast-disable-related-posts":"","theme-transparent-header-meta":"","adv-header-id-meta":"","stick-header-meta":"","header-above-stick-meta":"","header-main-stick-meta":"","header-below-stick-meta":"","astra-migrate-meta-layouts":"default","ast-page-background-enabled":"default","ast-page-background-meta":{"desktop":{"background-color":"var(--ast-global-color-4)","background-image":"","background-repeat":"repeat","background-position":"center center","background-size":"auto","background-attachment":"scroll","background-type":"","background-media":"","overlay-type":"","overlay-color":"","overlay-opacity":"","overlay-gradient":""},"tablet":{"background-color":"","background-image":"","background-repeat":"repeat","background-position":"center center","background-size":"auto","background-attachment":"scroll","background-type":"","background-media":"","overlay-type":"","overlay-color":"","overlay-opacity":"","overlay-gradient":""},"mobile":{"background-color":"","background-image":"","background-repeat":"repeat","background-position":"center center","background-size":"auto","background-attachment":"scroll","background-type":"","background-media":"","overlay-type":"","overlay-color":"","overlay-opacity":"","overlay-gradient":""}},"ast-content-background-meta":{"desktop":{"background-color":"var(--ast-global-color-5)","background-image":"","background-repeat":"repeat","background-position":"center center","background-size":"auto","background-attachment":"scroll","background-type":"","background-media":"","overlay-type":"","overlay-color":"","overlay-opacity":"","overlay-gradient":""},"tablet":{"background-color":"var(--ast-global-color-5)","background-image":"","background-repeat":"repeat","background-position":"center center","background-size":"auto","background-attachment":"scroll","background-type":"","background-media":"","overlay-type":"","overlay-color":"","overlay-opacity":"","overlay-gradient":""},"mobile":{"background-color":"var(--ast-global-color-5)","background-image":"","background-repeat":"repeat","background-position":"center center","background-size":"auto","background-attachment":"scroll","background-type":"","background-media":"","overlay-type":"","overlay-color":"","overlay-opacity":"","overlay-gradient":""}},"footnotes":""},"class_list":["post-7847","page","type-page","status-publish","hentry"],"aioseo_notices":[],"_hostinger_reach_plugin_has_subscription_block":false,"_hostinger_reach_plugin_is_elementor":false,"_links":{"self":[{"href":"https:\/\/balticlocalize.com\/lt\/wp-json\/wp\/v2\/pages\/7847","targetHints":{"allow":["GET"]}}],"collection":[{"href":"https:\/\/balticlocalize.com\/lt\/wp-json\/wp\/v2\/pages"}],"about":[{"href":"https:\/\/balticlocalize.com\/lt\/wp-json\/wp\/v2\/types\/page"}],"author":[{"embeddable":true,"href":"https:\/\/balticlocalize.com\/lt\/wp-json\/wp\/v2\/users\/1"}],"replies":[{"embeddable":true,"href":"https:\/\/balticlocalize.com\/lt\/wp-json\/wp\/v2\/comments?post=7847"}],"version-history":[{"count":0,"href":"https:\/\/balticlocalize.com\/lt\/wp-json\/wp\/v2\/pages\/7847\/revisions"}],"wp:attachment":[{"href":"https:\/\/balticlocalize.com\/lt\/wp-json\/wp\/v2\/media?parent=7847"}],"curies":[{"name":"wp","href":"https:\/\/api.w.org\/{rel}","templated":true}]}}