{"id":7857,"date":"2026-01-08T10:52:36","date_gmt":"2026-01-08T10:52:36","guid":{"rendered":"https:\/\/balticlocalize.com\/rekomenduojamas-talpinimas\/"},"modified":"2026-02-06T17:36:22","modified_gmt":"2026-02-06T17:36:22","slug":"rekomenduojamas-talpinimas","status":"publish","type":"page","link":"https:\/\/balticlocalize.com\/lt\/rekomenduojamas-talpinimas\/","title":{"rendered":"Rekomenduojamas talpinimas"},"content":{"rendered":"\t\t<div data-elementor-type=\"wp-page\" data-elementor-id=\"7857\" class=\"elementor elementor-7857 elementor-6653\" data-elementor-post-type=\"page\">\n\t\t\t\t<div class=\"elementor-element elementor-element-e8379f4 e-flex e-con-boxed e-con e-parent\" data-id=\"e8379f4\" data-element_type=\"container\" data-e-type=\"container\">\n\t\t\t\t\t<div class=\"e-con-inner\">\n\t\t\t\t<div class=\"elementor-element elementor-element-049e377 elementor-widget elementor-widget-heading\" data-id=\"049e377\" data-element_type=\"widget\" data-e-type=\"widget\" data-widget_type=\"heading.default\">\n\t\t\t\t<div class=\"elementor-widget-container\">\n\t\t\t\t\t<h2 class=\"elementor-heading-title elementor-size-default\">Vienintelis talpinimas, kur\u012f rekomenduoju savo klientams<\/h2>\t\t\t\t<\/div>\n\t\t\t\t<\/div>\n\t\t\t\t\t<\/div>\n\t\t\t\t<\/div>\n\t\t<div class=\"elementor-element elementor-element-e2b293e e-flex e-con-boxed e-con e-parent\" data-id=\"e2b293e\" data-element_type=\"container\" data-e-type=\"container\">\n\t\t\t\t\t<div class=\"e-con-inner\">\n\t\t\t\t\t<\/div>\n\t\t\t\t<\/div>\n\t\t<div class=\"elementor-element elementor-element-bd26e1e e-flex e-con-boxed e-con e-parent\" data-id=\"bd26e1e\" data-element_type=\"container\" data-e-type=\"container\">\n\t\t\t\t\t<div class=\"e-con-inner\">\n\t\t\t\t<div class=\"elementor-element elementor-element-b688378 elementor-widget elementor-widget-html\" data-id=\"b688378\" data-element_type=\"widget\" data-e-type=\"widget\" data-widget_type=\"html.default\">\n\t\t\t\t<div class=\"elementor-widget-container\">\n\t\t\t\t\t<div class=\"hostinger-container\">\r\n  <div class=\"hostinger-header\">\r\n    <h2 style=\"margin: 0; font-weight: 800; line-height: 1.2;\">\ud83d\ude80 Mano pasirinkimas Nr. 1: \u201eHostinger\u201c<\/h2>\r\n    <p style=\"margin: 8px 0 0; opacity: 0.95; font-size: 15px;\">Profesionali J\u016bs\u0173 verslo prad\u017eia be technini\u0173 r\u016bpes\u010di\u0173<\/p>\r\n  <\/div>\r\n  \r\n  <div class=\"hostinger-content\">\r\n    <div>\r\n      <p style=\"font-size: 14px; color: #4a5568; margin-top: 0; margin-bottom: 15px; line-height: 1.5;\">\r\n Nepadarykite da\u017enos klaidos pasirinkdami l\u0117t\u0105 talpinim\u0105. \u0160is planas u\u017etikrina, kad J\u016bs\u0173 svetain\u0117 (ir mano vertim\u0173 paketai) veikt\u0173 nepriekai\u0161tingai nuo pat pirmos dienos. \r\n      <\/p>\r\n      \r\n      <h3 style=\"color: #2d3748; margin-top: 0; margin-bottom: 20px; font-size: 18px; font-weight: bold;\">Kod\u0117l verta rinktis dabar?<\/h3>\r\n      <ul class=\"hostinger-list\">\r\n        <li><span class=\"check-icon\">\u2705<\/span> <strong>LiteSpeed Cache &nbsp;<\/strong>(\u017eaibi\u0161kas krovimas)<\/li>\r\n        <li>\u2705 <span class=\"check-icon\">&nbsp;<strong>Nemokamas domenas ir SSL sertifikatas<\/strong><\/span><\/li>\r\n        <li>\u2705<strong> Pagalba 24\/7<\/strong> (angl\u0173\/gimt\u0105ja kalba)<\/li>\r\n        <li><span class=\"check-icon\">\ud83d\udee1\ufe0f<strong>30 dien\u0173<\/strong> pinig\u0173 gr\u0105\u017einimo garantija<\/span><\/li>\r\n      <\/ul>\r\n      <p style=\"font-size: 13px; color: #718096; margin-top: 15px; font-style: italic;\">Tai yra serveriai, kuriuose talpinu savo ir klient\u0173 projektus d\u0117l ramyb\u0117s ir grei\u010dio.<\/p>\r\n    <\/div>\r\n\r\n    <div class=\"hostinger-box\">\r\n      <p style=\"color: #e53e3e; font-weight: bold; font-size: 12px; text-transform: uppercase; margin-bottom: 10px; letter-spacing: 1px; margin-top: 0;\">\ud83d\udd25 Specialus partnerio pasi\u016blymas<\/p>\r\n      \r\n      <div style=\"font-size: 32px; font-weight: 800; color: #2d3748; margin-bottom: 5px; line-height: 1;\">-20 % nuolaida<\/div>\r\n      <p style=\"font-size: 13px; color: #718096; margin-bottom: 20px; margin-top: 5px;\">Galioja papildomai prie standartin\u0117s kainos<\/p>\r\n      \r\n      <a class=\"cta-button\" href=\"https:\/\/hostinger.lt?REFERRALCODE=1YDRNAS51\" target=\"_blank\" rel=\"noopener\">\r\n Aktyvuoti nuolaid\u0105 dabar \u2192\r\n      <\/a>\r\n      <p style=\"font-size: 11px; color: #a0aec0; margin-top: 15px; margin-bottom: 0;\">*Nuoroda automati\u0161kai pritaiko geriausi\u0105 kain\u0105<\/p>\r\n    <\/div>\r\n  <\/div>\r\n<\/div>\t\t\t\t<\/div>\n\t\t\t\t<\/div>\n\t\t\t\t\t<\/div>\n\t\t\t\t<\/div>\n\t\t\t\t<\/div>\n\t\t","protected":false},"excerpt":{"rendered":"<p>Vienintelis talpinimas, kur\u012f rekomenduoju savo klientams \ud83d\ude80 Mano pasirinkimas Nr. 1: \u201eHostinger\u201c Profesionali J\u016bs\u0173 verslo prad\u017eia be technini\u0173 r\u016bpes\u010di\u0173 Nepadarykite da\u017enos klaidos pasirinkdami l\u0117t\u0105 talpinim\u0105. \u0160is planas u\u017etikrina, kad J\u016bs\u0173 svetain\u0117 (ir mano vertim\u0173 paketai) veikt\u0173 nepriekai\u0161tingai nuo pat pirmos dienos. Kod\u0117l verta rinktis dabar? \u2705 LiteSpeed Cache &nbsp;(\u017eaibi\u0161kas krovimas) \u2705 &nbsp;Nemokamas domenas ir SSL sertifikatas \u2705 Pagalba 24\/7 (angl\u0173\/gimt\u0105ja kalba) \ud83d\udee1\ufe0f30 dien\u0173 pinig\u0173 gr\u0105\u017einimo garantija Tai yra serveriai, kuriuose talpinu savo ir klient\u0173 projektus d\u0117l ramyb\u0117s ir grei\u010dio. \ud83d\udd25 Specialus partnerio pasi\u016blymas -20 % nuolaida Galioja papildomai prie standartin\u0117s kainos Aktyvuoti nuolaid\u0105 dabar \u2192 *Nuoroda automati\u0161kai pritaiko geriausi\u0105 kain\u0105<\/p>\n","protected":false},"author":1,"featured_media":0,"parent":0,"menu_order":0,"comment_status":"closed","ping_status":"closed","template":"","meta":{"site-sidebar-layout":"no-sidebar","site-content-layout":"page-builder","ast-site-content-layout":"full-width-container","site-content-style":"default","site-sidebar-style":"default","ast-global-header-display":"","ast-banner-title-visibility":"","ast-main-header-display":"","ast-hfb-above-header-display":"","ast-hfb-below-header-display":"","ast-hfb-mobile-header-display":"","site-post-title":"disabled","ast-breadcrumbs-content":"","ast-featured-img":"disabled","footer-sml-layout":"","ast-disable-related-posts":"","theme-transparent-header-meta":"","adv-header-id-meta":"","stick-header-meta":"","header-above-stick-meta":"","header-main-stick-meta":"","header-below-stick-meta":"","astra-migrate-meta-layouts":"default","ast-page-background-enabled":"default","ast-page-background-meta":{"desktop":{"background-color":"var(--ast-global-color-4)","background-image":"","background-repeat":"repeat","background-position":"center center","background-size":"auto","background-attachment":"scroll","background-type":"","background-media":"","overlay-type":"","overlay-color":"","overlay-opacity":"","overlay-gradient":""},"tablet":{"background-color":"","background-image":"","background-repeat":"repeat","background-position":"center center","background-size":"auto","background-attachment":"scroll","background-type":"","background-media":"","overlay-type":"","overlay-color":"","overlay-opacity":"","overlay-gradient":""},"mobile":{"background-color":"","background-image":"","background-repeat":"repeat","background-position":"center center","background-size":"auto","background-attachment":"scroll","background-type":"","background-media":"","overlay-type":"","overlay-color":"","overlay-opacity":"","overlay-gradient":""}},"ast-content-background-meta":{"desktop":{"background-color":"var(--ast-global-color-5)","background-image":"","background-repeat":"repeat","background-position":"center center","background-size":"auto","background-attachment":"scroll","background-type":"","background-media":"","overlay-type":"","overlay-color":"","overlay-opacity":"","overlay-gradient":""},"tablet":{"background-color":"var(--ast-global-color-5)","background-image":"","background-repeat":"repeat","background-position":"center center","background-size":"auto","background-attachment":"scroll","background-type":"","background-media":"","overlay-type":"","overlay-color":"","overlay-opacity":"","overlay-gradient":""},"mobile":{"background-color":"var(--ast-global-color-5)","background-image":"","background-repeat":"repeat","background-position":"center center","background-size":"auto","background-attachment":"scroll","background-type":"","background-media":"","overlay-type":"","overlay-color":"","overlay-opacity":"","overlay-gradient":""}},"footnotes":""},"class_list":["post-7857","page","type-page","status-publish","hentry"],"aioseo_notices":[],"_hostinger_reach_plugin_has_subscription_block":false,"_hostinger_reach_plugin_is_elementor":false,"_links":{"self":[{"href":"https:\/\/balticlocalize.com\/lt\/wp-json\/wp\/v2\/pages\/7857","targetHints":{"allow":["GET"]}}],"collection":[{"href":"https:\/\/balticlocalize.com\/lt\/wp-json\/wp\/v2\/pages"}],"about":[{"href":"https:\/\/balticlocalize.com\/lt\/wp-json\/wp\/v2\/types\/page"}],"author":[{"embeddable":true,"href":"https:\/\/balticlocalize.com\/lt\/wp-json\/wp\/v2\/users\/1"}],"replies":[{"embeddable":true,"href":"https:\/\/balticlocalize.com\/lt\/wp-json\/wp\/v2\/comments?post=7857"}],"version-history":[{"count":0,"href":"https:\/\/balticlocalize.com\/lt\/wp-json\/wp\/v2\/pages\/7857\/revisions"}],"wp:attachment":[{"href":"https:\/\/balticlocalize.com\/lt\/wp-json\/wp\/v2\/media?parent=7857"}],"curies":[{"name":"wp","href":"https:\/\/api.w.org\/{rel}","templated":true}]}}