{"id":8110,"date":"2025-12-01T23:55:26","date_gmt":"2025-12-01T23:55:26","guid":{"rendered":"https:\/\/balticlocalize.com\/elektronines-parduotuves-taisykles\/"},"modified":"2026-02-27T09:07:36","modified_gmt":"2026-02-27T09:07:36","slug":"vertimo-parduotuves-taisykles","status":"publish","type":"page","link":"https:\/\/balticlocalize.com\/lt\/vertimo-parduotuves-taisykles\/","title":{"rendered":"Internetin\u0117s parduotuv\u0117s taisykl\u0117s ir s\u0105lygos"},"content":{"rendered":"\t\t<div data-elementor-type=\"wp-page\" data-elementor-id=\"8110\" class=\"elementor elementor-8110 elementor-3605\" data-elementor-post-type=\"page\">\n\t\t\t\t<div class=\"elementor-element elementor-element-429b329 e-flex e-con-boxed e-con e-parent\" data-id=\"429b329\" data-element_type=\"container\" data-e-type=\"container\">\n\t\t\t\t\t<div class=\"e-con-inner\">\n\t\t\t\t<div class=\"elementor-element elementor-element-f1a437f elementor-widget elementor-widget-text-editor\" data-id=\"f1a437f\" data-element_type=\"widget\" data-e-type=\"widget\" data-widget_type=\"text-editor.default\">\n\t\t\t\t<div class=\"elementor-widget-container\">\n\t\t\t\t\t\t\t\t\t&nbsp;\n\n<style>\n        * { margin: 0; padding: 0; box-sizing: border-box; }\n        body {\n            font-family: 'Segoe UI', Tahoma, Geneva, Verdana, sans-serif;\n            line-height: 1.6; color: #333;\n            background: linear-gradient(135deg, #667eea 0%, #764ba2 100%);\n            padding: 20px; min-height: 100vh;\n        }\n        .container {\n            max-width: 900px; margin: 0 auto; background: white;\n            padding: 30px; border-radius: 15px;\n            box-shadow: 0 10px 40px rgba(0,0,0,0.2);\n        }\n        .version-badge {\n            display: inline-block;\n            background: linear-gradient(135deg, #667eea 0%, #764ba2 100%);\n            color: white; font-size: 0.75rem; font-weight: 600;\n            padding: 4px 12px; border-radius: 20px; margin-bottom: 20px;\n        }\n        h1 { color: #4a5568; margin-bottom: 10px; font-size: clamp(1.5rem, 5vw, 2.2rem); border-bottom: 3px solid #667eea; padding-bottom: 15px; }\n        h1::before { content: \"\ud83d\udee1\ufe0f \"; }\n        h2 { color: #667eea; margin-top: 30px; margin-bottom: 15px; font-size: clamp(1.2rem, 4vw, 1.6rem); padding-left: 10px; border-left: 4px solid #764ba2; }\n        h3 { color: #4a5568; margin-top: 20px; margin-bottom: 10px; font-size: clamp(1rem, 3.5vw, 1.2rem); }\n        p { margin-bottom: 15px; text-align: justify; font-size: clamp(0.9rem, 2.5vw, 1rem); }\n        .info-box { background: linear-gradient(135deg, #e0e7ff 0%, #e9d5ff 100%); border-left: 5px solid #667eea; padding: 20px; margin: 20px 0; border-radius: 8px; box-shadow: 0 2px 10px rgba(102,126,234,0.1); }\n        .info-box p { margin-bottom: 0; }\n        .warning-box { background: linear-gradient(135deg, #fef3c7 0%, #fde68a 100%); border-left: 5px solid #f59e0b; padding: 20px; margin: 20px 0; border-radius: 8px; }\n        .warning-box p { margin-bottom: 0; color: #78350f; }\n        .success-box { background: linear-gradient(135deg, #ecfdf5 0%, #d1fae5 100%); border-left: 5px solid #059669; padding: 20px; margin: 20px 0; border-radius: 8px; }\n        .success-box p { margin-bottom: 0; color: #064e3b; }\n        table { width: 100%; border-collapse: collapse; margin: 20px 0; background: white; border-radius: 8px; overflow: hidden; box-shadow: 0 2px 10px rgba(0,0,0,0.05); font-size: clamp(0.85rem, 2.5vw, 1rem); }\n        th, td { padding: 12px; text-align: left; border-bottom: 1px solid #e2e8f0; }\n        th { background: linear-gradient(135deg, #667eea 0%, #764ba2 100%); color: white; font-weight: 600; }\n        tr:last-child td { border-bottom: none; }\n        tr:hover { background: #f7fafc; }\n        ul { margin: 15px 0 15px 20px; }\n        li { margin-bottom: 8px; font-size: clamp(0.9rem, 2.5vw, 1rem); }\n        a { color: #667eea; text-decoration: none; word-break: break-word; }\n        a:hover { text-decoration: underline; color: #764ba2; }\n        b { color: #4a5568; }\n        .highlight { background: linear-gradient(120deg, #fef3c7 0%, #fde68a 100%); padding: 2px 6px; border-radius: 4px; font-weight: 600; }\n        .toc { background: #f8fafc; border: 1px solid #e2e8f0; border-radius: 10px; padding: 20px 24px; margin: 20px 0 30px 0; }\n        .toc-title { font-size: 0.85rem; font-weight: 700; color: #64748b; text-transform: uppercase; letter-spacing: 1px; margin-bottom: 12px; }\n        .toc ol { margin: 0; padding-left: 18px; }\n        .toc li { margin-bottom: 6px; font-size: 0.9rem; }\n        .toc a { color: #667eea; }\n        @media (max-width: 600px) {\n            body { padding: 10px; }\n            .container { padding: 15px; }\n            table { font-size: 0.82rem; }\n            th, td { padding: 9px 8px; }\n        }\n<\/style>\n\n&nbsp;\n<div class=\"container\">\n\n<span class=\"version-badge\">Versija 1.0 \u00b7 Galioja nuo 2025<\/span>\n\n<h1>BalticLocalize \u2013 parduotuv\u0117s taisykl\u0117s<\/h1>\n\n<p>\u0160ios pirkimo taisykl\u0117s (toliau \u2013 <b>Taisykl\u0117s<\/b>) nustato <b>BalticLocalize<\/b> parduotuv\u0117s (toliau \u2013 <b>Pardav\u0117jas<\/b>) ir jos kliento (toliau \u2013 <b>Pirk\u0117jas<\/b>) tarpusavio teises, pareigas bei atsakomyb\u0119 \u012fsigyjant skaitmenines prekes.<\/p>\n\n<div class=\"toc\">\n  <div class=\"toc-title\">\ud83d\udccb Turinys<\/div>\n  <ol>\n    <li><a href=\"#bendrosios\">Bendrosios nuostatos<\/a><\/li>\n    <li><a href=\"#sutartis\">Pirkimo\u2013pardavimo sutarties sudarymas<\/a><\/li>\n    <li><a href=\"#pristatymas\">Skaitmenini\u0173 preki\u0173 pristatymas ir prieiga<\/a><\/li>\n    <li><a href=\"#garantija\">Gr\u0105\u017einimas ir pinig\u0173 gr\u0105\u017einimo garantija (30 dien\u0173)<\/a><\/li>\n    <li><a href=\"#intelektine\">Intelektin\u0117 nuosavyb\u0117 ir naudojimo teis\u0117s<\/a><\/li>\n    <li><a href=\"#duomenys\">Duomen\u0173 apsauga<\/a><\/li>\n    <li><a href=\"#atsakomybe\">Atsakomyb\u0117s ribojimas<\/a><\/li>\n    <li><a href=\"#baigiamosios\">Baigiamosios nuostatos<\/a><\/li>\n  <\/ol>\n<\/div>\n\n<h2 id=\"bendrosios\">1. Bendrosios nuostatos<\/h2>\n\n<h3>1.1. Pardav\u0117jo duomenys<\/h3>\n<table>\n<thead><tr><th>Detal\u0117<\/th><th>Informacija<\/th><\/tr><\/thead>\n<tbody>\n<tr><td><b>Pardav\u0117jas<\/b><\/td><td>\u017dydr\u016bnas Rup\u0161laukis<\/td><\/tr>\n<tr><td><b>El. parduotuv\u0117s adresas<\/b><\/td><td><a href=\"https:\/\/balticlocalize.com\/lt\/\" target=\"_blank\" rel=\"noopener\">https:\/\/balticlocalize.com<\/a><\/td><\/tr>\n<tr><td><b>Registracijos adresas<\/b><\/td><td>Gabijos g. 68, Kaunas, LT-47103<\/td><\/tr>\n<tr><td><b>Kontaktinis el. pa\u0161tas<\/b><\/td><td><a href=\"mailto:info@balticlocalize.com\">info@balticlocalize.com<\/a><\/td><\/tr>\n<tr><td><b>Atsakymo laikas<\/b><\/td><td>Per 24\u201348 darbo valandas<\/td><\/tr>\n<\/tbody>\n<\/table>\n\n<h3>1.2. Taisykli\u0173 taikymas<\/h3>\n<p>\u0160ios taisykl\u0117s taikomos visoms el. parduotuv\u0117je sudaromoms operacijoms. Pirkimo metu pa\u017eym\u0117damas sutikimo langel\u012f, Pirk\u0117jas patvirtina, kad perskait\u0117 \u0161ias Taisykles ir bes\u0105lygi\u0161kai sutinka j\u0173 laikytis.<\/p>\n\n<h3>1.3. Prek\u0117s apibr\u0117\u017eimas<\/h3>\n<p>El. parduotuv\u0117je parduodamos <b>skaitmenin\u0117s prek\u0117s<\/b> \u2013 WordPress \u012fskiepi\u0173 ir tem\u0173 vertimo paketai (.PO, .MO, .L10N, .JSON failai) \u2013 kurios Pirk\u0117jui pristatomos skaitmeninin\u0117mis priemon\u0117mis. Tai n\u0117ra materialios prek\u0117s ir joms netaikomas fizini\u0173 preki\u0173 gr\u0105\u017einimo re\u017eimas.<\/p>\n\n<h2 id=\"sutartis\">2. Pirkimo\u2013pardavimo sutarties sudarymas<\/h2>\n\n<h3>2.1. Sutarties sudarymas<\/h3>\n<p>Sutartis tarp Pardav\u0117jo ir Pirk\u0117jo laikoma sudaryta nuo to momento, kai Pirk\u0117jas:<\/p>\n<ul>\n  <li>suformuoja krep\u0161el\u012f ir pasirenka mok\u0117jimo b\u016bd\u0105,<\/li>\n  <li>patvirtina susipa\u017einim\u0105 su \u0161iomis Taisykl\u0117mis,<\/li>\n  <li>paspaud\u017eia mygtuk\u0105 \u201eApmok\u0117ti&#8221; ir<\/li>\n  <li>gauna i\u0161 Pardav\u0117jo u\u017esakymo patvirtinim\u0105 el. pa\u0161tu.<\/li>\n<\/ul>\n\n<h3>2.2. Mok\u0117jimas<\/h3>\n<p>Pirk\u0117jas \u012fsipareigoja u\u017e prekes sumok\u0117ti nedelsiant. Mok\u0117jimas laikomas atliktu, kai l\u0117\u0161os gaunamos \u012f Pardav\u0117jo mok\u0117jimo platform\u0105 (<b>Stripe<\/b> arba <b>PayPal<\/b>). Visi mok\u0117jimai apdorojami saugiais, PCI DSS sertifikuotais kanalais \u2013 korteli\u0173 duomenys n\u0117ra saugomi Pardav\u0117jo serveriuose.<\/p>\n\n<h3>2.3. U\u017esakymo patvirtinimas ir s\u0105skaita<\/h3>\n<p>Mok\u0117jimo patvirtinimas ir s\u0105skaita fakt\u016bra Pirk\u0117jui i\u0161siun\u010diami el. pa\u0161tu automati\u0161kai per 5 minutes po s\u0117kmingo mok\u0117jimo.<\/p>\n\n<h2 id=\"pristatymas\">3. Skaitmenini\u0173 preki\u0173 pristatymas ir prieiga<\/h2>\n\n<h3>3.1. Pristatymo b\u016bdas ir terminas<\/h3>\n<p>Skaitmenin\u0117s prek\u0117s Pirk\u0117jui pristatomos <b>skaitmeniniu b\u016bdu<\/b> \u2013 atsisiuntimo nuoroda siun\u010diama el. pa\u0161tu ir pasiekiama per Pirk\u0117jo paskyr\u0105 svetain\u0117je. Prieiga suteikiama per <span class=\"highlight\">5 minutes<\/span> po mok\u0117jimo patvirtinimo.<\/p>\n\n<div class=\"info-box\">\n  <p>\u2139\ufe0f Jei atsisiuntimo nuoroda negaunama per 30 minu\u010di\u0173 \u2013 patikrinkite \u201eSpam&#8221; \/ \u201eJunk&#8221; aplank\u0105 arba susisiekite: <a href=\"mailto:info@balticlocalize.com\">info@balticlocalize.com<\/a><\/p>\n<\/div>\n\n<h3>3.2. Pirk\u0117jo atsakomyb\u0117<\/h3>\n<p>Pirk\u0117jas yra atsakingas u\u017e teisingo ir veikian\u010dio el. pa\u0161to adreso pateikim\u0105 pirkimo metu. Pardav\u0117jas neatsako u\u017e ne\u012fvykus\u012f pristatym\u0105 d\u0117l neteisingai nurodyto el. pa\u0161to.<\/p>\n\n<h3>3.3. Atsisiuntim\u0173 apribojimai<\/h3>\n<p>Pirk\u0117jui suteikiama <b>neribota atsisiuntim\u0173 teis\u0117<\/b> per savo paskyr\u0105 vis\u0105 licencijos galiojimo laikotarp\u012f. Atsisiuntimo nuorodos nepriklauso nuo Pirk\u0117jo \u012frenginio ar nar\u0161ykl\u0117s.<\/p>\n\n<h2 id=\"garantija\">4. Gr\u0105\u017einimas ir pinig\u0173 gr\u0105\u017einimo garantija<\/h2>\n\n<h3>4.1. Sutarties atsisakymas (ES teis\u0117)<\/h3>\n<p>Vadovaujantis Lietuvos Respublikos civilinio kodekso nuostatomis ir ES direktyvomis d\u0117l vartotoj\u0173 teisi\u0173, Pirk\u0117jas, \u012fsigydamas skaitmenin\u012f turin\u012f ir sutikdamas su neatid\u0117liotinu jo pateikimu, <b>praranda \u012fstatymin\u0119 teis\u0119 atsisakyti nuotolin\u0117s sutarties<\/b> (gr\u0105\u017einti Prek\u0119) pagal LR CK 6.22810 str.<\/p>\n\n<div class=\"warning-box\">\n  <p>\u26a0\ufe0f Pirkdamas skaitmenin\u0119 prek\u0119 ir pa\u017eym\u0117damas sutikim\u0105, Pirk\u0117jas patvirtina, kad supranta jog \u012fstatymin\u0117 atsisakymo teis\u0117 netaikoma skaitmeniniam turiniui, kur\u012f jau gavo.<\/p>\n<\/div>\n\n<h3>4.2. Komercin\u0117 30 dien\u0173 garantija<\/h3>\n<div class=\"success-box\">\n  <p>\u2705 <b>Pardav\u0117jas savanori\u0161kai suteikia 30 (trisde\u0161imties) dien\u0173 pinig\u0173 gr\u0105\u017einimo garantij\u0105<\/b>, skai\u010diuojam\u0105 nuo pirkimo datos \u2013 vir\u0161ijant \u012fstatyminius reikalavimus.<\/p>\n<\/div>\n\n<p>Garantija taikoma \u0161iais atvejais:<\/p>\n<ul>\n  <li>Vertimas neveikia su nurodytu \u012fskiepiu ar tema po teisingai atlikto diegimo.<\/li>\n  <li>Gautas failas yra sugadintas ar nepilnas.<\/li>\n  <li>Prek\u0117 neatitinka svetain\u0117je paskelbto apra\u0161ymo.<\/li>\n<\/ul>\n\n<p>Garantija <b>netaikoma<\/b>, jei:<\/p>\n<ul>\n  <li>Pirk\u0117jas \u012fdieg\u0117 failus neteisingai (nesilaikydamas pateiktos instrukcijos).<\/li>\n  <li>Problema kyla d\u0117l Pirk\u0117jo serverio konfig\u016bracijos ar tre\u010di\u0173j\u0173 \u0161ali\u0173 \u012fskiepi\u0173 konflikt\u0173.<\/li>\n  <li>Pra\u0117jo daugiau nei 30 dien\u0173 nuo pirkimo.<\/li>\n<\/ul>\n\n<p>Nor\u0117damas pasinaudoti garantija, Pirk\u0117jas turi kreiptis el. pa\u0161tu <a href=\"mailto:info@balticlocalize.com\">info@balticlocalize.com<\/a> nurodydamas u\u017esakymo numer\u012f ir problemos apra\u0161ym\u0105. Pardav\u0117jas \u012fsipareigoja atsakyti per <span class=\"highlight\">48 darbo valandas<\/span> ir pa\u0161alinti tr\u016bkumus arba gr\u0105\u017einti pinigus.<\/p>\n\n<h2 id=\"intelektine\">5. Intelektin\u0117 nuosavyb\u0117 ir naudojimo teis\u0117s<\/h2>\n\n<h3>5.1. Teisi\u0173 priklausomyb\u0117<\/h3>\n<p>Visos teis\u0117s \u012f el. parduotuv\u0117je parduodamas skaitmenines prekes (\u012fskaitant autori\u0173 teises \u012f vertim\u0173 turin\u012f ir strukt\u016br\u0105) priklauso Pardav\u0117jui ir yra saugomos Lietuvos Respublikos bei tarptautin\u0117s teis\u0117s.<\/p>\n\n<h3>5.2. Suteikiama licencija<\/h3>\n<p>\u012esigydamas prekes, Pirk\u0117jas \u012fgyja <b>nei\u0161imtin\u0119, neperleid\u017eiam\u0105, neriboto svetaini\u0173 skai\u010diaus licencij\u0105<\/b> naudoti \u012fsigyt\u0105 vertimo paket\u0105 savo ir savo klient\u0173 WordPress projektuose.<\/p>\n\n<div class=\"info-box\">\n  <p>\u2705 <b>Leid\u017eiama:<\/b> naudoti neribotame skai\u010diuje svetaini\u0173 \u2013 tiek asmeniniuose, tiek klient\u0173 projektuose.<\/p>\n<\/div>\n\n<div class=\"warning-box\">\n  <p>\ud83d\udeab <b>Draud\u017eiama:<\/b> perparduoti, vie\u0161ai platinti, \u012fkelti \u012f kitas parduotuves ar rinkinius, sublicencijuoti ar bet kokiu kitu b\u016bdu perduoti \u012fsigytas skaitmenines prekes tre\u010diosioms \u0161alims be ra\u0161ti\u0161ko Pardav\u0117jo sutikimo.<\/p>\n<\/div>\n\n<h2 id=\"duomenys\">6. Duomen\u0173 apsauga<\/h2>\n\n<h3>6.1. Privatumo politika<\/h3>\n<p>Pirk\u0117jo asmens duomenys tvarkomi vadovaujantis <a href=\"https:\/\/balticlocalize.com\/lt\/privatumo-politika\/\" target=\"_blank\" rel=\"noopener\"><b>Privatumo politika<\/b><\/a>, kuri yra neatsiejama \u0161i\u0173 Taisykli\u0173 dalis. Pirk\u0117jas privalo susipa\u017einti su Privatumo politika prie\u0161 pirkdamas.<\/p>\n\n<h3>6.2. Slapukai<\/h3>\n<p>El. parduotuv\u0117 naudoja slapukus (angl. cookies) tinkamam funkcionavimui u\u017etikrinti. Naudodamasis svetaine, Pirk\u0117jas sutinka su slapuk\u0173 naudojimu pagal Privatumo politik\u0105.<\/p>\n\n<h2 id=\"atsakomybe\">7. Atsakomyb\u0117s ribojimas<\/h2>\n\n<h3>7.1. Technin\u0117 aplinka<\/h3>\n<p>Pardav\u0117jas neatsako u\u017e \u017eal\u0105 ar trukd\u017eius, kylan\u010dius d\u0117l Pirk\u0117jo serverio aplinkos, tre\u010di\u0173j\u0173 \u0161ali\u0173 \u012fskiepi\u0173 ar tem\u0173 konflikt\u0173, netinkamos WordPress konfig\u016bracijos ar Pirk\u0117jo savaranki\u0161k\u0173 pakeitim\u0173 \u012fsigytuose failuose.<\/p>\n\n<h3>7.2. Nepertraukiamas veikimas<\/h3>\n<p>Pardav\u0117jas deda visas protingas pastangas, kad el. parduotuv\u0117 veikt\u0173 be pertr\u016bki\u0173, ta\u010diau negarantuoja 100 % nepertraukiamo veikimo ir neatsako u\u017e \u017eal\u0105, atsiradusi\u0105 d\u0117l laikino neprieinamumo.<\/p>\n\n<h3>7.3. Atsakomyb\u0117s riba<\/h3>\n<p>Visais atvejais Pardav\u0117jo atsakomyb\u0117 Pirk\u0117jui negali vir\u0161yti Pirk\u0117jo sumok\u0117tos konkre\u010dios Prek\u0117s kainos.<\/p>\n\n<h2 id=\"baigiamosios\">8. Baigiamosios nuostatos<\/h2>\n\n<h3>8.1. Taikytina teis\u0117 ir gin\u010d\u0173 sprendimas<\/h3>\n<p>\u0160ios Taisykl\u0117s sudarytos vadovaujantis <b>Lietuvos Respublikos teise<\/b>. Visi nesutarimai sprend\u017eiami deryb\u0173 keliu. Nepavykus susitarti per 30 dien\u0173, gin\u010dai sprend\u017eiami Lietuvos Respublikos \u012fstatym\u0173 nustatyta tvarka kompetentingame teisme pagal Pardav\u0117jo registracijos viet\u0105 (Kaunas).<\/p>\n\n<h3>8.2. Vartotoj\u0173 gin\u010d\u0173 sprendimas<\/h3>\n<p>ES vartotojai taip pat gali pasinaudoti Europos Komisijos skaitmenini\u0173 gin\u010d\u0173 sprendimo platforma: <a href=\"https:\/\/ec.europa.eu\/consumers\/odr\/\" target=\"_blank\" rel=\"noopener\">ec.europa.eu\/consumers\/odr<\/a><\/p>\n\n<h3>8.3. Taisykli\u0173 keitimas<\/h3>\n<p>Pardav\u0117jas pasilieka teis\u0119 keisti \u0161ias Taisykles. Pakeitimai \u012fsigalioja nuo j\u0173 paskelbimo svetain\u0117je momento. Pirk\u0117jui rekomenduojama periodi\u0161kai per\u017ei\u016br\u0117ti Taisykles.<\/p>\n\n<p><b>Galiojanti versija:<\/b> 1.0 \u00b7 <b>Paskutin\u012f kart\u0105 atnaujinta:<\/b> 2025<\/p>\n\n<\/div>\n&nbsp;\n\t\t\t\t\t\t\t\t<\/div>\n\t\t\t\t<\/div>\n\t\t\t\t\t<\/div>\n\t\t\t\t<\/div>\n\t\t\t\t<\/div>\n\t\t","protected":false},"excerpt":{"rendered":"<p>&nbsp; &nbsp; Versija 1.0 \u00b7 Galioja nuo 2025 BalticLocalize \u2013 parduotuv\u0117s taisykl\u0117s \u0160ios pirkimo taisykl\u0117s (toliau \u2013 Taisykl\u0117s) nustato BalticLocalize parduotuv\u0117s (toliau \u2013 Pardav\u0117jas) ir jos kliento (toliau \u2013 Pirk\u0117jas) tarpusavio teises, pareigas bei atsakomyb\u0119 \u012fsigyjant skaitmenines prekes. \ud83d\udccb Turinys Bendrosios nuostatos Pirkimo\u2013pardavimo sutarties sudarymas Skaitmenini\u0173 preki\u0173 pristatymas ir prieiga Gr\u0105\u017einimas ir pinig\u0173 gr\u0105\u017einimo garantija (30 dien\u0173) Intelektin\u0117 nuosavyb\u0117 ir naudojimo teis\u0117s Duomen\u0173 apsauga Atsakomyb\u0117s ribojimas Baigiamosios nuostatos 1. Bendrosios nuostatos 1.1. Pardav\u0117jo duomenys Detal\u0117 Informacija Pardav\u0117jas \u017dydr\u016bnas Rup\u0161laukis El. parduotuv\u0117s adresas https:\/\/balticlocalize.com Registracijos adresas Gabijos g. 68, Kaunas, LT-47103 Kontaktinis el. pa\u0161tas info@balticlocalize.com Atsakymo laikas Per 24\u201348 darbo valandas 1.2. Taisykli\u0173 taikymas \u0160ios taisykl\u0117s taikomos visoms el. parduotuv\u0117je sudaromoms operacijoms. Pirkimo metu pa\u017eym\u0117damas sutikimo langel\u012f, Pirk\u0117jas patvirtina, kad perskait\u0117 \u0161ias Taisykles ir bes\u0105lygi\u0161kai sutinka j\u0173 laikytis. 1.3. Prek\u0117s apibr\u0117\u017eimas El. parduotuv\u0117je parduodamos skaitmenin\u0117s prek\u0117s \u2013 WordPress \u012fskiepi\u0173 ir tem\u0173 vertimo paketai (.PO, .MO, .L10N, .JSON failai) \u2013 kurios Pirk\u0117jui pristatomos skaitmeninin\u0117mis priemon\u0117mis. Tai n\u0117ra materialios prek\u0117s ir joms netaikomas [&hellip;]<\/p>\n","protected":false},"author":1,"featured_media":0,"parent":0,"menu_order":0,"comment_status":"closed","ping_status":"closed","template":"","meta":{"site-sidebar-layout":"default","site-content-layout":"","ast-site-content-layout":"default","site-content-style":"default","site-sidebar-style":"default","ast-global-header-display":"","ast-banner-title-visibility":"","ast-main-header-display":"","ast-hfb-above-header-display":"","ast-hfb-below-header-display":"","ast-hfb-mobile-header-display":"","site-post-title":"","ast-breadcrumbs-content":"","ast-featured-img":"","footer-sml-layout":"","ast-disable-related-posts":"","theme-transparent-header-meta":"","adv-header-id-meta":"","stick-header-meta":"","header-above-stick-meta":"","header-main-stick-meta":"","header-below-stick-meta":"","astra-migrate-meta-layouts":"set","ast-page-background-enabled":"default","ast-page-background-meta":{"desktop":{"background-color":"var(--ast-global-color-4)","background-image":"","background-repeat":"repeat","background-position":"center center","background-size":"auto","background-attachment":"scroll","background-type":"","background-media":"","overlay-type":"","overlay-color":"","overlay-opacity":"","overlay-gradient":""},"tablet":{"background-color":"","background-image":"","background-repeat":"repeat","background-position":"center center","background-size":"auto","background-attachment":"scroll","background-type":"","background-media":"","overlay-type":"","overlay-color":"","overlay-opacity":"","overlay-gradient":""},"mobile":{"background-color":"","background-image":"","background-repeat":"repeat","background-position":"center center","background-size":"auto","background-attachment":"scroll","background-type":"","background-media":"","overlay-type":"","overlay-color":"","overlay-opacity":"","overlay-gradient":""}},"ast-content-background-meta":{"desktop":{"background-color":"var(--ast-global-color-5)","background-image":"","background-repeat":"repeat","background-position":"center center","background-size":"auto","background-attachment":"scroll","background-type":"","background-media":"","overlay-type":"","overlay-color":"","overlay-opacity":"","overlay-gradient":""},"tablet":{"background-color":"var(--ast-global-color-5)","background-image":"","background-repeat":"repeat","background-position":"center center","background-size":"auto","background-attachment":"scroll","background-type":"","background-media":"","overlay-type":"","overlay-color":"","overlay-opacity":"","overlay-gradient":""},"mobile":{"background-color":"var(--ast-global-color-5)","background-image":"","background-repeat":"repeat","background-position":"center center","background-size":"auto","background-attachment":"scroll","background-type":"","background-media":"","overlay-type":"","overlay-color":"","overlay-opacity":"","overlay-gradient":""}},"footnotes":""},"class_list":["post-8110","page","type-page","status-publish","hentry"],"aioseo_notices":[],"_hostinger_reach_plugin_has_subscription_block":false,"_hostinger_reach_plugin_is_elementor":false,"_links":{"self":[{"href":"https:\/\/balticlocalize.com\/lt\/wp-json\/wp\/v2\/pages\/8110","targetHints":{"allow":["GET"]}}],"collection":[{"href":"https:\/\/balticlocalize.com\/lt\/wp-json\/wp\/v2\/pages"}],"about":[{"href":"https:\/\/balticlocalize.com\/lt\/wp-json\/wp\/v2\/types\/page"}],"author":[{"embeddable":true,"href":"https:\/\/balticlocalize.com\/lt\/wp-json\/wp\/v2\/users\/1"}],"replies":[{"embeddable":true,"href":"https:\/\/balticlocalize.com\/lt\/wp-json\/wp\/v2\/comments?post=8110"}],"version-history":[{"count":25,"href":"https:\/\/balticlocalize.com\/lt\/wp-json\/wp\/v2\/pages\/8110\/revisions"}],"predecessor-version":[{"id":10792,"href":"https:\/\/balticlocalize.com\/lt\/wp-json\/wp\/v2\/pages\/8110\/revisions\/10792"}],"wp:attachment":[{"href":"https:\/\/balticlocalize.com\/lt\/wp-json\/wp\/v2\/media?parent=8110"}],"curies":[{"name":"wp","href":"https:\/\/api.w.org\/{rel}","templated":true}]}}