{"id":10444,"date":"2025-12-28T23:52:52","date_gmt":"2025-12-28T23:52:52","guid":{"rendered":"https:\/\/balticlocalize.com\/mans-konts\/"},"modified":"2026-03-03T09:48:04","modified_gmt":"2026-03-03T09:48:04","slug":"mans-konts","status":"publish","type":"page","link":"https:\/\/balticlocalize.com\/lv\/mans-konts\/","title":{"rendered":"Mans konts"},"content":{"rendered":"\t<div class=\"wp-block-edd-register\">\n\t\t<form id=\"edd-blocks-form__register\" class=\"edd-blocks-form edd-blocks-form__register\" action=\"\" method=\"post\">\n\t\t\t<div class=\"edd-blocks-form__group edd-blocks-form__group-username\">\n\t\t\t\t\t<label for=\"edd_user_register\" class=\"edd-label\">\n\t\t\tLietot\u0101jv\u0101rds vai e-pasts<span class=\"edd-required-indicator\" aria-hidden=\"true\">*<\/span><span class=\"screen-reader-text\">Oblig\u0101ts<\/span>\t\t<\/label>\n\t\t\t\t<div class=\"edd-blocks-form__control\">\n\t\t\t\t\t\t<span id=\"edd-edd_user_login-wrap\">\n\t\t\t\t\t<input\n\t\t\ttype=\"text\"\n\t\t\tname=\"edd_user_login\"\n\t\t\tid=\"edd_user_register\"\n\t\t\tvalue=\"\"\n\t\t\tplaceholder=\"\"\n\t\t\tclass=\"edd-input username required\"\n\t\t\t\t\t\t\trequired\n\t\t\t\t\t\t\/>\n\t\t\t\t\t<\/span>\n\t\t\t\t\t<\/div>\n\t\t\t\t<\/div>\n\t\t\t\t<div class=\"edd-blocks-form__group edd-blocks-form__group-edd-user-email\">\n\t\t\t\t\t<label for=\"email\" class=\"edd-label\">\n\t\t\tE-pasts<span class=\"edd-required-indicator\" aria-hidden=\"true\">*<\/span><span class=\"screen-reader-text\">Oblig\u0101ts<\/span>\t\t<\/label>\n\t\t\t\t<div class=\"edd-blocks-form__control\">\n\t\t\t\t\t\t<span id=\"edd-edd_user_email-wrap\">\n\t\t\t\t\t<input\n\t\t\ttype=\"email\"\n\t\t\tname=\"edd_user_email\"\n\t\t\tid=\"edd-user-email\"\n\t\t\tvalue=\"\"\n\t\t\tplaceholder=\"\"\n\t\t\tclass=\"edd-input edd-user-email required\"\n\t\t\t\t\t\t\trequired\n\t\t\t\t\t\t\/>\n\t\t\t\t\t<\/span>\n\t\t\t\t\t<\/div>\n\t\t\t\t<\/div>\n\t\t\t\t<div class=\"edd-blocks-form__group edd-blocks-form__group-edd-password user-pass1-wrap\">\n\t\t\t\t\t<label for=\"pass1\" class=\"edd-label\">\n\t\t\tParole<span class=\"edd-required-indicator\" aria-hidden=\"true\">*<\/span><span class=\"screen-reader-text\">Oblig\u0101ts<\/span>\t\t<\/label>\n\t\t\t\t<div class=\"edd-blocks-form__control wp-pwd\">\n\t\t\t\t\t<input\n\t\t\ttype=\"password\"\n\t\t\tname=\"edd_user_pass\"\n\t\t\tid=\"pass1\"\n\t\t\tvalue=\"\"\n\t\t\tplaceholder=\"\"\n\t\t\tclass=\"edd-input edd-password required\"\n\t\t\tdata-reveal=\"1\" data-pw=\"T3!o2Afr^FgrDiI%\"\t\t\t\trequired\n\t\t\t\t\t\t\/>\n\t\t\n\t\t\t<button type=\"button\" class=\"button button-secondary wp-hide-pw edd-has-js\" data-toggle=\"0\" aria-label=\"Sl\u0113pt paroli\">\n\t\t\t\t<span class=\"dashicons dashicons-hidden\" aria-hidden=\"true\"><\/span>\n\t\t\t<\/button>\n\t\t\t<div id=\"pass-strength-result\" class=\"edd-has-js\" aria-live=\"polite\">Stingruma indikators<\/div>\n\t\t<\/div>\n\t\t\t\t<\/div>\n\t\t\t\t<div\n\t\t\t\t\t\t\tclass=\"edd-blocks-form__group edd-blocks-form__group-pw-weak pw-weak\"\n\t\t\t\t\t>\n\t\t\t\t\t<div class=\"edd-blocks-form__control\">\n\t\t\t<input type=\"checkbox\" name=\"pw_weak\" id=\"pw-weak\" class=\"pw-checkbox\" \/>\n\t\t\t\t\t<label for=\"pw-weak\" class=\"edd-label\">\n\t\t\tApstiprin\u0101t v\u0101jas paroles izmanto\u0161anu\t\t<\/label>\n\t\t\t\t<\/div>\n\t\t\t\t<\/div>\n\t\t\t\t<div class=\"edd-blocks-form__group edd-blocks-form__group-password-confirm user-pass2-wrap\">\n\t\t\t\t\t<label for=\"pass2\" class=\"edd-label\">\n\t\t\tApstiprin\u0101t paroli<span class=\"edd-required-indicator\" aria-hidden=\"true\">*<\/span><span class=\"screen-reader-text\">Oblig\u0101ts<\/span>\t\t<\/label>\n\t\t\t\t<div class=\"edd-blocks-form__control\">\n\t\t\t\t\t<input\n\t\t\ttype=\"password\"\n\t\t\tname=\"edd_user_pass2\"\n\t\t\tid=\"pass2\"\n\t\t\tvalue=\"\"\n\t\t\tplaceholder=\"\"\n\t\t\tclass=\"edd-input password-confirm required\"\n\t\t\t\t\t\/>\n\t\t\t\t<\/div>\n\t\t\t\t<\/div>\n\t\t\n\t<p class=\"description indicator-hint\">Padoms: parolei ir j\u0101b\u016bt vismaz divpadsmit simbolus garai. Lai padar\u012btu to sp\u0113c\u012bg\u0101ku, izmantojiet lielos un mazos burtus, ciparus un simbolus, piem\u0113ram ! &#8221; ? $ % ^ &amp; ).<\/p>\n\n\t\t<div class=\"edd-blocks-form__group edd-blocks-form__group-submit reset-pass-submit\">\n\t\t<input type=\"hidden\" name=\"edd_honeypot\" value=\"\" \/>\n\t\t<input type=\"hidden\" name=\"edd_action\" value=\"user_register\" \/>\n\t\t<input type=\"hidden\" name=\"edd_submit\" value=\"edd_register_submit\" \/>\n\t\t<input type=\"hidden\" name=\"edd_redirect\" value=\"https:\/\/balticlocalize.com\/lv\/wp-json\/wp\/v2\/pages\/10444\/\"\/>\n\t\t<button type=\"button\" class=\"button wp-generate-pw edd-has-js edd-button-secondary\">\u0122ener\u0113t paroli<\/button>\n\t\t<input class=\"button edd-submit has-edd-button-background-color has-edd-button-text-color\" name=\"edd_register_submit\" id=\"submit\" type=\"submit\" value=\"Re\u0123istr\u0113ties\" \/>\n\t<\/div>\n\t\t<input style=\"position: fixed; bottom: 0px; left: -10000px; width: 1px; height: 1px; overflow: hidden;\" type=\"text\" name=\"edd-blocks-recaptcha\" id=\"edd-blocks-recaptcha\" required value=\"\"\/>\n\t<\/form>\n\t<\/div>\n\t\n\n\t<div class=\"wp-block-edd-login\">\n\t\t<form id=\"edd-blocks-form__login\" class=\"edd-blocks-form edd-blocks-form__login\" action=\"\" method=\"post\">\n\t\t\t<div class=\"edd-blocks-form__group edd-blocks-form__group-username\">\n\t\t\t\t\t<label for=\"edd_user_login\" class=\"edd-label\">\n\t\t\tLietot\u0101jv\u0101rds vai e-pasts<span class=\"edd-required-indicator\" aria-hidden=\"true\">*<\/span><span class=\"screen-reader-text\">Oblig\u0101ts<\/span>\t\t<\/label>\n\t\t\t\t<div class=\"edd-blocks-form__control\">\n\t\t\t<input name=\"edd_user_login\" id=\"edd_user_login\" class=\"edd-required edd-input\" type=\"text\" required\/>\n\t\t<\/div>\n\t\t\t\t<\/div>\n\t\t\t\t<div class=\"edd-blocks-form__group edd-blocks-form__group-password\">\n\t\t\t\t\t<label for=\"edd_user_pass\" class=\"edd-label\">\n\t\t\tParole<span class=\"edd-required-indicator\" aria-hidden=\"true\">*<\/span><span class=\"screen-reader-text\">Oblig\u0101ts<\/span>\t\t<\/label>\n\t\t\t\t<div class=\"edd-blocks-form__control\">\n\t\t\t<input name=\"edd_user_pass\" id=\"edd_user_pass\" class=\"edd-password edd-required edd-input\" type=\"password\" required\/>\n\t\t<\/div>\n\t\t\t\t<\/div>\n\t\t\t\t<div\n\t\t\t\t\t\t\tclass=\"edd-blocks-form__group edd-blocks-form__group-remember\"\n\t\t\t\t\t>\n\t\t\t\t\t<div class=\"edd-blocks-form__control\">\n\t\t\t<input name=\"rememberme\" type=\"checkbox\" id=\"rememberme\" value=\"forever\" \/>\n\t\t\t\t\t<label for=\"rememberme\" class=\"edd-label\">\n\t\t\tAtcer\u0113ties mani\t\t<\/label>\n\t\t\t\t<\/div>\n\t\t\t\t<\/div>\n\t\t\t<div class=\"edd-blocks-form__group edd-blocks-form__group-submit\">\n\t\t<input type=\"hidden\" name=\"edd_redirect\" value=\"https:\/\/balticlocalize.com\/lv\/mans-konts\/\"\/>\n\t\t<input type=\"hidden\" name=\"edd_login_nonce\" value=\"d3a71db991\"\/>\n\t\t<input type=\"hidden\" name=\"edd_action\" value=\"user_login\"\/>\n\t\t<input id=\"edd_login_submit\" type=\"submit\" class=\"button edd-submit has-edd-button-background-color has-edd-button-text-color\" value=\"Pieteikties\"\/>\n\t<\/div>\n\t<p class=\"edd-blocks-form__group edd-blocks-form__group-lost-password\">\n\t\t<a href=\"https:\/\/balticlocalize.com\/lv\/wp-json\/wp\/v2\/pages\/10444\/?action=lostpassword\">\n\t\t\tAizmirsu paroli?\t\t<\/a>\n\t<\/p>\n\t<\/form>\n\t<\/div>\n\t\n\n\n\n\n","protected":false},"excerpt":{"rendered":"","protected":false},"author":1,"featured_media":0,"parent":0,"menu_order":0,"comment_status":"closed","ping_status":"closed","template":"","meta":{"site-sidebar-layout":"default","site-content-layout":"","ast-site-content-layout":"default","site-content-style":"default","site-sidebar-style":"default","ast-global-header-display":"","ast-banner-title-visibility":"","ast-main-header-display":"","ast-hfb-above-header-display":"","ast-hfb-below-header-display":"","ast-hfb-mobile-header-display":"","site-post-title":"","ast-breadcrumbs-content":"","ast-featured-img":"","footer-sml-layout":"","ast-disable-related-posts":"","theme-transparent-header-meta":"","adv-header-id-meta":"","stick-header-meta":"","header-above-stick-meta":"","header-main-stick-meta":"","header-below-stick-meta":"","astra-migrate-meta-layouts":"default","ast-page-background-enabled":"default","ast-page-background-meta":{"desktop":{"background-color":"var(--ast-global-color-4)","background-image":"","background-repeat":"repeat","background-position":"center center","background-size":"auto","background-attachment":"scroll","background-type":"","background-media":"","overlay-type":"","overlay-color":"","overlay-opacity":"","overlay-gradient":""},"tablet":{"background-color":"","background-image":"","background-repeat":"repeat","background-position":"center center","background-size":"auto","background-attachment":"scroll","background-type":"","background-media":"","overlay-type":"","overlay-color":"","overlay-opacity":"","overlay-gradient":""},"mobile":{"background-color":"","background-image":"","background-repeat":"repeat","background-position":"center center","background-size":"auto","background-attachment":"scroll","background-type":"","background-media":"","overlay-type":"","overlay-color":"","overlay-opacity":"","overlay-gradient":""}},"ast-content-background-meta":{"desktop":{"background-color":"var(--ast-global-color-5)","background-image":"","background-repeat":"repeat","background-position":"center center","background-size":"auto","background-attachment":"scroll","background-type":"","background-media":"","overlay-type":"","overlay-color":"","overlay-opacity":"","overlay-gradient":""},"tablet":{"background-color":"var(--ast-global-color-5)","background-image":"","background-repeat":"repeat","background-position":"center center","background-size":"auto","background-attachment":"scroll","background-type":"","background-media":"","overlay-type":"","overlay-color":"","overlay-opacity":"","overlay-gradient":""},"mobile":{"background-color":"var(--ast-global-color-5)","background-image":"","background-repeat":"repeat","background-position":"center center","background-size":"auto","background-attachment":"scroll","background-type":"","background-media":"","overlay-type":"","overlay-color":"","overlay-opacity":"","overlay-gradient":""}},"footnotes":""},"class_list":["post-10444","page","type-page","status-publish","hentry"],"aioseo_notices":[],"_hostinger_reach_plugin_has_subscription_block":false,"_hostinger_reach_plugin_is_elementor":false,"_links":{"self":[{"href":"https:\/\/balticlocalize.com\/lv\/wp-json\/wp\/v2\/pages\/10444","targetHints":{"allow":["GET"]}}],"collection":[{"href":"https:\/\/balticlocalize.com\/lv\/wp-json\/wp\/v2\/pages"}],"about":[{"href":"https:\/\/balticlocalize.com\/lv\/wp-json\/wp\/v2\/types\/page"}],"author":[{"embeddable":true,"href":"https:\/\/balticlocalize.com\/lv\/wp-json\/wp\/v2\/users\/1"}],"replies":[{"embeddable":true,"href":"https:\/\/balticlocalize.com\/lv\/wp-json\/wp\/v2\/comments?post=10444"}],"version-history":[{"count":0,"href":"https:\/\/balticlocalize.com\/lv\/wp-json\/wp\/v2\/pages\/10444\/revisions"}],"wp:attachment":[{"href":"https:\/\/balticlocalize.com\/lv\/wp-json\/wp\/v2\/media?parent=10444"}],"curies":[{"name":"wp","href":"https:\/\/api.w.org\/{rel}","templated":true}]}}