{"id":10853,"date":"2026-01-06T22:27:06","date_gmt":"2026-01-06T22:27:06","guid":{"rendered":"https:\/\/balticlocalize.com\/mans-atbalsts\/"},"modified":"2026-03-03T10:01:31","modified_gmt":"2026-03-03T10:01:31","slug":"mans-atbalsts","status":"publish","type":"page","link":"https:\/\/balticlocalize.com\/lv\/mans-atbalsts\/","title":{"rendered":"Mans atbalsts"},"content":{"rendered":"\t\t<div data-elementor-type=\"wp-page\" data-elementor-id=\"10853\" class=\"elementor elementor-10853 elementor-6244\" data-elementor-post-type=\"page\">\n\t\t\t\t<div class=\"elementor-element elementor-element-33feeea e-flex e-con-boxed e-con e-parent\" data-id=\"33feeea\" data-element_type=\"container\" data-e-type=\"container\">\n\t\t\t\t\t<div class=\"e-con-inner\">\n\t\t<div class=\"elementor-element elementor-element-050fb60 e-con-full e-flex e-con e-child\" data-id=\"050fb60\" data-element_type=\"container\" data-e-type=\"container\">\n\t\t\t\t<div class=\"elementor-element elementor-element-20187a3 elementor-widget elementor-widget-heading\" data-id=\"20187a3\" data-element_type=\"widget\" data-e-type=\"widget\" data-widget_type=\"heading.default\">\n\t\t\t\t<div class=\"elementor-widget-container\">\n\t\t\t\t\t<h2 class=\"elementor-heading-title elementor-size-default\">\ud83d\udee0\ufe0f Mans atbalsta centrs<\/h2>\t\t\t\t<\/div>\n\t\t\t\t<\/div>\n\t\t\t\t<\/div>\n\t\t\t\t<div class=\"elementor-element elementor-element-24ebf08 elementor-widget elementor-widget-text-editor\" data-id=\"24ebf08\" data-element_type=\"widget\" data-e-type=\"widget\" data-widget_type=\"text-editor.default\">\n\t\t\t\t<div class=\"elementor-widget-container\">\n\t\t\t\t\t\t\t\t\t<div style=\"font-family: -apple-system, BlinkMacSystemFont, 'Segoe UI', Roboto, Helvetica, Arial, sans-serif; background: white; border-radius: 20px; box-shadow: 0 20px 60px rgba(0, 0, 0, 0.15); overflow: hidden; max-width: 900px; margin: 40px auto; line-height: 1.6; color: #333;\">\n    \n    \n    <div style=\"background: linear-gradient(135deg, #1e3a8a 0%, #3b82f6 100%); color: white; padding: 50px 20px; text-align: center; position: relative;\">\n        <div style=\"position: absolute; top: -50%; right: -10%; width: 300px; height: 300px; background: rgba(255, 255, 255, 0.1); border-radius: 50%; pointer-events: none;\"><\/div>\n        <span style=\"display: inline-block; background: rgba(255, 255, 255, 0.2); backdrop-filter: blur(10px); padding: 8px 20px; border-radius: 50px; font-size: 0.85em; font-weight: 600; margin-bottom: 20px; border: 1px solid rgba(255, 255, 255, 0.3); text-transform: uppercase; letter-spacing: 1px;\">\n \ud83d\udee0\ufe0f Mans atbalsta centrs\n        <\/span>\n        <h1 style=\"font-size: 2em; font-weight: 800; margin: 0 0 15px 0; line-height: 1.2; color: white;\">Tehniskais atbalsts un kvalit\u0101tes nodro\u0161in\u0101\u0161ana<\/h1>\n        <p style=\"font-size: 1em; opacity: 0.95; max-width: 700px; margin: 0 auto; font-weight: 400; padding: 0 15px;\">J\u016bsu veikala stabilit\u0101te ir mana priorit\u0101te. Ja paman\u012bsiet lokaliz\u0101cijas tr\u016bkumu vai tehnisku konfliktu, es esmu \u0161eit, lai to nokalibr\u0113tu. <\/p>\n    <\/div>\n\n    \n    <div style=\"padding: 30px 20px;\">\n        \n        \n        <div style=\"display: grid; grid-template-columns: repeat(auto-fit, minmax(280px, 1fr)); gap: 20px; margin-bottom: 40px;\">\n            \n            \n            <div style=\"background: #f8fafc; padding: 25px 20px; border-radius: 12px; border-left: 5px solid #3b82f6; box-shadow: 0 4px 6px rgba(0,0,0,0.05);\">\n                <h4 style=\"color: #1e3a8a; margin-top: 0; display: flex; align-items: center; font-size: 1.1em;\">\n                    <span style=\"background: #3b82f6; color: white; width: 24px; height: 24px; border-radius: 50%; display: inline-flex; justify-content: center; align-items: center; font-size: 0.8em; margin-right: 10px; flex-shrink: 0;\">1<\/span>\nVispirms dokument\u0101cija\n                <\/h4>\n                <p style=\"font-size: 0.95em; color: #475569; margin-bottom: 20px; line-height: 1.6;\">Pirms pieteikuma izveides, l\u016bdzu, p\u0101rskatiet tehnisko dokument\u0101ciju. 90% probl\u0113mu tiek atrisin\u0101tas, p\u0101rbaudot failu ce\u013cus un izt\u012brot ke\u0161atmi\u0146u. <\/p>\n                <a style=\"text-decoration: none; color: #3b82f6; font-weight: 600; font-size: 0.9em; display: inline-block;\" href=\"https:\/\/balticlocalize.com\/lv\/dokumentacija\/\">Skat\u012bt dokument\u0101ciju \u2192<\/a>\n            <\/div>\n\n            \n            <div style=\"background: #f8fafc; padding: 25px 20px; border-radius: 12px; border-left: 5px solid #10b981; box-shadow: 0 4px 6px rgba(0,0,0,0.05);\">\n                <h4 style=\"color: #064e3b; margin-top: 0; display: flex; align-items: center; font-size: 1.1em;\">\n                    <span style=\"background: #10b981; color: white; width: 24px; height: 24px; border-radius: 50%; display: inline-flex; justify-content: center; align-items: center; font-size: 0.8em; margin-right: 10px; flex-shrink: 0;\">2<\/span>\nIn\u017eeniertehnisk\u0101 p\u0101rbaude\n                <\/h4>\n                <p style=\"font-size: 0.95em; color: #475569; line-height: 1.6;\">Re\u0123istr\u0113ti klienti sa\u0146em priorit\u0101ru atbalstu. Tikl\u012bdz J\u016bs iesniegsiet pieteikumu, nor\u0101dot savu pas\u016bt\u012bjuma ID, es izanaliz\u0113\u0161u probl\u0113mu un atbild\u0113\u0161u 24\u201348 stundu laik\u0101. <\/p>\n            <\/div>\n            \n        <\/div>\n\n        \n        <div style=\"margin-bottom: 40px; background: #fff; border: 1px solid #e2e8f0; border-radius: 12px; padding: 25px 20px;\">\n            <h3 style=\"text-align: center; color: #1e3a8a; margin-top: 0; margin-bottom: 25px; font-size: 1.3em;\">Atbalsta apjoms<\/h3>\n            \n            <div style=\"display: grid; grid-template-columns: repeat(auto-fit, minmax(250px, 1fr)); gap: 25px;\">\n                \n                \n                <div>\n                    <h5 style=\"color: #10b981; border-bottom: 2px solid #10b981; padding-bottom: 10px; display: inline-block; margin-bottom: 15px; font-size: 1em;\">\u2705 Es atbalstu<\/h5>\n                    <ul style=\"list-style: none; padding: 0; margin: 0; font-size: 0.95em; color: #475569;\">\n                        <li style=\"margin-bottom: 10px; padding-left: 20px; position: relative;\">\n                            <span style=\"position: absolute; left: 0;\">\u2713<\/span>\nValodu failu instal\u0113\u0161ana\n                        <\/li>\n                        <li style=\"margin-bottom: 10px; padding-left: 20px; position: relative;\">\n                            <span style=\"position: absolute; left: 0;\">\u2713<\/span>\nTulkojuma nepiln\u012bbu nov\u0113r\u0161ana\n                        <\/li>\n                        <li style=\"margin-bottom: 10px; padding-left: 20px; position: relative;\">\n                            <span style=\"position: absolute; left: 0;\">\u2713<\/span>\nJSON failu konflikti\n                        <\/li>\n                    <\/ul>\n                <\/div>\n\n                \n                <div>\n                    <h5 style=\"color: #ef4444; border-bottom: 2px solid #ef4444; padding-bottom: 10px; display: inline-block; margin-bottom: 15px; font-size: 1em;\">\u274c Es neatbalstu<\/h5>\n                    <ul style=\"list-style: none; padding: 0; margin: 0; font-size: 0.95em; color: #475569;\">\n                        <li style=\"margin-bottom: 10px; padding-left: 20px; position: relative;\">\n                            <span style=\"position: absolute; left: 0;\">\u00d7<\/span>\nPiel\u0101gota programm\u0113\u0161ana tre\u0161o pu\u0161u spraud\u0146iem\n                        <\/li>\n                        <li style=\"margin-bottom: 10px; padding-left: 20px; position: relative;\">\n                            <span style=\"position: absolute; left: 0;\">\u00d7<\/span>\nServera konfigur\u0101cija\n                        <\/li>\n                        <li style=\"margin-bottom: 10px; padding-left: 20px; position: relative;\">\n                            <span style=\"position: absolute; left: 0;\">\u00d7<\/span>\nVizu\u0101las CSS \/ dizaina izmai\u0146as\n                        <\/li>\n                    <\/ul>\n                <\/div>\n                \n            <\/div>\n        <\/div>\n\n        \n        <div id=\"support-form\" style=\"background: #ffffff;\"><\/div>\n        \n    <\/div>\n<\/div>\n\n<style>\n    \/* Formos tinklo nustatymai *\/\n    .bl-form-grid {\n        display: grid;\n        grid-template-columns: 1fr 1fr;\n        gap: 20px;\n    }\n\n    \/* Laukai, kurie u\u017eima vis\u0105 plot\u012f *\/\n    .bl-field-full,\n    .bl-submit-wrap {\n        grid-column: span 2;\n    }\n\n    \/* Formos lauk\u0173 stiliai *\/\n    .wpcf7-form-control-wrap { \n        display: block; \n        width: 100%; \n    }\n\n    .wpcf7 input[type=\"text\"],\n    .wpcf7 input[type=\"email\"],\n    .wpcf7 input[type=\"url\"],\n    .wpcf7 select,\n    .wpcf7 textarea {\n        width: 100%;\n        padding: 12px 15px;\n        border: 1px solid #cbd5e1;\n        border-radius: 8px;\n        background: #f8fafc;\n        font-size: 15px;\n        color: #333;\n        box-sizing: border-box;\n        transition: all 0.3s ease;\n    }\n\n    .wpcf7 input:focus,\n    .wpcf7 select:focus,\n    .wpcf7 textarea:focus {\n        border-color: #3b82f6;\n        background: white;\n        outline: none;\n        box-shadow: 0 0 0 3px rgba(59, 130, 246, 0.1);\n    }\n\n    \/* Etiket\u0117s *\/\n    .wpcf7 label {\n        font-weight: 600;\n        color: #475569;\n        font-size: 0.9em;\n        margin-bottom: 6px;\n        display: block;\n    }\n\n    \/* Mygtukas *\/\n    .wpcf7 input[type=\"submit\"] {\n        background: #1e3a8a;\n        color: white;\n        padding: 14px 40px;\n        border: none;\n        border-radius: 50px;\n        font-weight: 700;\n        font-size: 1em;\n        cursor: pointer;\n        transition: background 0.3s ease;\n        display: block;\n        width: 100%;\n        max-width: 300px;\n        margin: 0 auto;\n    }\n    \n    .wpcf7 input[type=\"submit\"]:hover {\n        background: #3b82f6;\n    }\n\n    \/* Mobilusis vaizdas *\/\n    @media (max-width: 768px) {\n        .bl-form-grid {\n            grid-template-columns: 1fr;\n        }\n        .bl-field-full,\n        .bl-submit-wrap {\n            grid-column: span 1;\n        }\n    }\n<\/style>\t\t\t\t\t\t\t\t<\/div>\n\t\t\t\t<\/div>\n\t\t\t\t<div class=\"elementor-element elementor-element-91e9bde elementor-widget elementor-widget-text-editor\" data-id=\"91e9bde\" data-element_type=\"widget\" data-e-type=\"widget\" data-widget_type=\"text-editor.default\">\n\t\t\t\t<div class=\"elementor-widget-container\">\n\t\t\t\t\t\t\t\t\t<div style=\"font-family: -apple-system, BlinkMacSystemFont, 'Segoe UI', Roboto, Helvetica, Arial, sans-serif; background: white; border-radius: 20px 20px 0 0; box-shadow: 0 -5px 20px rgba(0,0,0,0.05); overflow: hidden; max-width: 900px; margin: 0 auto; line-height: 1.6; color: #333;\">\n<div style=\"background: linear-gradient(135deg, #1e3a8a 0%, #3b82f6 100%); color: white; padding: 50px 40px; text-align: center; position: relative;\">\n<div style=\"position: absolute; top: -50%; right: -10%; width: 300px; height: 300px; background: rgba(255, 255, 255, 0.1); border-radius: 50%; pointer-events: none;\"> <\/div>\n<p><span style=\"display: inline-block; background: rgba(255, 255, 255, 0.2); backdrop-filter: blur(10px); padding: 8px 20px; border-radius: 50px; font-size: 0.85em; font-weight: 600; margin-bottom: 20px; border: 1px solid rgba(255, 255, 255, 0.3); text-transform: uppercase; letter-spacing: 1px;\"> \ud83d\udee0\ufe0f Mans atbalsta centrs <\/span><\/p>\n<h1 style=\"font-size: 2.5em; font-weight: 800; margin: 0 0 15px 0; line-height: 1.2; color: white;\">Tehniskais atbalsts<\/h1>\n<p style=\"font-size: 1.1em; opacity: 0.95; max-width: 700px; margin: 0 auto; font-weight: 400;\">J\u016bsu veikala stabilit\u0101te ir mana priorit\u0101te. Lokaliz\u0101cijas nepiln\u012bbu vai .JSON konfliktu nov\u0113r\u0161ana.<\/p>\n<\/div>\n<div style=\"padding: 40px 40px 10px 40px;\">\n<div style=\"display: grid; grid-template-columns: repeat(auto-fit, minmax(300px, 1fr)); gap: 30px; margin-bottom: 40px;\">\n<div style=\"background: #f8fafc; padding: 25px; border-radius: 12px; border-left: 5px solid #3b82f6;\">\n<h4 style=\"color: #1e3a8a; margin: 0 0 10px 0;\">1. Vispirms dokument\u0101cija<\/h4>\n<p style=\"font-size: 0.9em; color: #475569; margin: 0;\">90% probl\u0113mu tiek atrisin\u0101tas, p\u0101rbaudot failu ce\u013cus un ke\u0161atmi\u0146u.<\/p>\n<\/div>\n<div style=\"background: #f8fafc; padding: 25px; border-radius: 12px; border-left: 5px solid #10b981;\">\n<h4 style=\"color: #064e3b; margin: 0 0 10px 0;\">2. In\u017eeniertehnisk\u0101 p\u0101rbaude<\/h4>\n<p style=\"font-size: 0.9em; color: #475569; margin: 0;\">Atbilde 24\u201348 stundu laik\u0101. Nepiecie\u0161ams pas\u016bt\u012bjuma ID. <\/p>\n<\/div>\n<\/div>\n<h3 style=\"color: #1e3a8a; margin-bottom: 15px; border-bottom: 2px solid #e2e8f0; padding-bottom: 10px;\">Atv\u0113rt tehnisko pieteikumu<\/h3>\n<\/div>\n<\/div>\t\t\t\t\t\t\t\t<\/div>\n\t\t\t\t<\/div>\n\t\t<div class=\"elementor-element elementor-element-d5e3c14 e-con-full e-flex e-con e-child\" data-id=\"d5e3c14\" data-element_type=\"container\" data-e-type=\"container\">\n\t\t<div class=\"elementor-element elementor-element-e874aae e-con-full e-flex e-con e-child\" data-id=\"e874aae\" data-element_type=\"container\" data-e-type=\"container\">\n\t\t\t\t<div class=\"elementor-element elementor-element-fe77eb8 elementor-widget elementor-widget-heading\" data-id=\"fe77eb8\" data-element_type=\"widget\" data-e-type=\"widget\" data-widget_type=\"heading.default\">\n\t\t\t\t<div class=\"elementor-widget-container\">\n\t\t\t\t\t<h6 class=\"elementor-heading-title elementor-size-default\">Es esmu \u0161eit, lai pal\u012bdz\u0113tu:<\/h6>\t\t\t\t<\/div>\n\t\t\t\t<\/div>\n\t\t\t\t<div class=\"elementor-element elementor-element-ec17cbf elementor-widget elementor-widget-text-editor\" data-id=\"ec17cbf\" data-element_type=\"widget\" data-e-type=\"widget\" data-widget_type=\"text-editor.default\">\n\t\t\t\t<div class=\"elementor-widget-container\">\n\t\t\t\t\t\t\t\t\t<h5><strong>Rakstiet man ang\u013cu, lietuvie\u0161u, latvie\u0161u vai igau\u0146u valod\u0101.<\/strong><\/h5>\t\t\t\t\t\t\t\t<\/div>\n\t\t\t\t<\/div>\n\t\t\t\t<div class=\"elementor-element elementor-element-b341914 elementor-widget elementor-widget-heading\" data-id=\"b341914\" data-element_type=\"widget\" data-e-type=\"widget\" data-widget_type=\"heading.default\">\n\t\t\t\t<div class=\"elementor-widget-container\">\n\t\t\t\t\t<h2 class=\"elementor-heading-title elementor-size-default\">Sazinieties ar mums<\/h2>\t\t\t\t<\/div>\n\t\t\t\t<\/div>\n\t\t\t\t<div class=\"elementor-element elementor-element-2bb1f2e elementor-button-align-stretch elementor-widget elementor-widget-form\" data-id=\"2bb1f2e\" data-element_type=\"widget\" data-e-type=\"widget\" data-settings=\"{&quot;step_next_label&quot;:&quot;N\\u0101kamais&quot;,&quot;step_previous_label&quot;:&quot;Iepriek\\u0161\\u0113jais&quot;,&quot;button_width&quot;:&quot;100&quot;,&quot;step_type&quot;:&quot;number_text&quot;,&quot;step_icon_shape&quot;:&quot;circle&quot;}\" data-widget_type=\"form.default\">\n\t\t\t\t<div class=\"elementor-widget-container\">\n\t\t\t\t\t\t\t<form class=\"elementor-form\" method=\"post\" name=\"Jauna forma\" aria-label=\"Jauna forma\">\n\t\t\t<input type=\"hidden\" name=\"post_id\" value=\"10853\"\/>\n\t\t\t<input type=\"hidden\" name=\"form_id\" value=\"2bb1f2e\"\/>\n\t\t\t<input type=\"hidden\" name=\"referer_title\" value=\"Mans atbalsts - BalticLocalize\" \/>\n\n\t\t\t\t\t\t\t<input type=\"hidden\" name=\"queried_id\" value=\"10853\"\/>\n\t\t\t\n\t\t\t<div class=\"elementor-form-fields-wrapper elementor-labels-above\">\n\t\t\t\t\t\t\t\t<div class=\"elementor-field-type-text elementor-field-group elementor-column elementor-field-group-name elementor-col-100\">\n\t\t\t\t\t\t\t\t\t\t\t\t<label for=\"form-field-name\" class=\"elementor-field-label\">\n\t\t\t\t\t\t\t\tV\u0101rds\t\t\t\t\t\t\t<\/label>\n\t\t\t\t\t\t\t\t\t\t\t\t\t\t<input size=\"1\" type=\"text\" name=\"form_fields[name]\" id=\"form-field-name\" class=\"elementor-field elementor-size-sm  elementor-field-textual\" placeholder=\"V\u0101rds\">\n\t\t\t\t\t\t\t\t\t\t\t<\/div>\n\t\t\t\t\t\t\t\t<div class=\"elementor-field-type-email elementor-field-group elementor-column elementor-field-group-email elementor-col-100 elementor-field-required elementor-mark-required\">\n\t\t\t\t\t\t\t\t\t\t\t\t<label for=\"form-field-email\" class=\"elementor-field-label\">\n\t\t\t\t\t\t\t\tE-pasts\t\t\t\t\t\t\t<\/label>\n\t\t\t\t\t\t\t\t\t\t\t\t\t\t<input size=\"1\" type=\"email\" name=\"form_fields[email]\" id=\"form-field-email\" class=\"elementor-field elementor-size-sm  elementor-field-textual\" placeholder=\"E-pasts\" required=\"required\">\n\t\t\t\t\t\t\t\t\t\t\t<\/div>\n\t\t\t\t\t\t\t\t<div class=\"elementor-field-type-textarea elementor-field-group elementor-column elementor-field-group-message elementor-col-100 elementor-field-required elementor-mark-required\">\n\t\t\t\t\t\t\t\t\t\t\t\t<label for=\"form-field-message\" class=\"elementor-field-label\">\n\t\t\t\t\t\t\t\tZi\u0146a\t\t\t\t\t\t\t<\/label>\n\t\t\t\t\t\t<textarea class=\"elementor-field-textual elementor-field  elementor-size-sm\" name=\"form_fields[message]\" id=\"form-field-message\" rows=\"4\" placeholder=\"Zi\u0146a\" required=\"required\"><\/textarea>\t\t\t\t<\/div>\n\t\t\t\t\t\t\t\t<div class=\"elementor-field-group elementor-column elementor-field-type-submit elementor-col-100 e-form__buttons\">\n\t\t\t\t\t<button class=\"elementor-button elementor-size-sm\" type=\"submit\">\n\t\t\t\t\t\t<span class=\"elementor-button-content-wrapper\">\n\t\t\t\t\t\t\t\t\t\t\t\t\t\t\t\t\t\t\t\t\t\t<span class=\"elementor-button-text\">Nos\u016bt\u012bt<\/span>\n\t\t\t\t\t\t\t\t\t\t\t\t\t<\/span>\n\t\t\t\t\t<\/button>\n\t\t\t\t<\/div>\n\t\t\t<\/div>\n\t\t<\/form>\n\t\t\t\t\t\t<\/div>\n\t\t\t\t<\/div>\n\t\t\t\t<\/div>\n\t\t\t\t<\/div>\n\t\t\t\t\t<\/div>\n\t\t\t\t<\/div>\n\t\t\t\t<\/div>\n\t\t","protected":false},"excerpt":{"rendered":"<p>\ud83d\udee0\ufe0f Mans atbalsta centrs \ud83d\udee0\ufe0f Mans atbalsta centrs Tehniskais atbalsts un kvalit\u0101tes nodro\u0161in\u0101\u0161ana J\u016bsu veikala stabilit\u0101te ir mana priorit\u0101te. Ja paman\u012bsiet lokaliz\u0101cijas tr\u016bkumu vai tehnisku konfliktu, es esmu \u0161eit, lai to nokalibr\u0113tu. 1 Vispirms dokument\u0101cija Pirms pieteikuma izveides, l\u016bdzu, p\u0101rskatiet tehnisko dokument\u0101ciju. 90% probl\u0113mu tiek atrisin\u0101tas, p\u0101rbaudot failu ce\u013cus un izt\u012brot ke\u0161atmi\u0146u. Skat\u012bt dokument\u0101ciju \u2192 2 In\u017eeniertehnisk\u0101 p\u0101rbaude Re\u0123istr\u0113ti klienti sa\u0146em priorit\u0101ru atbalstu. Tikl\u012bdz J\u016bs iesniegsiet pieteikumu, nor\u0101dot savu pas\u016bt\u012bjuma ID, es izanaliz\u0113\u0161u probl\u0113mu un atbild\u0113\u0161u 24\u201348 stundu laik\u0101. Atbalsta apjoms \u2705 Es atbalstu \u2713 Valodu failu instal\u0113\u0161ana \u2713 Tulkojuma nepiln\u012bbu nov\u0113r\u0161ana \u2713 JSON failu konflikti \u274c Es neatbalstu \u00d7 Piel\u0101gota programm\u0113\u0161ana tre\u0161o pu\u0161u spraud\u0146iem \u00d7 Servera konfigur\u0101cija \u00d7 Vizu\u0101las CSS \/ dizaina izmai\u0146as \ud83d\udee0\ufe0f Mans atbalsta centrs Tehniskais atbalsts J\u016bsu veikala stabilit\u0101te ir mana priorit\u0101te. Lokaliz\u0101cijas nepiln\u012bbu vai .JSON konfliktu nov\u0113r\u0161ana. 1. Vispirms dokument\u0101cija 90% probl\u0113mu tiek atrisin\u0101tas, p\u0101rbaudot failu ce\u013cus un ke\u0161atmi\u0146u. 2. In\u017eeniertehnisk\u0101 p\u0101rbaude Atbilde 24\u201348 stundu laik\u0101. Nepiecie\u0161ams pas\u016bt\u012bjuma ID. Atv\u0113rt tehnisko pieteikumu Es esmu \u0161eit, [&hellip;]<\/p>\n","protected":false},"author":1,"featured_media":0,"parent":0,"menu_order":2,"comment_status":"closed","ping_status":"closed","template":"","meta":{"site-sidebar-layout":"no-sidebar","site-content-layout":"page-builder","ast-site-content-layout":"full-width-container","site-content-style":"default","site-sidebar-style":"default","ast-global-header-display":"","ast-banner-title-visibility":"","ast-main-header-display":"","ast-hfb-above-header-display":"","ast-hfb-below-header-display":"","ast-hfb-mobile-header-display":"","site-post-title":"disabled","ast-breadcrumbs-content":"","ast-featured-img":"disabled","footer-sml-layout":"","ast-disable-related-posts":"","theme-transparent-header-meta":"","adv-header-id-meta":"","stick-header-meta":"","header-above-stick-meta":"","header-main-stick-meta":"","header-below-stick-meta":"","astra-migrate-meta-layouts":"default","ast-page-background-enabled":"default","ast-page-background-meta":{"desktop":{"background-color":"var(--ast-global-color-4)","background-image":"","background-repeat":"repeat","background-position":"center center","background-size":"auto","background-attachment":"scroll","background-type":"","background-media":"","overlay-type":"","overlay-color":"","overlay-opacity":"","overlay-gradient":""},"tablet":{"background-color":"","background-image":"","background-repeat":"repeat","background-position":"center center","background-size":"auto","background-attachment":"scroll","background-type":"","background-media":"","overlay-type":"","overlay-color":"","overlay-opacity":"","overlay-gradient":""},"mobile":{"background-color":"","background-image":"","background-repeat":"repeat","background-position":"center center","background-size":"auto","background-attachment":"scroll","background-type":"","background-media":"","overlay-type":"","overlay-color":"","overlay-opacity":"","overlay-gradient":""}},"ast-content-background-meta":{"desktop":{"background-color":"var(--ast-global-color-5)","background-image":"","background-repeat":"repeat","background-position":"center center","background-size":"auto","background-attachment":"scroll","background-type":"","background-media":"","overlay-type":"","overlay-color":"","overlay-opacity":"","overlay-gradient":""},"tablet":{"background-color":"var(--ast-global-color-5)","background-image":"","background-repeat":"repeat","background-position":"center center","background-size":"auto","background-attachment":"scroll","background-type":"","background-media":"","overlay-type":"","overlay-color":"","overlay-opacity":"","overlay-gradient":""},"mobile":{"background-color":"var(--ast-global-color-5)","background-image":"","background-repeat":"repeat","background-position":"center center","background-size":"auto","background-attachment":"scroll","background-type":"","background-media":"","overlay-type":"","overlay-color":"","overlay-opacity":"","overlay-gradient":""}},"footnotes":""},"class_list":["post-10853","page","type-page","status-publish","hentry"],"aioseo_notices":[],"_hostinger_reach_plugin_has_subscription_block":false,"_hostinger_reach_plugin_is_elementor":false,"_links":{"self":[{"href":"https:\/\/balticlocalize.com\/lv\/wp-json\/wp\/v2\/pages\/10853","targetHints":{"allow":["GET"]}}],"collection":[{"href":"https:\/\/balticlocalize.com\/lv\/wp-json\/wp\/v2\/pages"}],"about":[{"href":"https:\/\/balticlocalize.com\/lv\/wp-json\/wp\/v2\/types\/page"}],"author":[{"embeddable":true,"href":"https:\/\/balticlocalize.com\/lv\/wp-json\/wp\/v2\/users\/1"}],"replies":[{"embeddable":true,"href":"https:\/\/balticlocalize.com\/lv\/wp-json\/wp\/v2\/comments?post=10853"}],"version-history":[{"count":0,"href":"https:\/\/balticlocalize.com\/lv\/wp-json\/wp\/v2\/pages\/10853\/revisions"}],"wp:attachment":[{"href":"https:\/\/balticlocalize.com\/lv\/wp-json\/wp\/v2\/media?parent=10853"}],"curies":[{"name":"wp","href":"https:\/\/api.w.org\/{rel}","templated":true}]}}