{"id":8089,"date":"2026-01-08T10:52:36","date_gmt":"2026-01-08T10:52:36","guid":{"rendered":"https:\/\/balticlocalize.com\/rekomenduojamas-talpinimas\/"},"modified":"2026-03-02T15:47:40","modified_gmt":"2026-03-02T15:47:40","slug":"rekomenduojamas-talpinimas","status":"publish","type":"page","link":"https:\/\/balticlocalize.com\/lv\/rekomenduojamas-talpinimas\/","title":{"rendered":"Recommended Hosting"},"content":{"rendered":"\t\t<div data-elementor-type=\"wp-page\" data-elementor-id=\"8089\" class=\"elementor elementor-8089 elementor-6653\" data-elementor-post-type=\"page\">\n\t\t\t\t<div class=\"elementor-element elementor-element-e8379f4 e-flex e-con-boxed e-con e-parent\" data-id=\"e8379f4\" data-element_type=\"container\" data-e-type=\"container\">\n\t\t\t\t\t<div class=\"e-con-inner\">\n\t\t\t\t<div class=\"elementor-element elementor-element-049e377 elementor-widget elementor-widget-heading\" data-id=\"049e377\" data-element_type=\"widget\" data-e-type=\"widget\" data-widget_type=\"heading.default\">\n\t\t\t\t<div class=\"elementor-widget-container\">\n\t\t\t\t\t<h2 class=\"elementor-heading-title elementor-size-default\">Vien\u012bgais hostings, ko iesaku saviem klientiem<\/h2>\t\t\t\t<\/div>\n\t\t\t\t<\/div>\n\t\t\t\t\t<\/div>\n\t\t\t\t<\/div>\n\t\t<div class=\"elementor-element elementor-element-e2b293e e-flex e-con-boxed e-con e-parent\" data-id=\"e2b293e\" data-element_type=\"container\" data-e-type=\"container\">\n\t\t\t\t\t<div class=\"e-con-inner\">\n\t\t\t\t\t<\/div>\n\t\t\t\t<\/div>\n\t\t<div class=\"elementor-element elementor-element-bd26e1e e-flex e-con-boxed e-con e-parent\" data-id=\"bd26e1e\" data-element_type=\"container\" data-e-type=\"container\">\n\t\t\t\t\t<div class=\"e-con-inner\">\n\t\t\t\t<div class=\"elementor-element elementor-element-b688378 elementor-widget elementor-widget-html\" data-id=\"b688378\" data-element_type=\"widget\" data-e-type=\"widget\" data-widget_type=\"html.default\">\n\t\t\t\t<div class=\"elementor-widget-container\">\n\t\t\t\t\t<div class=\"hostinger-container\">\r\n  <div class=\"hostinger-header\">\r\n    <h2 style=\"margin: 0; font-weight: 800; line-height: 1.2;\">\ud83d\ude80 Mana izv\u0113le Nr. 1: Hostinger<\/h2>\r\n    <p style=\"margin: 8px 0 0; opacity: 0.95; font-size: 15px;\">Profesion\u0101ls s\u0101kums j\u016bsu biznesam bez tehnisk\u0101m galvass\u0101p\u0113m<\/p>\r\n  <\/div>\r\n  \r\n  <div class=\"hostinger-content\">\r\n    <div>\r\n      <p style=\"font-size: 14px; color: #4a5568; margin-top: 0; margin-bottom: 15px; line-height: 1.5;\">\r\n Nepie\u013caujiet bie\u017ei sastopamo k\u013c\u016bdu, izv\u0113loties l\u0113nu hostingu. \u0160is pl\u0101ns nodro\u0161ina, ka j\u016bsu t\u012bmek\u013ca vietne (ar\u012b manis sagatavot\u0101s tulko\u0161anas pakotnes) darbosies nevainojami jau no pirm\u0101s dienas. \r\n      <\/p>\r\n      \r\n      <h3 style=\"color: #2d3748; margin-top: 0; margin-bottom: 20px; font-size: 18px; font-weight: bold;\">K\u0101p\u0113c izv\u0113l\u0113ties tie\u0161i tagad?<\/h3>\r\n      <ul class=\"hostinger-list\">\r\n        <li>\u2705 \u2705 \u2705<span class=\"check-icon\"><strong> LiteSpeed Cache<\/strong><\/span> zibens\u0101tru iel\u0101di<\/li>\r\n        <li>\u2705<span class=\"check-icon\"><strong> Bezmaksas dom\u0113ns <\/strong><\/span>SSL sertifik\u0101tu<\/li>\r\n        <li><span class=\"check-icon\"><strong>Diennakts atbalsts<\/strong><\/span> (ang\u013cu\/dzimto valodu)<\/li>\r\n        <li><span class=\"check-icon\">\ud83d\udee1\ufe0f30 dienu naudas atgrie\u0161anas garantiju<\/span><\/li>\r\n      <\/ul>\r\n      <p style=\"font-size: 13px; color: #718096; margin-top: 15px; font-style: italic;\">\"These are the servers where I host my own and client projects for peace of mind and speed.\"<\/p>\r\n    <\/div>\r\n\r\n    <div class=\"hostinger-box\">\r\n      <p style=\"color: #e53e3e; font-weight: bold; font-size: 12px; text-transform: uppercase; margin-bottom: 10px; letter-spacing: 1px; margin-top: 0;\">\ud83d\udd25 Special Partner Offer<\/p>\r\n      \r\n      <div style=\"font-size: 32px; font-weight: 800; color: #2d3748; margin-bottom: 5px; line-height: 1;\">-20% OFF<\/div>\r\n      <p style=\"font-size: 13px; color: #718096; margin-bottom: 20px; margin-top: 5px;\">Valid on top of standard pricing<\/p>\r\n      \r\n      <a class=\"cta-button\" href=\"https:\/\/hostinger.lt?REFERRALCODE=1YDRNAS51\" target=\"_blank\" rel=\"noopener\">\r\n Activate Discount Now \u2192\r\n      <\/a>\r\n      <p style=\"font-size: 11px; color: #a0aec0; margin-top: 15px; margin-bottom: 0;\">*Saite autom\u0101tiski piem\u0113ro lab\u0101ko cenu<\/p>\r\n    <\/div>\r\n  <\/div>\r\n<\/div>\t\t\t\t<\/div>\n\t\t\t\t<\/div>\n\t\t\t\t\t<\/div>\n\t\t\t\t<\/div>\n\t\t\t\t<\/div>\n\t\t","protected":false},"excerpt":{"rendered":"<p>Vien\u012bgais hostings, ko iesaku saviem klientiem \ud83d\ude80 Mana izv\u0113le Nr. 1: Hostinger Profesion\u0101ls s\u0101kums j\u016bsu biznesam bez tehnisk\u0101m galvass\u0101p\u0113m Nepie\u013caujiet bie\u017ei sastopamo k\u013c\u016bdu, izv\u0113loties l\u0113nu hostingu. \u0160is pl\u0101ns nodro\u0161ina, ka j\u016bsu t\u012bmek\u013ca vietne (ar\u012b manis sagatavot\u0101s tulko\u0161anas pakotnes) darbosies nevainojami jau no pirm\u0101s dienas. K\u0101p\u0113c izv\u0113l\u0113ties tie\u0161i tagad? \u2705 \u2705 \u2705 LiteSpeed Cache zibens\u0101tru iel\u0101di \u2705 Bezmaksas dom\u0113ns SSL sertifik\u0101tu Diennakts atbalsts (ang\u013cu\/dzimto valodu) \ud83d\udee1\ufe0f30 dienu naudas atgrie\u0161anas garantiju &#8220;These are the servers where I host my own and client projects for peace of mind and speed.&#8221; \ud83d\udd25 Special Partner Offer -20% OFF Valid on top of standard pricing Activate Discount Now \u2192 *Saite autom\u0101tiski piem\u0113ro lab\u0101ko cenu<\/p>\n","protected":false},"author":1,"featured_media":0,"parent":0,"menu_order":0,"comment_status":"closed","ping_status":"closed","template":"","meta":{"site-sidebar-layout":"no-sidebar","site-content-layout":"page-builder","ast-site-content-layout":"full-width-container","site-content-style":"default","site-sidebar-style":"default","ast-global-header-display":"","ast-banner-title-visibility":"","ast-main-header-display":"","ast-hfb-above-header-display":"","ast-hfb-below-header-display":"","ast-hfb-mobile-header-display":"","site-post-title":"disabled","ast-breadcrumbs-content":"","ast-featured-img":"disabled","footer-sml-layout":"","ast-disable-related-posts":"","theme-transparent-header-meta":"","adv-header-id-meta":"","stick-header-meta":"","header-above-stick-meta":"","header-main-stick-meta":"","header-below-stick-meta":"","astra-migrate-meta-layouts":"default","ast-page-background-enabled":"default","ast-page-background-meta":{"desktop":{"background-color":"var(--ast-global-color-4)","background-image":"","background-repeat":"repeat","background-position":"center center","background-size":"auto","background-attachment":"scroll","background-type":"","background-media":"","overlay-type":"","overlay-color":"","overlay-opacity":"","overlay-gradient":""},"tablet":{"background-color":"","background-image":"","background-repeat":"repeat","background-position":"center center","background-size":"auto","background-attachment":"scroll","background-type":"","background-media":"","overlay-type":"","overlay-color":"","overlay-opacity":"","overlay-gradient":""},"mobile":{"background-color":"","background-image":"","background-repeat":"repeat","background-position":"center center","background-size":"auto","background-attachment":"scroll","background-type":"","background-media":"","overlay-type":"","overlay-color":"","overlay-opacity":"","overlay-gradient":""}},"ast-content-background-meta":{"desktop":{"background-color":"var(--ast-global-color-5)","background-image":"","background-repeat":"repeat","background-position":"center center","background-size":"auto","background-attachment":"scroll","background-type":"","background-media":"","overlay-type":"","overlay-color":"","overlay-opacity":"","overlay-gradient":""},"tablet":{"background-color":"var(--ast-global-color-5)","background-image":"","background-repeat":"repeat","background-position":"center center","background-size":"auto","background-attachment":"scroll","background-type":"","background-media":"","overlay-type":"","overlay-color":"","overlay-opacity":"","overlay-gradient":""},"mobile":{"background-color":"var(--ast-global-color-5)","background-image":"","background-repeat":"repeat","background-position":"center center","background-size":"auto","background-attachment":"scroll","background-type":"","background-media":"","overlay-type":"","overlay-color":"","overlay-opacity":"","overlay-gradient":""}},"footnotes":""},"class_list":["post-8089","page","type-page","status-publish","hentry"],"aioseo_notices":[],"_hostinger_reach_plugin_has_subscription_block":false,"_hostinger_reach_plugin_is_elementor":false,"_links":{"self":[{"href":"https:\/\/balticlocalize.com\/lv\/wp-json\/wp\/v2\/pages\/8089","targetHints":{"allow":["GET"]}}],"collection":[{"href":"https:\/\/balticlocalize.com\/lv\/wp-json\/wp\/v2\/pages"}],"about":[{"href":"https:\/\/balticlocalize.com\/lv\/wp-json\/wp\/v2\/types\/page"}],"author":[{"embeddable":true,"href":"https:\/\/balticlocalize.com\/lv\/wp-json\/wp\/v2\/users\/1"}],"replies":[{"embeddable":true,"href":"https:\/\/balticlocalize.com\/lv\/wp-json\/wp\/v2\/comments?post=8089"}],"version-history":[{"count":0,"href":"https:\/\/balticlocalize.com\/lv\/wp-json\/wp\/v2\/pages\/8089\/revisions"}],"wp:attachment":[{"href":"https:\/\/balticlocalize.com\/lv\/wp-json\/wp\/v2\/media?parent=8089"}],"curies":[{"name":"wp","href":"https:\/\/api.w.org\/{rel}","templated":true}]}}