{"id":9464,"date":"2025-12-11T21:30:02","date_gmt":"2025-12-11T21:30:02","guid":{"rendered":"https:\/\/balticlocalize.com\/free-translation-packs\/"},"modified":"2026-03-26T20:59:26","modified_gmt":"2026-03-26T20:59:26","slug":"free-translation-packs","status":"publish","type":"page","link":"https:\/\/balticlocalize.com\/lv\/free-translation-packs\/","title":{"rendered":"Bezmaksas tulko\u0161anas pakotnes"},"content":{"rendered":"\t\t<div data-elementor-type=\"wp-page\" data-elementor-id=\"9464\" class=\"elementor elementor-9464 elementor-4237\" data-elementor-post-type=\"page\">\n\t\t\t\t<div class=\"elementor-element elementor-element-58d84a1 e-flex e-con-boxed e-con e-parent\" data-id=\"58d84a1\" data-element_type=\"container\" data-e-type=\"container\">\n\t\t\t\t\t<div class=\"e-con-inner\">\n\t\t\t\t<div class=\"elementor-element elementor-element-0594262 elementor-widget-divider--view-line elementor-widget elementor-widget-divider\" data-id=\"0594262\" data-element_type=\"widget\" data-e-type=\"widget\" data-widget_type=\"divider.default\">\n\t\t\t\t<div class=\"elementor-widget-container\">\n\t\t\t\t\t\t\t<div class=\"elementor-divider\">\n\t\t\t<span class=\"elementor-divider-separator\">\n\t\t\t\t\t\t<\/span>\n\t\t<\/div>\n\t\t\t\t\t\t<\/div>\n\t\t\t\t<\/div>\n\t\t\t\t<div class=\"elementor-element elementor-element-6e6ac22 elementor-widget elementor-widget-heading\" data-id=\"6e6ac22\" data-element_type=\"widget\" data-e-type=\"widget\" data-widget_type=\"heading.default\">\n\t\t\t\t<div class=\"elementor-widget-container\">\n\t\t\t\t\t<h2 class=\"elementor-heading-title elementor-size-default\">Profesion\u0101las bezmaksas tulko\u0161anas pakotnes WordPress spraud\u0146iem<\/h2>\t\t\t\t<\/div>\n\t\t\t\t<\/div>\n\t\t\t\t\t<\/div>\n\t\t\t\t<\/div>\n\t\t<div class=\"elementor-element elementor-element-bc8ff82 e-flex e-con-boxed e-con e-parent\" data-id=\"bc8ff82\" data-element_type=\"container\" data-e-type=\"container\" data-settings=\"{&quot;background_background&quot;:&quot;classic&quot;}\">\n\t\t\t\t\t<div class=\"e-con-inner\">\n\t\t<div class=\"elementor-element elementor-element-c66b0ad e-con-full e-flex e-con e-child\" data-id=\"c66b0ad\" data-element_type=\"container\" data-e-type=\"container\">\n\t\t<div class=\"elementor-element elementor-element-0f1b569 e-con-full e-flex e-con e-child\" data-id=\"0f1b569\" data-element_type=\"container\" data-e-type=\"container\">\n\t\t\t\t<div class=\"elementor-element elementor-element-9aa5b7e elementor-widget elementor-widget-image\" data-id=\"9aa5b7e\" data-element_type=\"widget\" data-e-type=\"widget\" data-widget_type=\"image.default\">\n\t\t\t\t<div class=\"elementor-widget-container\">\n\t\t\t\t\t\t\t\t\t\t\t\t\t\t\t<img fetchpriority=\"high\" decoding=\"async\" width=\"1024\" height=\"586\" src=\"https:\/\/balticlocalize.com\/wp-content\/uploads\/2025\/12\/free-wordpress-translation-packs-lithuanian-latvian-estonian-1024x586.png\" class=\"attachment-large size-large wp-image-9465\" alt=\"Bezmaksas WordPress tulko\u0161anas pakotnes un r\u012bki. 3D vizualiz\u0101cija ar Lietuvas, Latvijas un Igaunijas karogiem, kas savienoti kop\u0113j\u0101 lokaliz\u0101cijas t\u012bkl\u0101.\" srcset=\"https:\/\/balticlocalize.com\/wp-content\/uploads\/2025\/12\/free-wordpress-translation-packs-lithuanian-latvian-estonian-1024x586.png 1024w, https:\/\/balticlocalize.com\/wp-content\/uploads\/2025\/12\/free-wordpress-translation-packs-lithuanian-latvian-estonian-300x172.png 300w, https:\/\/balticlocalize.com\/wp-content\/uploads\/2025\/12\/free-wordpress-translation-packs-lithuanian-latvian-estonian-768x440.png 768w, https:\/\/balticlocalize.com\/wp-content\/uploads\/2025\/12\/free-wordpress-translation-packs-lithuanian-latvian-estonian.png 1062w\" sizes=\"(max-width: 1024px) 100vw, 1024px\" \/>\t\t\t\t\t\t\t\t\t\t\t\t\t\t\t<\/div>\n\t\t\t\t<\/div>\n\t\t\t\t<div class=\"elementor-element elementor-element-1cf5983 elementor-widget-divider--view-line elementor-widget elementor-widget-divider\" data-id=\"1cf5983\" data-element_type=\"widget\" data-e-type=\"widget\" data-widget_type=\"divider.default\">\n\t\t\t\t<div class=\"elementor-widget-container\">\n\t\t\t\t\t\t\t<div class=\"elementor-divider\">\n\t\t\t<span class=\"elementor-divider-separator\">\n\t\t\t\t\t\t<\/span>\n\t\t<\/div>\n\t\t\t\t\t\t<\/div>\n\t\t\t\t<\/div>\n\t\t\t\t<div class=\"elementor-element elementor-element-72cdbde elementor-widget elementor-widget-text-editor\" data-id=\"72cdbde\" data-element_type=\"widget\" data-e-type=\"widget\" data-widget_type=\"text-editor.default\">\n\t\t\t\t<div class=\"elementor-widget-container\">\n\t\t\t\t\t\t\t\t\t<p style=\"font-size: 1.05rem; line-height: 1.6; color: #374151; margin-bottom: 25px;\">Sperat pirmos so\u013cus \u201eWordPress\u201c pasaul\u0113? Ang\u013cu valodas termini \u0161\u0137iet mulsino\u0161i un baid\u0101ties \u201ekaut ko saboj\u0101t\u201c? J\u016bs neesat vieni. S\u0101ciet savu ce\u013cojumu ar pamata kopienas pakotn\u0113m. Lejupiel\u0101d\u0113jiet failus un nekav\u0113joties padariet sist\u0113mu saprotamu \u2013 lai j\u016bs var\u0113tu koncentr\u0113ties uz rad\u012b\u0161anu, nevis uz tehnisko v\u0101rdn\u012bcu.<\/p>\n\n<p style=\"font-size: 1rem; color: #111827; margin-bottom: 15px;\"><b>Kam ir paredz\u0113ti \u0161ie bezmaksas faili?<\/b><\/p>\n\n<ul style=\"list-style: none; padding-left: 0; margin: 0;\">\n  <li style=\"margin-bottom: 15px; line-height: 1.5; color: #374151;\">\n    <b style=\"color: #111827; display: block; margin-bottom: 5px;\">Neatkar\u012bgiem izstr\u0101d\u0101t\u0101jiem:<\/b>\n    Kad sist\u0113ma run\u0101 j\u016bsu dzimtaj\u0101 valod\u0101, paz\u016bd bailes k\u013c\u016bd\u012bties. Dro\u0161i spiediet pogas un redziet, k\u0101 darbojas \u201eWordPress\u201c lo\u0123ika.\n  <\/li>\n  <li style=\"margin-bottom: 15px; line-height: 1.5; color: #374151;\">\n    <b style=\"color: #111827; display: block; margin-bottom: 5px;\">Izgl\u012bt\u012bbas iest\u0101d\u0113m un kursiem:<\/b>\n    Lielisks r\u012bks apm\u0101c\u012bb\u0101m. \u013baujiet skol\u0113niem uzreiz m\u0101c\u012bties viet\u0146u veido\u0161anu, nevis tehnisko ang\u013cu valodu.\n  <\/li>\n  <li style=\"margin-bottom: 0; line-height: 1.5; color: #374151;\">\n    <b style=\"color: #111827; display: block; margin-bottom: 5px;\">A\u0123ent\u016br\u0101m (test\u0113\u0161anai):<\/b>\n    Izm\u0113\u0123iniet in\u017eeniertehnisko standartu bez jebk\u0101da riska, pirms p\u0101riet pie \u201ePremium\u201c risin\u0101jumiem lieliem projektiem.\n  <\/li>\n<\/ul>\t\t\t\t\t\t\t\t<\/div>\n\t\t\t\t<\/div>\n\t\t\t\t<\/div>\n\t\t\t\t<\/div>\n\t\t<div class=\"elementor-element elementor-element-d0f8a75 e-con-full e-flex e-con e-child\" data-id=\"d0f8a75\" data-element_type=\"container\" data-e-type=\"container\">\n\t\t\t\t<div class=\"elementor-element elementor-element-86e4dc2 elementor-widget elementor-widget-heading\" data-id=\"86e4dc2\" data-element_type=\"widget\" data-e-type=\"widget\" data-widget_type=\"heading.default\">\n\t\t\t\t<div class=\"elementor-widget-container\">\n\t\t\t\t\t<h2 class=\"elementor-heading-title elementor-size-default\">Radiet drosm\u012bgi. Valodas barjera nedr\u012bkst aptur\u0113t J\u016bsu idejas.<\/h2>\t\t\t\t<\/div>\n\t\t\t\t<\/div>\n\t\t\t\t<div class=\"elementor-element elementor-element-5b438ab elementor-widget elementor-widget-text-editor\" data-id=\"5b438ab\" data-element_type=\"widget\" data-e-type=\"widget\" data-widget_type=\"text-editor.default\">\n\t\t\t\t<div class=\"elementor-widget-container\">\n\t\t\t\t\t\t\t\t\t<h3 style=\"margin-bottom: 15px; font-size: 1.25rem; line-height: 1.4; color: #111827;\">\u0160eit atrad\u012bsiet galvenos \u201eWordPress\u201c spraud\u0146u lokaliz\u0101cijas failus (.po\/.mo), kas pal\u012bdz\u0113s jums str\u0101d\u0101t \u0101tr\u0101k un profesion\u0101l\u0101k.<\/h3>\n\n<p style=\"margin-bottom: 25px; line-height: 1.6; color: #374151;\"><b>\u201eLoco Translate\u201c (latvie\u0161u saskarne)<\/b><br>\nBeidziet min\u0113t, ko noz\u012bm\u0113 sare\u017e\u0123\u012bti tehniskie termini. Lejupiel\u0101d\u0113jiet pilnu pa\u0161a <b>\u201eLoco Translate\u201c spraud\u0146a p\u0101rvald\u012bbas vides<\/b> tulkojumu. T\u0101 ir mana d\u0101vana kopienai.<\/p>\n\n<p style=\"margin-bottom: 15px; font-size: 1.05rem; color: #111827;\"><b>K\u0101p\u0113c izv\u0113l\u0113ties \u201eBalticLocalize\u201c tulkojumus?<\/b><\/p>\n\n<ul style=\"list-style: none; padding-left: 0; margin-bottom: 30px;\">\n  <li style=\"margin-bottom: 15px; display: flex; align-items: flex-start;\">\n    <span style=\"color: #22c55e; margin-right: 12px; font-size: 18px; line-height: 1.3;\">\u2705<\/span>\n    <span style=\"line-height: 1.5; color: #374151;\"><b>In\u017eeniertehnisk\u0101 kvalit\u0101te:<\/b> pat bezmaksas pakotnes ir p\u0101rbaud\u012btas ar \u201ePoedit\u201c, nodro\u0161inot 100 % precizit\u0101ti.<\/span>\n  <\/li>\n  <li style=\"margin-bottom: 15px; display: flex; align-items: flex-start;\">\n    <span style=\"color: #22c55e; margin-right: 12px; font-size: 18px; line-height: 1.3;\">\u2705<\/span>\n    <span style=\"line-height: 1.5; color: #374151;\"><b>Gatavs lieto\u0161anai:<\/b> vienk\u0101r\u0161i aug\u0161upiel\u0101d\u0113jiet failus sav\u0101 server\u012b un atsvaidziniet lapu.<\/span>\n  <\/li>\n  <li style=\"margin-bottom: 15px; display: flex; align-items: flex-start;\">\n    <span style=\"color: #22c55e; margin-right: 12px; font-size: 18px; line-height: 1.3;\">\u2705<\/span>\n    <span style=\"line-height: 1.5; color: #374151;\"><b>Ce\u013c\u0161 uz \u201ePremium\u201c:<\/b> pat\u012bk kvalit\u0101te? Apskatiet manus pilnos <b>\u201eAstra\u201c t\u0113mas<\/b> un <b>\u201eElementor Pro\u201c<\/b> tulkojumu pakotnes v\u0113l sare\u017e\u0123\u012bt\u0101kiem projektiem.<\/span>\n  <\/li>\n<\/ul>\n\n<div style=\"background-color: #f8fafc; border-left: 4px solid #059669; padding: 15px 20px; border-radius: 4px;\">\n  <p style=\"margin-bottom: 8px; font-size: 0.95rem; color: #111827;\"><b>K\u0101 lejupiel\u0101d\u0113t bez maksas?<\/b><\/p>\n  <p style=\"margin-bottom: 12px; font-size: 0.9rem; line-height: 1.6; color: #4b5563;\">Izv\u0113lieties r\u012bku zem\u0101k un noklik\u0161\u0137iniet uz <b>\u201ePievienot grozam\u201c<\/b>. P\u0113c bezmaksas pas\u016bt\u012bjuma (0,00 \u20ac) pabeig\u0161anas j\u016bs tiksiet novirz\u012bts uz apstiprin\u0101juma lapu, kur atrad\u012bsiet <b>tie\u0161u lejupiel\u0101des saiti<\/b> uz sagatavotajiem failiem.<\/p>\n  <p style=\"margin-bottom: 0; font-size: 0.9rem; font-weight: bold; color: #111827;\">Noklik\u0161\u0137iniet uz \u201ePievienot grozam\u201c un lejupiel\u0101d\u0113jiet failus uzreiz. Nek\u0101du sl\u0113ptu maksu.<\/p>\n<\/div>\t\t\t\t\t\t\t\t<\/div>\n\t\t\t\t<\/div>\n\t\t\t\t<\/div>\n\t\t\t\t\t<\/div>\n\t\t\t\t<\/div>\n\t\t<div class=\"elementor-element elementor-element-fbf9486 e-flex e-con-boxed e-con e-parent\" data-id=\"fbf9486\" data-element_type=\"container\" data-e-type=\"container\" data-settings=\"{&quot;background_background&quot;:&quot;classic&quot;}\">\n\t\t\t\t\t<div class=\"e-con-inner\">\n\t\t\t\t<div class=\"elementor-element elementor-element-e497829 elementor-widget-divider--view-line elementor-widget elementor-widget-divider\" data-id=\"e497829\" data-element_type=\"widget\" data-e-type=\"widget\" data-widget_type=\"divider.default\">\n\t\t\t\t<div class=\"elementor-widget-container\">\n\t\t\t\t\t\t\t<div class=\"elementor-divider\">\n\t\t\t<span class=\"elementor-divider-separator\">\n\t\t\t\t\t\t<\/span>\n\t\t<\/div>\n\t\t\t\t\t\t<\/div>\n\t\t\t\t<\/div>\n\t\t\t\t<div class=\"elementor-element elementor-element-ec1113b elementor-widget elementor-widget-heading\" data-id=\"ec1113b\" data-element_type=\"widget\" data-e-type=\"widget\" data-widget_type=\"heading.default\">\n\t\t\t\t<div class=\"elementor-widget-container\">\n\t\t\t\t\t<h3 class=\"elementor-heading-title elementor-size-default\">Izv\u0113lieties tulkojumu un s\u0101ciet<\/h3>\t\t\t\t<\/div>\n\t\t\t\t<\/div>\n\t\t\t\t<div class=\"elementor-element elementor-element-906e79c elementor-widget elementor-widget-shortcode\" data-id=\"906e79c\" data-element_type=\"widget\" data-e-type=\"widget\" data-widget_type=\"shortcode.default\">\n\t\t\t\t<div class=\"elementor-widget-container\">\n\t\t\t\t\t\t\t<div class=\"elementor-shortcode\">\n\t\t<div class=\"edd_downloads_list edd_download_columns_3 \">\n\n\t\t\t\n\t\t\t\n<div class=\"edd_download align-center box-shadow-0 box-shadow-0-hover\" id=\"edd_download_11253\">\n\n\t<div class=\"edd_download_inner\">\n\n\t\t\t<div class=\"edd_download_image\">\n\t\t<a href=\"https:\/\/balticlocalize.com\/lv\/downloads\/loco-translate-lietuviesu-valodas-tulkojums\/\">\n\t\t\t<img decoding=\"async\" width=\"150\" height=\"150\" src=\"https:\/\/balticlocalize.com\/wp-content\/uploads\/2025\/12\/balticlocalize-loco-translate-nemokamai-box-1-150x150.png\" class=\"attachment-thumbnail size-thumbnail wp-post-image\" alt=\"Loco Translate \u2013 Lietuvi\u0173 Kalbos Vertimas (Nemokamai)\" \/>\t\t<\/a>\n\t<\/div>\n<h3 class=\"edd_download_title\"><a href=\"https:\/\/balticlocalize.com\/lv\/downloads\/loco-translate-lietuviesu-valodas-tulkojums\/\">Loco Translate \u2013 lietuvie\u0161u valodas tulkojums<\/a><\/h3>\n\n<div class=\"edd_download_excerpt\">\n\t<style>\n.bllo-lv-mini-btn-dl {\n  display: block;\n  background: linear-gradient(135deg, #059669, #047857);\n  color: #ffffff !important;\n  padding: 11px 16px;\n  border-radius: 8px;\n  font-size: 13px;\n  font-weight: 700;\n  text-decoration: none;\n  margin-bottom: 8px;\n  transition: transform 0.2s ease, box-shadow 0.2s ease, background 0.2s ease;\n  animation: bllo-lv-mini-pulse 2.5s ease-in-out infinite;\n}\n.bllo-lv-mini-btn-dl:hover {\n  transform: translateY(-2px);\n  box-shadow: 0 6px 18px rgba(5,150,105,0.4);\n  background: linear-gradient(135deg, #047857, #065f46);\n  color: #ffffff !important;\n  animation: none;\n}\n.bllo-lv-mini-btn-dl:active { transform: translateY(0); color: #ffffff !important; }\n.bllo-lv-mini-btn-dl:visited { color: #ffffff !important; }\n.bllo-lv-mini-btn-desc {\n  display: block;\n  background: #ecfdf5;\n  color: #059669;\n  padding: 9px 16px;\n  border-radius: 8px;\n  font-size: 12px;\n  font-weight: 600;\n  text-decoration: none;\n  border: 1px solid #6ee7b7;\n  transition: background 0.2s ease, border-color 0.2s ease;\n}\n.bllo-lv-mini-btn-desc:hover { background: #d1fae5; border-color: #059669; }\n@keyframes bllo-lv-mini-pulse {\n  0%, 100% { box-shadow: 0 0 0 0 rgba(5,150,105,0.35); }\n  50%       { box-shadow: 0 0 0 6px rgba(5,150,105,0); }\n}\n<\/style>\n<div style=\"font-family:-apple-system,BlinkMacSystemFont,'Segoe UI',sans-serif;max-width:320px;margin:0 auto;border-radius:14px;overflow:hidden;box-shadow:0 8px 24px rgba(5,150,105,0.15);border:1px solid #d1fae5;\">\n<div style=\"background:linear-gradient(135deg,#059669,#047857);padding:18px 20px;text-align:center;\">\n<div style=\"font-size:10px;color:rgba(255,255,255,0.7);text-transform:uppercase;letter-spacing:1.5px;margin-bottom:6px;\">\ud83d\udd27 Tulko\u0161anas r\u012bks<\/div>\n<div style=\"font-size:17px;font-weight:800;color:#ffffff;line-height:1.3;\">\ud83c\udf81 Loco Translate \u2013 bezmaksas lietuvie\u0161u valodas tulkojums<\/div>\n<div style=\"font-size:10px;color:rgba(255,255,255,0.65);margin-top:4px;letter-spacing:0.5px;\">Lietuvie\u0161u valoda \u00b7 Ieejas punkts veikal\u0101<\/div>\n<\/p>\n<\/div>\n<div style=\"background:#f0fdf4;padding:18px 20px;text-align:center;\">\n<div style=\"font-size:28px;font-weight:900;color:#047857;margin-bottom:4px;\">BEZMAKSAS<\/div>\n<div style=\"font-size:11px;color:#64748b;margin-bottom:14px;\">Piln\u012bgi bezmaksas \u00b7 Lejupiel\u0101de uzreiz<\/div>\n<div style=\"font-size:11px;font-weight:700;color:#047857;text-align:center;margin-bottom:8px;letter-spacing:0.3px;\">Nov\u0113rt\u0113jam J\u016bsu uztic\u012bbu<\/div>\n<div style=\"background:linear-gradient(135deg,#ecfdf5,#d1fae5);border:1px solid #10b981;border-radius:10px;padding:14px 16px;margin-bottom:14px;text-align:center;\">\n<div style=\"font-size:10px;font-weight:700;color:#059669;letter-spacing:1.5px;text-transform:uppercase;margin-bottom:8px;\">\ud83c\udf81 person\u012bga d\u0101vani\u0146a<\/div>\n<div style=\"font-size:12px;font-weight:600;color:#064e3b;margin-bottom:6px;line-height:1.5;\">ZIP iek\u0161\u0101 atrad\u012bsiet<br \/><span style=\"background:#d1fae5;border:1px solid #6ee7b7;padding:2px 8px;border-radius:4px;font-family:'Courier New',monospace;font-size:11px;display:inline-block;margin:4px 0;\">20% atlaides kodu<\/span><br \/>vis\u0101m maksas pakotn\u0113m.<\/div>\n<div style=\"font-size:11px;color:#047857;margin-top:4px;\">Paldies par uztic\u012bbu \ud83e\udd1d<\/div>\n<\/p>\n<\/div>\n<p>    <a class=\"bllo-lv-mini-btn-dl\" href=\"https:\/\/balticlocalize.com\/lv\/noformet-pasutijumu\/?edd_action=add_to_cart&#038;download_id=11253\">\u2b07\ufe0f Lejupiel\u0101d\u0113t bezmaksas<\/a><br \/>\n    <a class=\"bllo-lv-mini-btn-desc\" href=\"https:\/\/balticlocalize.com\/lv\/downloads\/loco-translate-lietuviesu-valodas-tulkojums\/\">\ud83d\udcd6 Skat\u012bt aprakstu \u2192<\/a>\n  <\/div>\n<\/div>\n<\/div>\n<div class=\"edd_download_buy_button\">\n\t\n\t\t\t<form id=\"edd_purchase_11253\" class=\"edd_download_purchase_form\">\n\t\t\t\t\t\t\t\t<div class=\"edd_free_downloads_form_class\">\n\t\t\t\t\t<a class=\"button has-edd-button-background-color has-edd-button-text-color edd-submit edd-submit edd-free-download edd-free-download-single\" href=\"#edd-free-download-modal\" data-download-id=\"11253\">Download Now<\/a>\t\t\t\t<\/div>\n\t\t\t\t\t\t\t<\/form>\n\n\t\t\t<\/div>\n\n\t<\/div>\n\n<\/div>\n\n\t\t\t\n\t\t\t\n\t\t<\/div>\n\n\t\t<\/div>\n\t\t\t\t\t\t<\/div>\n\t\t\t\t<\/div>\n\t\t\t\t\t<\/div>\n\t\t\t\t<\/div>\n\t\t<div class=\"elementor-element elementor-element-cd33876 e-flex e-con-boxed e-con e-parent\" data-id=\"cd33876\" data-element_type=\"container\" data-e-type=\"container\" data-settings=\"{&quot;background_background&quot;:&quot;classic&quot;}\">\n\t\t\t\t\t<div class=\"e-con-inner\">\n\t\t\t\t\t<\/div>\n\t\t\t\t<\/div>\n\t\t\t\t<\/div>\n\t\t","protected":false},"excerpt":{"rendered":"<p>Profesion\u0101las bezmaksas tulko\u0161anas pakotnes WordPress spraud\u0146iem Sperat pirmos so\u013cus \u201eWordPress\u201c pasaul\u0113? Ang\u013cu valodas termini \u0161\u0137iet mulsino\u0161i un baid\u0101ties \u201ekaut ko saboj\u0101t\u201c? J\u016bs neesat vieni. S\u0101ciet savu ce\u013cojumu ar pamata kopienas pakotn\u0113m. Lejupiel\u0101d\u0113jiet failus un nekav\u0113joties padariet sist\u0113mu saprotamu \u2013 lai j\u016bs var\u0113tu koncentr\u0113ties uz rad\u012b\u0161anu, nevis uz tehnisko v\u0101rdn\u012bcu. Kam ir paredz\u0113ti \u0161ie bezmaksas faili? Neatkar\u012bgiem izstr\u0101d\u0101t\u0101jiem: Kad sist\u0113ma run\u0101 j\u016bsu dzimtaj\u0101 valod\u0101, paz\u016bd bailes k\u013c\u016bd\u012bties. Dro\u0161i spiediet pogas un redziet, k\u0101 darbojas \u201eWordPress\u201c lo\u0123ika. Izgl\u012bt\u012bbas iest\u0101d\u0113m un kursiem: Lielisks r\u012bks apm\u0101c\u012bb\u0101m. \u013baujiet skol\u0113niem uzreiz m\u0101c\u012bties viet\u0146u veido\u0161anu, nevis tehnisko ang\u013cu valodu. A\u0123ent\u016br\u0101m (test\u0113\u0161anai): Izm\u0113\u0123iniet in\u017eeniertehnisko standartu bez jebk\u0101da riska, pirms p\u0101riet pie \u201ePremium\u201c risin\u0101jumiem lieliem projektiem. Radiet drosm\u012bgi. Valodas barjera nedr\u012bkst aptur\u0113t J\u016bsu idejas. \u0160eit atrad\u012bsiet galvenos \u201eWordPress\u201c spraud\u0146u lokaliz\u0101cijas failus (.po\/.mo), kas pal\u012bdz\u0113s jums str\u0101d\u0101t \u0101tr\u0101k un profesion\u0101l\u0101k. \u201eLoco Translate\u201c (latvie\u0161u saskarne) Beidziet min\u0113t, ko noz\u012bm\u0113 sare\u017e\u0123\u012bti tehniskie termini. Lejupiel\u0101d\u0113jiet pilnu pa\u0161a \u201eLoco Translate\u201c spraud\u0146a p\u0101rvald\u012bbas vides tulkojumu. T\u0101 ir mana d\u0101vana kopienai. K\u0101p\u0113c izv\u0113l\u0113ties \u201eBalticLocalize\u201c tulkojumus? \u2705 [&hellip;]<\/p>\n","protected":false},"author":1,"featured_media":0,"parent":0,"menu_order":0,"comment_status":"closed","ping_status":"closed","template":"","meta":{"site-sidebar-layout":"no-sidebar","site-content-layout":"page-builder","ast-site-content-layout":"full-width-container","site-content-style":"default","site-sidebar-style":"default","ast-global-header-display":"","ast-banner-title-visibility":"","ast-main-header-display":"","ast-hfb-above-header-display":"","ast-hfb-below-header-display":"","ast-hfb-mobile-header-display":"","site-post-title":"disabled","ast-breadcrumbs-content":"","ast-featured-img":"disabled","footer-sml-layout":"","ast-disable-related-posts":"","theme-transparent-header-meta":"","adv-header-id-meta":"","stick-header-meta":"","header-above-stick-meta":"","header-main-stick-meta":"","header-below-stick-meta":"","astra-migrate-meta-layouts":"default","ast-page-background-enabled":"default","ast-page-background-meta":{"desktop":{"background-color":"var(--ast-global-color-4)","background-image":"","background-repeat":"repeat","background-position":"center center","background-size":"auto","background-attachment":"scroll","background-type":"","background-media":"","overlay-type":"","overlay-color":"","overlay-opacity":"","overlay-gradient":""},"tablet":{"background-color":"","background-image":"","background-repeat":"repeat","background-position":"center center","background-size":"auto","background-attachment":"scroll","background-type":"","background-media":"","overlay-type":"","overlay-color":"","overlay-opacity":"","overlay-gradient":""},"mobile":{"background-color":"","background-image":"","background-repeat":"repeat","background-position":"center center","background-size":"auto","background-attachment":"scroll","background-type":"","background-media":"","overlay-type":"","overlay-color":"","overlay-opacity":"","overlay-gradient":""}},"ast-content-background-meta":{"desktop":{"background-color":"var(--ast-global-color-5)","background-image":"","background-repeat":"repeat","background-position":"center center","background-size":"auto","background-attachment":"scroll","background-type":"","background-media":"","overlay-type":"","overlay-color":"","overlay-opacity":"","overlay-gradient":""},"tablet":{"background-color":"var(--ast-global-color-5)","background-image":"","background-repeat":"repeat","background-position":"center center","background-size":"auto","background-attachment":"scroll","background-type":"","background-media":"","overlay-type":"","overlay-color":"","overlay-opacity":"","overlay-gradient":""},"mobile":{"background-color":"var(--ast-global-color-5)","background-image":"","background-repeat":"repeat","background-position":"center center","background-size":"auto","background-attachment":"scroll","background-type":"","background-media":"","overlay-type":"","overlay-color":"","overlay-opacity":"","overlay-gradient":""}},"footnotes":""},"class_list":["post-9464","page","type-page","status-publish","hentry"],"aioseo_notices":[],"_hostinger_reach_plugin_has_subscription_block":false,"_hostinger_reach_plugin_is_elementor":false,"_links":{"self":[{"href":"https:\/\/balticlocalize.com\/lv\/wp-json\/wp\/v2\/pages\/9464","targetHints":{"allow":["GET"]}}],"collection":[{"href":"https:\/\/balticlocalize.com\/lv\/wp-json\/wp\/v2\/pages"}],"about":[{"href":"https:\/\/balticlocalize.com\/lv\/wp-json\/wp\/v2\/types\/page"}],"author":[{"embeddable":true,"href":"https:\/\/balticlocalize.com\/lv\/wp-json\/wp\/v2\/users\/1"}],"replies":[{"embeddable":true,"href":"https:\/\/balticlocalize.com\/lv\/wp-json\/wp\/v2\/comments?post=9464"}],"version-history":[{"count":0,"href":"https:\/\/balticlocalize.com\/lv\/wp-json\/wp\/v2\/pages\/9464\/revisions"}],"wp:attachment":[{"href":"https:\/\/balticlocalize.com\/lv\/wp-json\/wp\/v2\/media?parent=9464"}],"curies":[{"name":"wp","href":"https:\/\/api.w.org\/{rel}","templated":true}]}}